{"id":24480,"date":"2022-12-04T22:06:06","date_gmt":"2022-12-04T19:06:06","guid":{"rendered":"https:\/\/hisaronuziraat.com\/site\/?post_type=product&#038;p=24480"},"modified":"2025-11-03T22:44:04","modified_gmt":"2025-11-03T19:44:04","slug":"biber-yalova-yaglik-28-salcalik-500-gr","status":"publish","type":"product","link":"https:\/\/hisaronuziraat.com\/index.php\/urun\/biber-yalova-yaglik-28-salcalik-500-gr\/","title":{"rendered":"Biber Yalova Ya\u011fl\u0131k-28 (Sal\u00e7al\u0131k) 500 gr"},"content":{"rendered":"<p>Teneke 500 gr<\/p>\n<ul>\n<li>Kal\u0131n etli bir biber \u00e7e\u015fidi oldu\u011fu i\u00e7in sal\u00e7a ve konserve sanayinde kullan\u0131l\u0131r<\/li>\n<\/ul>\n<ul>\n<li>Bodur g\u00f6r\u00fcn\u00fcml\u00fc bitki al\u00e7aktan dallan\u0131r ve bol yaprakl\u0131d\u0131r<\/li>\n<\/ul>\n<ul>\n<li>Meyveleri geni\u015f yass\u0131 14-16 cm boyundad\u0131r<\/li>\n<\/ul>\n<ul>\n<li>Meyve eti kal\u0131nl\u0131\u011f\u0131 2,5-3 mm&#8217;dir<\/li>\n<\/ul>\n<ul>\n<li>Dekara 3,5-4 ton aras\u0131nda olup verimli bir \u00e7e\u015fittir<\/li>\n<\/ul>\n","protected":false},"excerpt":{"rendered":"<p>Teneke 500 gr Kal\u0131n etli bir biber \u00e7e\u015fidi oldu\u011fu i\u00e7in sal\u00e7a ve konserve sanayinde kullan\u0131l\u0131r Bodur g\u00f6r\u00fcn\u00fcml\u00fc bitki al\u00e7aktan dallan\u0131r ve bol yaprakl\u0131d\u0131r Meyveleri geni\u015f yass\u0131 14-16 cm boyundad\u0131r Meyve eti kal\u0131nl\u0131\u011f\u0131 2,5-3 mm&#8217;dir Dekara 3,5-4 ton aras\u0131nda olup verimli bir \u00e7e\u015fittir<\/p>\n","protected":false},"featured_media":24748,"comment_status":"open","ping_status":"closed","template":"","meta":[],"product_cat":[90],"product_tag":[],"class_list":{"0":"post-24480","1":"product","2":"type-product","3":"status-publish","4":"has-post-thumbnail","6":"product_cat-sebze","7":"product_brand-kucuk-ciftlik","9":"first","10":"instock","11":"shipping-taxable","12":"purchasable","13":"product-type-simple"},"_links":{"self":[{"href":"https:\/\/hisaronuziraat.com\/index.php\/wp-json\/wp\/v2\/product\/24480","targetHints":{"allow":["GET"]}}],"collection":[{"href":"https:\/\/hisaronuziraat.com\/index.php\/wp-json\/wp\/v2\/product"}],"about":[{"href":"https:\/\/hisaronuziraat.com\/index.php\/wp-json\/wp\/v2\/types\/product"}],"replies":[{"embeddable":true,"href":"https:\/\/hisaronuziraat.com\/index.php\/wp-json\/wp\/v2\/comments?post=24480"}],"wp:featuredmedia":[{"embeddable":true,"href":"https:\/\/hisaronuziraat.com\/index.php\/wp-json\/wp\/v2\/media\/24748"}],"wp:attachment":[{"href":"https:\/\/hisaronuziraat.com\/index.php\/wp-json\/wp\/v2\/media?parent=24480"}],"wp:term":[{"taxonomy":"product_cat","embeddable":true,"href":"https:\/\/hisaronuziraat.com\/index.php\/wp-json\/wp\/v2\/product_cat?post=24480"},{"taxonomy":"product_tag","embeddable":true,"href":"https:\/\/hisaronuziraat.com\/index.php\/wp-json\/wp\/v2\/product_tag?post=24480"}],"curies":[{"name":"wp","href":"https:\/\/api.w.org\/{rel}","templated":true}]}}