{"id":24479,"date":"2022-12-04T22:06:06","date_gmt":"2022-12-04T19:06:06","guid":{"rendered":"https:\/\/hisaronuziraat.com\/site\/?post_type=product&amp;p=24479"},"modified":"2022-12-04T22:06:06","modified_gmt":"2022-12-04T19:06:06","slug":"biber-sera-demre-8","status":"publish","type":"product","link":"https:\/\/hisaronuziraat.com\/index.php\/urun\/biber-sera-demre-8\/","title":{"rendered":"Biber Sera Demre 8 &#8211; 500gr"},"content":{"rendered":"<p>Teneke 500 gr<\/p>\n<p>A\u00e7\u0131k tarla ve \u00f6rt\u00fc alt\u0131nda yeti\u015ftirilen bir biber \u00e7e\u015fididir. Meyve koyu ye\u015fil renkli, uzun sivri ve konik \u015fekillidir. Meyve boyu 18-20 cm civar\u0131nda, bitki yap\u0131s\u0131 \u00e7ok kuvvetlidir. Bitki boyu 70-75 cm boyunda ve \u00e7ok dall\u0131d\u0131r. Fide dikiminden itibaren ilk hasat s\u00fcresi 50-55 g\u00fcn olup, hasat s\u00fcresi uzundur. \u0130yi \u015fartlarda dekara 3,5-4 ton verim al\u0131nmaktad\u0131r. Meyvelerin en b\u00fcy\u00fck \u00f6zelli\u011fi k\u00f6rpe iken tatl\u0131, kartla\u015ft\u0131k\u00e7a ac\u0131la\u015fabilmesidir. Nakliyeye elveri\u015fli verimli bir \u00e7e\u015fittir.<\/p>\n","protected":false},"excerpt":{"rendered":"<p>Teneke 500 gr A\u00e7\u0131k tarla ve \u00f6rt\u00fc alt\u0131nda yeti\u015ftirilen bir biber \u00e7e\u015fididir. Meyve koyu ye\u015fil renkli, uzun sivri ve konik \u015fekillidir. Meyve boyu 18-20 cm civar\u0131nda, bitki yap\u0131s\u0131 \u00e7ok kuvvetlidir. Bitki boyu 70-75 cm boyunda ve \u00e7ok dall\u0131d\u0131r. Fide dikiminden itibaren ilk hasat s\u00fcresi 50-55 g\u00fcn olup, hasat s\u00fcresi uzundur. \u0130yi \u015fartlarda dekara 3,5-4 ton [&hellip;]<\/p>\n","protected":false},"featured_media":24740,"comment_status":"open","ping_status":"closed","template":"","meta":[],"product_cat":[90],"product_tag":[],"class_list":{"0":"post-24479","1":"product","2":"type-product","3":"status-publish","4":"has-post-thumbnail","6":"product_cat-sebze","7":"product_brand-kucuk-ciftlik","9":"first","10":"instock","11":"taxable","12":"shipping-taxable","13":"purchasable","14":"product-type-simple"},"_links":{"self":[{"href":"https:\/\/hisaronuziraat.com\/index.php\/wp-json\/wp\/v2\/product\/24479","targetHints":{"allow":["GET"]}}],"collection":[{"href":"https:\/\/hisaronuziraat.com\/index.php\/wp-json\/wp\/v2\/product"}],"about":[{"href":"https:\/\/hisaronuziraat.com\/index.php\/wp-json\/wp\/v2\/types\/product"}],"replies":[{"embeddable":true,"href":"https:\/\/hisaronuziraat.com\/index.php\/wp-json\/wp\/v2\/comments?post=24479"}],"wp:featuredmedia":[{"embeddable":true,"href":"https:\/\/hisaronuziraat.com\/index.php\/wp-json\/wp\/v2\/media\/24740"}],"wp:attachment":[{"href":"https:\/\/hisaronuziraat.com\/index.php\/wp-json\/wp\/v2\/media?parent=24479"}],"wp:term":[{"taxonomy":"product_cat","embeddable":true,"href":"https:\/\/hisaronuziraat.com\/index.php\/wp-json\/wp\/v2\/product_cat?post=24479"},{"taxonomy":"product_tag","embeddable":true,"href":"https:\/\/hisaronuziraat.com\/index.php\/wp-json\/wp\/v2\/product_tag?post=24479"}],"curies":[{"name":"wp","href":"https:\/\/api.w.org\/{rel}","templated":true}]}}