{"id":24475,"date":"2022-12-04T22:05:52","date_gmt":"2022-12-04T19:05:52","guid":{"rendered":"https:\/\/hisaronuziraat.com\/site\/?post_type=product&#038;p=24475"},"modified":"2025-11-03T22:44:29","modified_gmt":"2025-11-03T19:44:29","slug":"biber-yalova-carliston-341","status":"publish","type":"product","link":"https:\/\/hisaronuziraat.com\/index.php\/urun\/biber-yalova-carliston-341\/","title":{"rendered":"Biber Yalova \u00c7arliston -341 25gr"},"content":{"rendered":"<ul>\n<li>A\u00e7\u0131k tarla yeti\u015ftiricili\u011fine uygun bir biber \u00e7e\u015fididir<\/li>\n<\/ul>\n<ul>\n<li>Bitki yap\u0131s\u0131 orta b\u00fcy\u00fckl\u00fcktedir<\/li>\n<\/ul>\n<ul>\n<li>Meyve uzunlu\u011fu 16-18 cm olup, sap k\u0131sm\u0131 3 cm dir<\/li>\n<\/ul>\n<ul>\n<li>Meyve rengi a\u00e7\u0131k ye\u015fil, verimi \u00e7ok y\u00fcksek bir \u00e7e\u015fittir<\/li>\n<\/ul>\n","protected":false},"excerpt":{"rendered":"<p>A\u00e7\u0131k tarla yeti\u015ftiricili\u011fine uygun bir biber \u00e7e\u015fididir Bitki yap\u0131s\u0131 orta b\u00fcy\u00fckl\u00fcktedir Meyve uzunlu\u011fu 16-18 cm olup, sap k\u0131sm\u0131 3 cm dir Meyve rengi a\u00e7\u0131k ye\u015fil, verimi \u00e7ok y\u00fcksek bir \u00e7e\u015fittir<\/p>\n","protected":false},"featured_media":24759,"comment_status":"open","ping_status":"closed","template":"","meta":[],"product_cat":[90],"product_tag":[],"class_list":{"0":"post-24475","1":"product","2":"type-product","3":"status-publish","4":"has-post-thumbnail","6":"product_cat-sebze","7":"product_brand-kucuk-ciftlik","9":"first","10":"instock","11":"shipping-taxable","12":"purchasable","13":"product-type-simple"},"_links":{"self":[{"href":"https:\/\/hisaronuziraat.com\/index.php\/wp-json\/wp\/v2\/product\/24475","targetHints":{"allow":["GET"]}}],"collection":[{"href":"https:\/\/hisaronuziraat.com\/index.php\/wp-json\/wp\/v2\/product"}],"about":[{"href":"https:\/\/hisaronuziraat.com\/index.php\/wp-json\/wp\/v2\/types\/product"}],"replies":[{"embeddable":true,"href":"https:\/\/hisaronuziraat.com\/index.php\/wp-json\/wp\/v2\/comments?post=24475"}],"wp:featuredmedia":[{"embeddable":true,"href":"https:\/\/hisaronuziraat.com\/index.php\/wp-json\/wp\/v2\/media\/24759"}],"wp:attachment":[{"href":"https:\/\/hisaronuziraat.com\/index.php\/wp-json\/wp\/v2\/media?parent=24475"}],"wp:term":[{"taxonomy":"product_cat","embeddable":true,"href":"https:\/\/hisaronuziraat.com\/index.php\/wp-json\/wp\/v2\/product_cat?post=24475"},{"taxonomy":"product_tag","embeddable":true,"href":"https:\/\/hisaronuziraat.com\/index.php\/wp-json\/wp\/v2\/product_tag?post=24475"}],"curies":[{"name":"wp","href":"https:\/\/api.w.org\/{rel}","templated":true}]}}