{"id":24473,"date":"2022-12-04T22:05:52","date_gmt":"2022-12-04T19:05:52","guid":{"rendered":"https:\/\/hisaronuziraat.com\/site\/?post_type=product&#038;p=24473"},"modified":"2025-11-03T22:44:47","modified_gmt":"2025-11-03T19:44:47","slug":"biber-kandil-dolma-500-gr","status":"publish","type":"product","link":"https:\/\/hisaronuziraat.com\/index.php\/urun\/biber-kandil-dolma-500-gr\/","title":{"rendered":"Biber Kandil Dolma 500 gr"},"content":{"rendered":"<p>Teneke 500 gr<\/p>\n<p>Bitki bodur yap\u0131l\u0131d\u0131r. Ortalama 40 cm y\u00fckseklikte, \u00e7ok yaprakl\u0131 ve alttan dallanan bas\u0131k bir g\u00f6r\u00fcn\u00fcme sahiptir. Orta erkenci ve \u00e7ok verimli bir \u00e7e\u015fittir. Dekara verimi 4-6 tondur. Pazar olum devresi dikimden itibaren 50-55 g\u00fcn olup, uzun bir hasat d\u00f6nemi vard\u0131r.<\/p>\n","protected":false},"excerpt":{"rendered":"<p>Teneke 500 gr Bitki bodur yap\u0131l\u0131d\u0131r. Ortalama 40 cm y\u00fckseklikte, \u00e7ok yaprakl\u0131 ve alttan dallanan bas\u0131k bir g\u00f6r\u00fcn\u00fcme sahiptir. Orta erkenci ve \u00e7ok verimli bir \u00e7e\u015fittir. Dekara verimi 4-6 tondur. Pazar olum devresi dikimden itibaren 50-55 g\u00fcn olup, uzun bir hasat d\u00f6nemi vard\u0131r.<\/p>\n","protected":false},"featured_media":24477,"comment_status":"open","ping_status":"closed","template":"","meta":[],"product_cat":[90],"product_tag":[],"class_list":{"0":"post-24473","1":"product","2":"type-product","3":"status-publish","4":"has-post-thumbnail","6":"product_cat-sebze","7":"product_brand-kucuk-ciftlik","9":"first","10":"instock","11":"shipping-taxable","12":"purchasable","13":"product-type-simple"},"_links":{"self":[{"href":"https:\/\/hisaronuziraat.com\/index.php\/wp-json\/wp\/v2\/product\/24473","targetHints":{"allow":["GET"]}}],"collection":[{"href":"https:\/\/hisaronuziraat.com\/index.php\/wp-json\/wp\/v2\/product"}],"about":[{"href":"https:\/\/hisaronuziraat.com\/index.php\/wp-json\/wp\/v2\/types\/product"}],"replies":[{"embeddable":true,"href":"https:\/\/hisaronuziraat.com\/index.php\/wp-json\/wp\/v2\/comments?post=24473"}],"wp:featuredmedia":[{"embeddable":true,"href":"https:\/\/hisaronuziraat.com\/index.php\/wp-json\/wp\/v2\/media\/24477"}],"wp:attachment":[{"href":"https:\/\/hisaronuziraat.com\/index.php\/wp-json\/wp\/v2\/media?parent=24473"}],"wp:term":[{"taxonomy":"product_cat","embeddable":true,"href":"https:\/\/hisaronuziraat.com\/index.php\/wp-json\/wp\/v2\/product_cat?post=24473"},{"taxonomy":"product_tag","embeddable":true,"href":"https:\/\/hisaronuziraat.com\/index.php\/wp-json\/wp\/v2\/product_tag?post=24473"}],"curies":[{"name":"wp","href":"https:\/\/api.w.org\/{rel}","templated":true}]}}