{"id":24469,"date":"2022-12-04T22:05:51","date_gmt":"2022-12-04T19:05:51","guid":{"rendered":"https:\/\/hisaronuziraat.com\/site\/?post_type=product&#038;p=24469"},"modified":"2025-11-03T22:45:16","modified_gmt":"2025-11-03T19:45:16","slug":"turp-radish-10gr","status":"publish","type":"product","link":"https:\/\/hisaronuziraat.com\/index.php\/urun\/turp-radish-10gr\/","title":{"rendered":"Turp (Radish) 10gr"},"content":{"rendered":"<p>K\u0131rm\u0131z\u0131 \u0130ri<\/p>\n<ul>\n<li>Kabuk rengi koyu k\u0131rm\u0131z\u0131, et rengi beyazd\u0131r<\/li>\n<\/ul>\n<ul>\n<li>Meyvelerin ortalama eni 8 cm, boyu 10 cm\u2019dir<\/li>\n<\/ul>\n<ul>\n<li>Tarlada uzun s\u00fcre i\u00e7 bo\u015falmas\u0131 yapmadan kalabilir<\/li>\n<\/ul>\n<ul>\n<li>\u00c7ok lezzetli olup dokusu serttir<\/li>\n<\/ul>\n<ul>\n<li>Yurdumuzun b\u00fct\u00fcn b\u00f6lgelerinde yeti\u015ftirilir<\/li>\n<\/ul>\n","protected":false},"excerpt":{"rendered":"<p>K\u0131rm\u0131z\u0131 \u0130ri Kabuk rengi koyu k\u0131rm\u0131z\u0131, et rengi beyazd\u0131r Meyvelerin ortalama eni 8 cm, boyu 10 cm\u2019dir Tarlada uzun s\u00fcre i\u00e7 bo\u015falmas\u0131 yapmadan kalabilir \u00c7ok lezzetli olup dokusu serttir Yurdumuzun b\u00fct\u00fcn b\u00f6lgelerinde yeti\u015ftirilir<\/p>\n","protected":false},"featured_media":24780,"comment_status":"open","ping_status":"closed","template":"","meta":[],"product_cat":[90],"product_tag":[],"class_list":{"0":"post-24469","1":"product","2":"type-product","3":"status-publish","4":"has-post-thumbnail","6":"product_cat-sebze","7":"product_brand-kucuk-ciftlik","9":"first","10":"instock","11":"shipping-taxable","12":"purchasable","13":"product-type-simple"},"_links":{"self":[{"href":"https:\/\/hisaronuziraat.com\/index.php\/wp-json\/wp\/v2\/product\/24469","targetHints":{"allow":["GET"]}}],"collection":[{"href":"https:\/\/hisaronuziraat.com\/index.php\/wp-json\/wp\/v2\/product"}],"about":[{"href":"https:\/\/hisaronuziraat.com\/index.php\/wp-json\/wp\/v2\/types\/product"}],"replies":[{"embeddable":true,"href":"https:\/\/hisaronuziraat.com\/index.php\/wp-json\/wp\/v2\/comments?post=24469"}],"wp:featuredmedia":[{"embeddable":true,"href":"https:\/\/hisaronuziraat.com\/index.php\/wp-json\/wp\/v2\/media\/24780"}],"wp:attachment":[{"href":"https:\/\/hisaronuziraat.com\/index.php\/wp-json\/wp\/v2\/media?parent=24469"}],"wp:term":[{"taxonomy":"product_cat","embeddable":true,"href":"https:\/\/hisaronuziraat.com\/index.php\/wp-json\/wp\/v2\/product_cat?post=24469"},{"taxonomy":"product_tag","embeddable":true,"href":"https:\/\/hisaronuziraat.com\/index.php\/wp-json\/wp\/v2\/product_tag?post=24469"}],"curies":[{"name":"wp","href":"https:\/\/api.w.org\/{rel}","templated":true}]}}