{"id":24468,"date":"2022-12-04T22:05:51","date_gmt":"2022-12-04T19:05:51","guid":{"rendered":"https:\/\/hisaronuziraat.com\/site\/?post_type=product&#038;p=24468"},"modified":"2025-11-03T22:47:23","modified_gmt":"2025-11-03T19:47:23","slug":"dereotu-gonen-010-yerli-500gr","status":"publish","type":"product","link":"https:\/\/hisaronuziraat.com\/index.php\/urun\/dereotu-gonen-010-yerli-500gr\/","title":{"rendered":"Dereotu G\u00f6nen 010 (Yerli) 500gr"},"content":{"rendered":"<p>Teneke 500gr<\/p>\n<ul>\n<li>Evlerimizde ve lokantalarda, ho\u015f kokulu oldu\u011fu i\u00e7in garnit\u00fcr olarak kullan\u0131l\u0131r<\/li>\n<li>Yapraklar\u0131 koyu ye\u015fil, ince ve k\u0131v\u0131rc\u0131\u011fa yak\u0131n \u015fekillidir<\/li>\n<li>Uygun bak\u0131m ve yeti\u015ftirme \u015fartlar\u0131nda, ayn\u0131 yerden 4-5 defa kesim yap\u0131labilir<\/li>\n<li>So\u011fuklara dayan\u0131kl\u0131d\u0131r<\/li>\n<\/ul>\n","protected":false},"excerpt":{"rendered":"<p>Teneke 500gr Evlerimizde ve lokantalarda, ho\u015f kokulu oldu\u011fu i\u00e7in garnit\u00fcr olarak kullan\u0131l\u0131r Yapraklar\u0131 koyu ye\u015fil, ince ve k\u0131v\u0131rc\u0131\u011fa yak\u0131n \u015fekillidir Uygun bak\u0131m ve yeti\u015ftirme \u015fartlar\u0131nda, ayn\u0131 yerden 4-5 defa kesim yap\u0131labilir So\u011fuklara dayan\u0131kl\u0131d\u0131r<\/p>\n","protected":false},"featured_media":24786,"comment_status":"open","ping_status":"closed","template":"","meta":[],"product_cat":[90],"product_tag":[],"class_list":{"0":"post-24468","1":"product","2":"type-product","3":"status-publish","4":"has-post-thumbnail","6":"product_cat-sebze","7":"product_brand-kucuk-ciftlik","9":"first","10":"instock","11":"shipping-taxable","12":"purchasable","13":"product-type-simple"},"_links":{"self":[{"href":"https:\/\/hisaronuziraat.com\/index.php\/wp-json\/wp\/v2\/product\/24468","targetHints":{"allow":["GET"]}}],"collection":[{"href":"https:\/\/hisaronuziraat.com\/index.php\/wp-json\/wp\/v2\/product"}],"about":[{"href":"https:\/\/hisaronuziraat.com\/index.php\/wp-json\/wp\/v2\/types\/product"}],"replies":[{"embeddable":true,"href":"https:\/\/hisaronuziraat.com\/index.php\/wp-json\/wp\/v2\/comments?post=24468"}],"wp:featuredmedia":[{"embeddable":true,"href":"https:\/\/hisaronuziraat.com\/index.php\/wp-json\/wp\/v2\/media\/24786"}],"wp:attachment":[{"href":"https:\/\/hisaronuziraat.com\/index.php\/wp-json\/wp\/v2\/media?parent=24468"}],"wp:term":[{"taxonomy":"product_cat","embeddable":true,"href":"https:\/\/hisaronuziraat.com\/index.php\/wp-json\/wp\/v2\/product_cat?post=24468"},{"taxonomy":"product_tag","embeddable":true,"href":"https:\/\/hisaronuziraat.com\/index.php\/wp-json\/wp\/v2\/product_tag?post=24468"}],"curies":[{"name":"wp","href":"https:\/\/api.w.org\/{rel}","templated":true}]}}