{"id":24467,"date":"2022-12-04T22:05:50","date_gmt":"2022-12-04T19:05:50","guid":{"rendered":"https:\/\/hisaronuziraat.com\/site\/?post_type=product&#038;p=24467"},"modified":"2025-11-03T22:46:16","modified_gmt":"2025-11-03T19:46:16","slug":"tere-genis-yaprak-25gr","status":"publish","type":"product","link":"https:\/\/hisaronuziraat.com\/index.php\/urun\/tere-genis-yaprak-25gr\/","title":{"rendered":"Tere ZEYBEK  (Geni\u015f Yaprak) 25gr"},"content":{"rendered":"<ul>\n<li>Yapraklar\u0131 geni\u015f, parlak\u00a0ye\u015fil renklidir<\/li>\n<li>Aromatik (baharl\u0131) tad\u0131 sebebi ile taze sofral\u0131k olarak t\u00fcketilir<\/li>\n<li>Hasada gelim s\u00fcresi 30-35 g\u00fcnd\u00fcr<\/li>\n<li>\u0130lkbahar ve sonbahar aylar\u0131 ekim i\u00e7in uygundur<\/li>\n<li>Tere yeti\u015ftiricili\u011finde a\u015f\u0131r\u0131 s\u0131caklardan ka\u00e7\u0131n\u0131lmal\u0131<\/li>\n<\/ul>\n","protected":false},"excerpt":{"rendered":"<p>Yapraklar\u0131 geni\u015f, parlak\u00a0ye\u015fil renklidir Aromatik (baharl\u0131) tad\u0131 sebebi ile taze sofral\u0131k olarak t\u00fcketilir Hasada gelim s\u00fcresi 30-35 g\u00fcnd\u00fcr \u0130lkbahar ve sonbahar aylar\u0131 ekim i\u00e7in uygundur Tere yeti\u015ftiricili\u011finde a\u015f\u0131r\u0131 s\u0131caklardan ka\u00e7\u0131n\u0131lmal\u0131<\/p>\n","protected":false},"featured_media":24808,"comment_status":"open","ping_status":"closed","template":"","meta":[],"product_cat":[90],"product_tag":[],"class_list":{"0":"post-24467","1":"product","2":"type-product","3":"status-publish","4":"has-post-thumbnail","6":"product_cat-sebze","7":"product_brand-kucuk-ciftlik","9":"first","10":"instock","11":"shipping-taxable","12":"purchasable","13":"product-type-simple"},"_links":{"self":[{"href":"https:\/\/hisaronuziraat.com\/index.php\/wp-json\/wp\/v2\/product\/24467","targetHints":{"allow":["GET"]}}],"collection":[{"href":"https:\/\/hisaronuziraat.com\/index.php\/wp-json\/wp\/v2\/product"}],"about":[{"href":"https:\/\/hisaronuziraat.com\/index.php\/wp-json\/wp\/v2\/types\/product"}],"replies":[{"embeddable":true,"href":"https:\/\/hisaronuziraat.com\/index.php\/wp-json\/wp\/v2\/comments?post=24467"}],"wp:featuredmedia":[{"embeddable":true,"href":"https:\/\/hisaronuziraat.com\/index.php\/wp-json\/wp\/v2\/media\/24808"}],"wp:attachment":[{"href":"https:\/\/hisaronuziraat.com\/index.php\/wp-json\/wp\/v2\/media?parent=24467"}],"wp:term":[{"taxonomy":"product_cat","embeddable":true,"href":"https:\/\/hisaronuziraat.com\/index.php\/wp-json\/wp\/v2\/product_cat?post=24467"},{"taxonomy":"product_tag","embeddable":true,"href":"https:\/\/hisaronuziraat.com\/index.php\/wp-json\/wp\/v2\/product_tag?post=24467"}],"curies":[{"name":"wp","href":"https:\/\/api.w.org\/{rel}","templated":true}]}}