{"id":24466,"date":"2022-12-04T22:05:50","date_gmt":"2022-12-04T19:05:50","guid":{"rendered":"https:\/\/hisaronuziraat.com\/site\/?post_type=product&#038;p=24466"},"modified":"2025-11-03T22:48:19","modified_gmt":"2025-11-03T19:48:19","slug":"biber-mazamort-500-gr","status":"publish","type":"product","link":"https:\/\/hisaronuziraat.com\/index.php\/urun\/biber-mazamort-500-gr\/","title":{"rendered":"Biber Mazamort &#8211; \u00dc\u00e7burun 500 gr"},"content":{"rendered":"<p>500 gr Teneke<br \/>\nKoyu ye\u015fil tonda rengi 12-13 cm boyu olup tur\u015fuluk ve k\u00f6zlemelik i\u00e7in t\u00fcketilen ayn\u0131 zamanda ege b\u00f6lgesinde kurutmal\u0131k olarakta yeti\u015ftiricili\u011fi yap\u0131lan bir t\u00fcrd\u00fcr. Her t\u00fcrl\u00fc topra\u011fa rahatl\u0131kla ekilebilen \u00fc\u00e7 burun saks\u0131 yeti\u015ftiricili\u011finde de aranan t\u00fcrd\u00fcr.<\/p>\n","protected":false},"excerpt":{"rendered":"<p>500 gr Teneke Koyu ye\u015fil tonda rengi 12-13 cm boyu olup tur\u015fuluk ve k\u00f6zlemelik i\u00e7in t\u00fcketilen ayn\u0131 zamanda ege b\u00f6lgesinde kurutmal\u0131k olarakta yeti\u015ftiricili\u011fi yap\u0131lan bir t\u00fcrd\u00fcr. Her t\u00fcrl\u00fc topra\u011fa rahatl\u0131kla ekilebilen \u00fc\u00e7 burun saks\u0131 yeti\u015ftiricili\u011finde de aranan t\u00fcrd\u00fcr.<\/p>\n","protected":false},"featured_media":24476,"comment_status":"open","ping_status":"closed","template":"","meta":[],"product_cat":[90],"product_tag":[],"class_list":{"0":"post-24466","1":"product","2":"type-product","3":"status-publish","4":"has-post-thumbnail","6":"product_cat-sebze","7":"product_brand-arzuman","9":"first","10":"instock","11":"shipping-taxable","12":"purchasable","13":"product-type-simple"},"_links":{"self":[{"href":"https:\/\/hisaronuziraat.com\/index.php\/wp-json\/wp\/v2\/product\/24466","targetHints":{"allow":["GET"]}}],"collection":[{"href":"https:\/\/hisaronuziraat.com\/index.php\/wp-json\/wp\/v2\/product"}],"about":[{"href":"https:\/\/hisaronuziraat.com\/index.php\/wp-json\/wp\/v2\/types\/product"}],"replies":[{"embeddable":true,"href":"https:\/\/hisaronuziraat.com\/index.php\/wp-json\/wp\/v2\/comments?post=24466"}],"wp:featuredmedia":[{"embeddable":true,"href":"https:\/\/hisaronuziraat.com\/index.php\/wp-json\/wp\/v2\/media\/24476"}],"wp:attachment":[{"href":"https:\/\/hisaronuziraat.com\/index.php\/wp-json\/wp\/v2\/media?parent=24466"}],"wp:term":[{"taxonomy":"product_cat","embeddable":true,"href":"https:\/\/hisaronuziraat.com\/index.php\/wp-json\/wp\/v2\/product_cat?post=24466"},{"taxonomy":"product_tag","embeddable":true,"href":"https:\/\/hisaronuziraat.com\/index.php\/wp-json\/wp\/v2\/product_tag?post=24466"}],"curies":[{"name":"wp","href":"https:\/\/api.w.org\/{rel}","templated":true}]}}