{"id":24465,"date":"2022-12-04T22:05:50","date_gmt":"2022-12-04T19:05:50","guid":{"rendered":"https:\/\/hisaronuziraat.com\/site\/?post_type=product&amp;p=24465"},"modified":"2022-12-04T22:05:50","modified_gmt":"2022-12-04T19:05:50","slug":"tere-zeybek-genis-yaprak-500gr","status":"publish","type":"product","link":"https:\/\/hisaronuziraat.com\/index.php\/urun\/tere-zeybek-genis-yaprak-500gr\/","title":{"rendered":"Tere Zeybek (Geni\u015f Yaprak) 500gr"},"content":{"rendered":"<p>Teneke 500gr<\/p>\n<ul>\n<li>Sonbahar ve ilkbahar d\u00f6neminde yeti\u015ftirilmektedir<\/li>\n<\/ul>\n<ul>\n<li>Ho\u015f kokulu, baharatl\u0131, i\u015ftah a\u00e7\u0131c\u0131 bir \u00e7e\u015fittir<\/li>\n<\/ul>\n<ul>\n<li>Tohum ekiminden itibaren 40 g\u00fcn sonra hasat edilebilir<\/li>\n<\/ul>\n","protected":false},"excerpt":{"rendered":"<p>Teneke 500gr Sonbahar ve ilkbahar d\u00f6neminde yeti\u015ftirilmektedir Ho\u015f kokulu, baharatl\u0131, i\u015ftah a\u00e7\u0131c\u0131 bir \u00e7e\u015fittir Tohum ekiminden itibaren 40 g\u00fcn sonra hasat edilebilir<\/p>\n","protected":false},"featured_media":24797,"comment_status":"open","ping_status":"closed","template":"","meta":[],"product_cat":[90],"product_tag":[],"class_list":{"0":"post-24465","1":"product","2":"type-product","3":"status-publish","4":"has-post-thumbnail","6":"product_cat-sebze","7":"product_brand-kucuk-ciftlik","9":"first","10":"instock","11":"shipping-taxable","12":"purchasable","13":"product-type-simple"},"_links":{"self":[{"href":"https:\/\/hisaronuziraat.com\/index.php\/wp-json\/wp\/v2\/product\/24465","targetHints":{"allow":["GET"]}}],"collection":[{"href":"https:\/\/hisaronuziraat.com\/index.php\/wp-json\/wp\/v2\/product"}],"about":[{"href":"https:\/\/hisaronuziraat.com\/index.php\/wp-json\/wp\/v2\/types\/product"}],"replies":[{"embeddable":true,"href":"https:\/\/hisaronuziraat.com\/index.php\/wp-json\/wp\/v2\/comments?post=24465"}],"wp:featuredmedia":[{"embeddable":true,"href":"https:\/\/hisaronuziraat.com\/index.php\/wp-json\/wp\/v2\/media\/24797"}],"wp:attachment":[{"href":"https:\/\/hisaronuziraat.com\/index.php\/wp-json\/wp\/v2\/media?parent=24465"}],"wp:term":[{"taxonomy":"product_cat","embeddable":true,"href":"https:\/\/hisaronuziraat.com\/index.php\/wp-json\/wp\/v2\/product_cat?post=24465"},{"taxonomy":"product_tag","embeddable":true,"href":"https:\/\/hisaronuziraat.com\/index.php\/wp-json\/wp\/v2\/product_tag?post=24465"}],"curies":[{"name":"wp","href":"https:\/\/api.w.org\/{rel}","templated":true}]}}