{"id":24464,"date":"2022-12-04T22:05:50","date_gmt":"2022-12-04T19:05:50","guid":{"rendered":"https:\/\/hisaronuziraat.com\/site\/?post_type=product&amp;p=24464"},"modified":"2022-12-04T22:05:50","modified_gmt":"2022-12-04T19:05:50","slug":"kisnis-10gr","status":"publish","type":"product","link":"https:\/\/hisaronuziraat.com\/index.php\/urun\/kisnis-10gr\/","title":{"rendered":"Ki\u015fni\u015f 10gr"},"content":{"rendered":"<h2><strong><span lang=\"\">Ki\u015fni\u015f &#8211; A\u015fotu Tohumu<\/span><\/strong><\/h2>\n<p>Her tohum kendi neslinin devam\u0131 i\u00e7in gereken enerjisini tekrar ya\u015fam d\u00f6ng\u00fcs\u00fcne ula\u015fmak i\u00e7in i\u00e7inde saklar. Ba\u015fka bir deyi\u015fle tohum gelecekte olu\u015facak yeni nesil bitkinin enerjisini i\u00e7inde bulunduran zengin bir besin kayna\u011f\u0131d\u0131r. Bu enerji bizler i\u00e7in son derece de\u011ferli bir besin kayna\u011f\u0131d\u0131r. \u00c7imlenme ile bu enerji antioksidanca zengin, ayn\u0131 zamanda protein, vitamin ve \u00f6nemli bir \u00e7ok mineral bar\u0131nd\u0131ran mikro filizler halini al\u0131r. \u00c7imlenmi\u015f tohum ya da ba\u015fka bir deyi\u015fle mikro filiz mineral madde, vitamin, lif ve fenolik bile\u015fikler bak\u0131m\u0131ndan \u00e7ok zengindir.<\/p>\n<h3><strong>Ki\u015fni\u015f Filizlendirme nas\u0131l yap\u0131l\u0131r?<\/strong><\/h3>\n<ul>\n<li>Ki\u015fni\u015f tanelerini yayvan bir saks\u0131ya veya bah\u00e7eye ekip \u00fczerini 2 cm kadar toprakla \u00f6rt\u00fcn.<\/li>\n<li>F\u0131s f\u0131s yard\u0131m\u0131 ile sulay\u0131n.<\/li>\n<li>G\u00fcnl\u00fck olarak hafif\u00e7e sulayarak topra\u011f\u0131n\u0131n nemli kalmas\u0131n\u0131 sa\u011flay\u0131n.<\/li>\n<li>\u00c7imler birka\u00e7 g\u00fcn i\u00e7erisinde boy vermeye ba\u015flayacaklard\u0131r. \u00c7imler 7-8 cm kadar uzay\u0131nca 1 cm yukar\u0131dan makasla kesin.<\/li>\n<\/ul>\n<div>\u00a0 \u00a0 \u00a0Kestik\u00e7e uzayan \u00e7imlerden her g\u00fcn salatan\u0131za katabilir, \u00e7i\u011f olarak yiyebilir ya da yeteri kadar ektiyseniz mutfak robotundan ge\u00e7irip suyunu \u00e7\u0131kararak i\u00e7ebilirsiniz. Kestik\u00e7e tekrar uzayan \u00e7imleri en fazla 3 kere bi\u00e7tikten sonra art\u0131k yeni tohumdan \u00e7imlendirmeniz gerekiyor zira \u00e7imleriniz kal\u0131nla\u015fmaya ve sararmaya ba\u015flayacakt\u0131r.<\/div>\n","protected":false},"excerpt":{"rendered":"<p>Ki\u015fni\u015f &#8211; A\u015fotu Tohumu Her tohum kendi neslinin devam\u0131 i\u00e7in gereken enerjisini tekrar ya\u015fam d\u00f6ng\u00fcs\u00fcne ula\u015fmak i\u00e7in i\u00e7inde saklar. Ba\u015fka bir deyi\u015fle tohum gelecekte olu\u015facak yeni nesil bitkinin enerjisini i\u00e7inde bulunduran zengin bir besin kayna\u011f\u0131d\u0131r. Bu enerji bizler i\u00e7in son derece de\u011ferli bir besin kayna\u011f\u0131d\u0131r. \u00c7imlenme ile bu enerji antioksidanca zengin, ayn\u0131 zamanda protein, vitamin [&hellip;]<\/p>\n","protected":false},"featured_media":24805,"comment_status":"open","ping_status":"closed","template":"","meta":[],"product_cat":[90],"product_tag":[],"class_list":{"0":"post-24464","1":"product","2":"type-product","3":"status-publish","4":"has-post-thumbnail","6":"product_cat-sebze","7":"product_brand-arzuman","9":"first","10":"instock","11":"taxable","12":"shipping-taxable","13":"purchasable","14":"product-type-simple"},"_links":{"self":[{"href":"https:\/\/hisaronuziraat.com\/index.php\/wp-json\/wp\/v2\/product\/24464","targetHints":{"allow":["GET"]}}],"collection":[{"href":"https:\/\/hisaronuziraat.com\/index.php\/wp-json\/wp\/v2\/product"}],"about":[{"href":"https:\/\/hisaronuziraat.com\/index.php\/wp-json\/wp\/v2\/types\/product"}],"replies":[{"embeddable":true,"href":"https:\/\/hisaronuziraat.com\/index.php\/wp-json\/wp\/v2\/comments?post=24464"}],"wp:featuredmedia":[{"embeddable":true,"href":"https:\/\/hisaronuziraat.com\/index.php\/wp-json\/wp\/v2\/media\/24805"}],"wp:attachment":[{"href":"https:\/\/hisaronuziraat.com\/index.php\/wp-json\/wp\/v2\/media?parent=24464"}],"wp:term":[{"taxonomy":"product_cat","embeddable":true,"href":"https:\/\/hisaronuziraat.com\/index.php\/wp-json\/wp\/v2\/product_cat?post=24464"},{"taxonomy":"product_tag","embeddable":true,"href":"https:\/\/hisaronuziraat.com\/index.php\/wp-json\/wp\/v2\/product_tag?post=24464"}],"curies":[{"name":"wp","href":"https:\/\/api.w.org\/{rel}","templated":true}]}}