{"id":24462,"date":"2022-12-04T22:05:49","date_gmt":"2022-12-04T19:05:49","guid":{"rendered":"https:\/\/hisaronuziraat.com\/site\/?post_type=product&#038;p=24462"},"modified":"2025-11-03T22:54:42","modified_gmt":"2025-11-03T19:54:42","slug":"maydonoz-ince-yaprak-10gr","status":"publish","type":"product","link":"https:\/\/hisaronuziraat.com\/index.php\/urun\/maydonoz-ince-yaprak-10gr\/","title":{"rendered":"Maydonoz Tohumu (\u0130nce Yaprak) 25 gr"},"content":{"rendered":"<ul>\n<li>G\u00fc\u00e7l\u00fc bitki yap\u0131s\u0131na sahip maydanoz \u00e7e\u015fididir<\/li>\n<li>Koyu ye\u015fil renkli yapraklar\u0131 d\u00fcz ve geni\u015ftir<\/li>\n<li>Ho\u015f aromatik kokuludur<\/li>\n<li>Hasat olgunlu\u011funa ortalama 70-80 g\u00fcnde ula\u015f\u0131r<\/li>\n<li>Yerli tohumdur.<\/li>\n<\/ul>\n","protected":false},"excerpt":{"rendered":"<p>G\u00fc\u00e7l\u00fc bitki yap\u0131s\u0131na sahip maydanoz \u00e7e\u015fididir Koyu ye\u015fil renkli yapraklar\u0131 d\u00fcz ve geni\u015ftir Ho\u015f aromatik kokuludur Hasat olgunlu\u011funa ortalama 70-80 g\u00fcnde ula\u015f\u0131r Yerli tohumdur.<\/p>\n","protected":false},"featured_media":24824,"comment_status":"open","ping_status":"closed","template":"","meta":[],"product_cat":[90],"product_tag":[],"class_list":{"0":"post-24462","1":"product","2":"type-product","3":"status-publish","4":"has-post-thumbnail","6":"product_cat-sebze","7":"product_brand-arzuman","9":"first","10":"instock","11":"taxable","12":"shipping-taxable","13":"purchasable","14":"product-type-simple"},"_links":{"self":[{"href":"https:\/\/hisaronuziraat.com\/index.php\/wp-json\/wp\/v2\/product\/24462","targetHints":{"allow":["GET"]}}],"collection":[{"href":"https:\/\/hisaronuziraat.com\/index.php\/wp-json\/wp\/v2\/product"}],"about":[{"href":"https:\/\/hisaronuziraat.com\/index.php\/wp-json\/wp\/v2\/types\/product"}],"replies":[{"embeddable":true,"href":"https:\/\/hisaronuziraat.com\/index.php\/wp-json\/wp\/v2\/comments?post=24462"}],"wp:featuredmedia":[{"embeddable":true,"href":"https:\/\/hisaronuziraat.com\/index.php\/wp-json\/wp\/v2\/media\/24824"}],"wp:attachment":[{"href":"https:\/\/hisaronuziraat.com\/index.php\/wp-json\/wp\/v2\/media?parent=24462"}],"wp:term":[{"taxonomy":"product_cat","embeddable":true,"href":"https:\/\/hisaronuziraat.com\/index.php\/wp-json\/wp\/v2\/product_cat?post=24462"},{"taxonomy":"product_tag","embeddable":true,"href":"https:\/\/hisaronuziraat.com\/index.php\/wp-json\/wp\/v2\/product_tag?post=24462"}],"curies":[{"name":"wp","href":"https:\/\/api.w.org\/{rel}","templated":true}]}}