{"id":24460,"date":"2022-12-04T22:05:49","date_gmt":"2022-12-04T19:05:49","guid":{"rendered":"https:\/\/hisaronuziraat.com\/site\/?post_type=product&amp;p=24460"},"modified":"2022-12-04T22:05:49","modified_gmt":"2022-12-04T19:05:49","slug":"maxi-turbo-40","status":"publish","type":"product","link":"https:\/\/hisaronuziraat.com\/index.php\/urun\/maxi-turbo-40\/","title":{"rendered":"Maxi Turbo 40 &#8211; 500ml"},"content":{"rendered":"<ul class=\"uk-list uk-margin-remove-vertical uk-width-large uk-margin-auto uk-text-left uk-scrollspy-inview uk-animation-fade\">\n<li class=\"el-item\">\n<div class=\"uk-child-width-expand uk-flex-middle uk-grid-medium uk-grid\">\n<div class=\"uk-width-medium uk-text-break uk-first-column\"><span class=\"el-title uk-display-block\">Toplam Organik Madde <\/span>% 40<\/div>\n<\/div>\n<\/li>\n<li class=\"el-item\">\n<div class=\"uk-child-width-expand uk-flex-middle uk-grid-medium uk-grid\">\n<div class=\"uk-width-medium uk-text-break uk-first-column\"><span class=\"el-title uk-display-block\">Organik Karbon <\/span>% 20<\/div>\n<\/div>\n<\/li>\n<li class=\"el-item\">\n<div class=\"uk-child-width-expand uk-flex-middle uk-grid-medium uk-grid\">\n<div class=\"uk-width-medium uk-text-break uk-first-column\"><span class=\"el-title uk-display-block\">Organik Azot <\/span>% 1<\/div>\n<\/div>\n<\/li>\n<li class=\"el-item\">\n<div class=\"uk-child-width-expand uk-flex-middle uk-grid-medium uk-grid\">\n<div class=\"uk-width-medium uk-text-break uk-first-column\"><span class=\"el-title uk-display-block\">Suda \u00c7\u00f6z\u00fcn\u00fcr Potasyum Oksit (K2O) <\/span>5<\/div>\n<\/div>\n<\/li>\n<li class=\"el-item\">\n<div class=\"uk-child-width-expand uk-flex-middle uk-grid-medium uk-grid\">\n<div class=\"uk-width-medium uk-text-break uk-first-column\"><span class=\"el-title uk-display-block\">Serbest Aminoasitler <\/span>2<\/div>\n<\/div>\n<\/li>\n<li class=\"el-item\">\n<div class=\"uk-child-width-expand uk-flex-middle uk-grid-medium uk-grid\">\n<div class=\"uk-width-medium uk-text-break uk-first-column\"><span class=\"el-title uk-display-block\">PH <\/span>4-6<\/div>\n<\/div>\n<\/li>\n<li class=\"el-item\">\n<div class=\"uk-child-width-expand uk-flex-middle uk-grid-medium uk-grid\">\n<div class=\"uk-width-medium uk-text-break uk-first-column\"><span class=\"el-title uk-display-block\">Yo\u011funluk <\/span>1Lt. = 1,3kg.<\/div>\n<\/div>\n<\/li>\n<\/ul>\n","protected":false},"excerpt":{"rendered":"<p>Toplam Organik Madde % 40 Organik Karbon % 20 Organik Azot % 1 Suda \u00c7\u00f6z\u00fcn\u00fcr Potasyum Oksit (K2O) 5 Serbest Aminoasitler 2 PH 4-6 Yo\u011funluk 1Lt. = 1,3kg.<\/p>\n","protected":false},"featured_media":24830,"comment_status":"open","ping_status":"closed","template":"","meta":[],"product_cat":[102],"product_tag":[],"class_list":{"0":"post-24460","1":"product","2":"type-product","3":"status-publish","4":"has-post-thumbnail","6":"product_cat-gubre","7":"product_brand-turkoz-agro","9":"first","10":"instock","11":"taxable","12":"shipping-taxable","13":"purchasable","14":"product-type-simple"},"_links":{"self":[{"href":"https:\/\/hisaronuziraat.com\/index.php\/wp-json\/wp\/v2\/product\/24460","targetHints":{"allow":["GET"]}}],"collection":[{"href":"https:\/\/hisaronuziraat.com\/index.php\/wp-json\/wp\/v2\/product"}],"about":[{"href":"https:\/\/hisaronuziraat.com\/index.php\/wp-json\/wp\/v2\/types\/product"}],"replies":[{"embeddable":true,"href":"https:\/\/hisaronuziraat.com\/index.php\/wp-json\/wp\/v2\/comments?post=24460"}],"wp:featuredmedia":[{"embeddable":true,"href":"https:\/\/hisaronuziraat.com\/index.php\/wp-json\/wp\/v2\/media\/24830"}],"wp:attachment":[{"href":"https:\/\/hisaronuziraat.com\/index.php\/wp-json\/wp\/v2\/media?parent=24460"}],"wp:term":[{"taxonomy":"product_cat","embeddable":true,"href":"https:\/\/hisaronuziraat.com\/index.php\/wp-json\/wp\/v2\/product_cat?post=24460"},{"taxonomy":"product_tag","embeddable":true,"href":"https:\/\/hisaronuziraat.com\/index.php\/wp-json\/wp\/v2\/product_tag?post=24460"}],"curies":[{"name":"wp","href":"https:\/\/api.w.org\/{rel}","templated":true}]}}