{"id":24459,"date":"2022-12-04T22:05:49","date_gmt":"2022-12-04T19:05:49","guid":{"rendered":"https:\/\/hisaronuziraat.com\/site\/?post_type=product&amp;p=24459"},"modified":"2022-12-04T22:05:49","modified_gmt":"2022-12-04T19:05:49","slug":"domates-tohumu-koy-tipi-500-adetlik","status":"publish","type":"product","link":"https:\/\/hisaronuziraat.com\/index.php\/urun\/domates-tohumu-koy-tipi-500-adetlik\/","title":{"rendered":"Domates Tohumu K\u00f6y Tipi (500 Adetlik) 10gr"},"content":{"rendered":"<ul>\n<li>Standart, yar\u0131-s\u0131r\u0131k bir domates \u00e7e\u015fididir<\/li>\n<li>Meyveleri k\u0131rm\u0131z\u0131-pembe renkte, dilimli ve etlidir<\/li>\n<li>A\u00e7\u0131k tarla yeti\u015ftiricili\u011fine uygundur<\/li>\n<li>\u0130nce kabuklu ve lezzetlidir<\/li>\n<\/ul>\n","protected":false},"excerpt":{"rendered":"<p>Standart, yar\u0131-s\u0131r\u0131k bir domates \u00e7e\u015fididir Meyveleri k\u0131rm\u0131z\u0131-pembe renkte, dilimli ve etlidir A\u00e7\u0131k tarla yeti\u015ftiricili\u011fine uygundur \u0130nce kabuklu ve lezzetlidir<\/p>\n","protected":false},"featured_media":24811,"comment_status":"open","ping_status":"closed","template":"","meta":[],"product_cat":[90],"product_tag":[],"class_list":{"0":"post-24459","1":"product","2":"type-product","3":"status-publish","4":"has-post-thumbnail","6":"product_cat-sebze","7":"product_brand-arzuman","9":"first","10":"outofstock","11":"shipping-taxable","12":"product-type-simple"},"_links":{"self":[{"href":"https:\/\/hisaronuziraat.com\/index.php\/wp-json\/wp\/v2\/product\/24459","targetHints":{"allow":["GET"]}}],"collection":[{"href":"https:\/\/hisaronuziraat.com\/index.php\/wp-json\/wp\/v2\/product"}],"about":[{"href":"https:\/\/hisaronuziraat.com\/index.php\/wp-json\/wp\/v2\/types\/product"}],"replies":[{"embeddable":true,"href":"https:\/\/hisaronuziraat.com\/index.php\/wp-json\/wp\/v2\/comments?post=24459"}],"wp:featuredmedia":[{"embeddable":true,"href":"https:\/\/hisaronuziraat.com\/index.php\/wp-json\/wp\/v2\/media\/24811"}],"wp:attachment":[{"href":"https:\/\/hisaronuziraat.com\/index.php\/wp-json\/wp\/v2\/media?parent=24459"}],"wp:term":[{"taxonomy":"product_cat","embeddable":true,"href":"https:\/\/hisaronuziraat.com\/index.php\/wp-json\/wp\/v2\/product_cat?post=24459"},{"taxonomy":"product_tag","embeddable":true,"href":"https:\/\/hisaronuziraat.com\/index.php\/wp-json\/wp\/v2\/product_tag?post=24459"}],"curies":[{"name":"wp","href":"https:\/\/api.w.org\/{rel}","templated":true}]}}