{"id":24456,"date":"2022-12-04T22:05:48","date_gmt":"2022-12-04T19:05:48","guid":{"rendered":"https:\/\/hisaronuziraat.com\/site\/?post_type=product&#038;p=24456"},"modified":"2025-11-03T22:57:29","modified_gmt":"2025-11-03T19:57:29","slug":"bamya-yalova-akkoy-41-sultan-500gr","status":"publish","type":"product","link":"https:\/\/hisaronuziraat.com\/index.php\/urun\/bamya-yalova-akkoy-41-sultan-500gr\/","title":{"rendered":"Bamya Yalova Akkoy-41 Sultan &#8211; 500gr"},"content":{"rendered":"<p>Teneke 500gr<\/p>\n<ul>\n<li>Konserve sanayinde i\u015flemeye \u00e7ok uygundur<\/li>\n<\/ul>\n<ul>\n<li>Meyveler ha\u015fland\u0131\u011f\u0131nda salamura suyuna salya b\u0131rakmaz<\/li>\n<\/ul>\n<ul>\n<li>Salamura suyu rengini bozmaz<\/li>\n<\/ul>\n<ul>\n<li>Meyveleri 4-5 cm uzunlu\u011funda, k\u00f6\u015fesi sar\u0131ya ka\u00e7an ye\u015fil renklidir<\/li>\n<\/ul>\n<ul>\n<li>Dekara taze olarak verimi, 600-800 kg\u2019d\u0131r<\/li>\n<\/ul>\n<ul>\n<li>Mahsul verim devresi \u00e7ok uzundur<\/li>\n<\/ul>\n","protected":false},"excerpt":{"rendered":"<p>Teneke 500gr Konserve sanayinde i\u015flemeye \u00e7ok uygundur Meyveler ha\u015fland\u0131\u011f\u0131nda salamura suyuna salya b\u0131rakmaz Salamura suyu rengini bozmaz Meyveleri 4-5 cm uzunlu\u011funda, k\u00f6\u015fesi sar\u0131ya ka\u00e7an ye\u015fil renklidir Dekara taze olarak verimi, 600-800 kg\u2019d\u0131r Mahsul verim devresi \u00e7ok uzundur<\/p>\n","protected":false},"featured_media":24843,"comment_status":"open","ping_status":"closed","template":"","meta":[],"product_cat":[90],"product_tag":[],"class_list":{"0":"post-24456","1":"product","2":"type-product","3":"status-publish","4":"has-post-thumbnail","6":"product_cat-sebze","7":"product_brand-kucuk-ciftlik","9":"first","10":"instock","11":"taxable","12":"shipping-taxable","13":"purchasable","14":"product-type-simple"},"_links":{"self":[{"href":"https:\/\/hisaronuziraat.com\/index.php\/wp-json\/wp\/v2\/product\/24456","targetHints":{"allow":["GET"]}}],"collection":[{"href":"https:\/\/hisaronuziraat.com\/index.php\/wp-json\/wp\/v2\/product"}],"about":[{"href":"https:\/\/hisaronuziraat.com\/index.php\/wp-json\/wp\/v2\/types\/product"}],"replies":[{"embeddable":true,"href":"https:\/\/hisaronuziraat.com\/index.php\/wp-json\/wp\/v2\/comments?post=24456"}],"wp:featuredmedia":[{"embeddable":true,"href":"https:\/\/hisaronuziraat.com\/index.php\/wp-json\/wp\/v2\/media\/24843"}],"wp:attachment":[{"href":"https:\/\/hisaronuziraat.com\/index.php\/wp-json\/wp\/v2\/media?parent=24456"}],"wp:term":[{"taxonomy":"product_cat","embeddable":true,"href":"https:\/\/hisaronuziraat.com\/index.php\/wp-json\/wp\/v2\/product_cat?post=24456"},{"taxonomy":"product_tag","embeddable":true,"href":"https:\/\/hisaronuziraat.com\/index.php\/wp-json\/wp\/v2\/product_tag?post=24456"}],"curies":[{"name":"wp","href":"https:\/\/api.w.org\/{rel}","templated":true}]}}