{"id":24454,"date":"2022-12-04T22:05:48","date_gmt":"2022-12-04T19:05:48","guid":{"rendered":"https:\/\/hisaronuziraat.com\/site\/?post_type=product&amp;p=24454"},"modified":"2022-12-04T22:05:48","modified_gmt":"2022-12-04T19:05:48","slug":"bamya-tohumu-okra","status":"publish","type":"product","link":"https:\/\/hisaronuziraat.com\/index.php\/urun\/bamya-tohumu-okra\/","title":{"rendered":"Bamya Tohumu (Okra) Yalova Akk\u00f6y-41(Sultani )- 500gr"},"content":{"rendered":"<p>Yalova Akk\u00f6y-41 Sultani<\/p>\n<p><b><strong>Toprak Haz\u0131rl\u0131\u011f\u0131:\u00a0<\/strong><\/b>Okra bamya toprak se\u00e7icili\u011fi yapmayan bir sebzedir. \u00c7imlenme zaman\u0131nda fazla nemden konularak tohumun \u00e7\u00fcr\u00fcmesi engellenmelidir. Topra\u011f\u0131n kumlu, ge\u00e7irgen ve pH\u2019\u0131n\u0131n 5-8 de\u011ferleri aras\u0131nda olmas\u0131 ideal \u00fcretimi sa\u011flar. Ocaklar\u0131n \u00fczerine yanm\u0131\u015f \u00e7iftlik g\u00fcbrelemesinin yap\u0131lmas\u0131yla kalite y\u00fckselir.<\/p>\n<p style=\"font-weight: 400\"><b><strong>Ekimi:\u00a0<\/strong><\/b>Nisan ve May\u0131s aylar\u0131nda ekimi tavsiye edilen\u00a0Okra bamya tohumlar\u0131\u00a0ocak ocak dikilerek\u00a0 daha sonras\u0131nda iste\u011fe seyreltme yap\u0131labilir. Okra bamya i\u00e7in uygun s\u0131cakl\u0131k 12-22 derecedir.<\/p>\n<table>\n<tbody>\n<tr>\n<td><b><strong>Ekim Derinli\u011fi<br \/>\n<\/strong><\/b><\/td>\n<td><b><strong>2 &#8211; 4 Cm<br \/>\n<\/strong><\/b><\/td>\n<\/tr>\n<tr>\n<td><b><strong>S\u0131ra \u00dczeri Ekim Mesafesi<br \/>\n<\/strong><\/b><\/td>\n<td><b><strong>10 &#8211; 20 Cm<br \/>\n<\/strong><\/b><\/td>\n<\/tr>\n<tr>\n<td><b><strong>S\u0131ra Aras\u0131 Ekim Mesafesi<br \/>\n<\/strong><\/b><\/td>\n<td><b><strong>35 &#8211; 45 Cm<br \/>\n<\/strong><\/b><\/td>\n<\/tr>\n<tr>\n<td><b><strong>Tahmini \u00c7imlenme G\u00fcn\u00fc<br \/>\n<\/strong><\/b><\/td>\n<td><b><strong>10 &#8211; 18 G\u00fcn<\/strong><\/b><\/td>\n<\/tr>\n<\/tbody>\n<\/table>\n<p style=\"font-weight: 400\"><b><strong>Sulama:<\/strong><\/b>\u00a0Bamya yeti\u015ftiricili\u011finde k\u00fcllenme hastal\u0131\u011f\u0131na sebep oldu\u011fu i\u00e7in ya\u011fmurlama sulama kesinlikle yap\u0131lmamal\u0131 salma sulama yap\u0131lmal\u0131d\u0131r. \u0130lk meyvelerle birlikte yap\u0131lan sulamalar \u00f6nem verimi art\u0131rd\u0131\u011f\u0131ndan dolay\u0131 \u00f6nem kazanmaktad\u0131r.<\/p>\n<p style=\"font-weight: 400\"><b><strong>G\u00fcbreleme:\u00a0<\/strong><\/b>Okra bamya \u00fcretiminde g\u00fcbrelemeye pek ihtiya\u00e7 duyulmaz. Ancak kaliteli \u00fcr\u00fcn almak i\u00e7in\u00a0 dekara 3-4 kg azot,8-10 kg P2O5,10-12kg K2O kullan\u0131labilir. Ayr\u0131ca dekara 2-3 ton yanm\u0131\u015f hayvan g\u00fcbresi kullan\u0131labilir ancak bitki boyunun \u00e7ok fazla uzamamas\u0131 i\u00e7in azotlu g\u00fcbre kullan\u0131m\u0131 kontroll\u00fc olarak yap\u0131lmal\u0131d\u0131r.<\/p>\n","protected":false},"excerpt":{"rendered":"<p>Yalova Akk\u00f6y-41 Sultani Toprak Haz\u0131rl\u0131\u011f\u0131:\u00a0Okra bamya toprak se\u00e7icili\u011fi yapmayan bir sebzedir. \u00c7imlenme zaman\u0131nda fazla nemden konularak tohumun \u00e7\u00fcr\u00fcmesi engellenmelidir. Topra\u011f\u0131n kumlu, ge\u00e7irgen ve pH\u2019\u0131n\u0131n 5-8 de\u011ferleri aras\u0131nda olmas\u0131 ideal \u00fcretimi sa\u011flar. Ocaklar\u0131n \u00fczerine yanm\u0131\u015f \u00e7iftlik g\u00fcbrelemesinin yap\u0131lmas\u0131yla kalite y\u00fckselir. Ekimi:\u00a0Nisan ve May\u0131s aylar\u0131nda ekimi tavsiye edilen\u00a0Okra bamya tohumlar\u0131\u00a0ocak ocak dikilerek\u00a0 daha sonras\u0131nda iste\u011fe seyreltme yap\u0131labilir. [&hellip;]<\/p>\n","protected":false},"featured_media":24838,"comment_status":"open","ping_status":"closed","template":"","meta":[],"product_cat":[90],"product_tag":[],"class_list":{"0":"post-24454","1":"product","2":"type-product","3":"status-publish","4":"has-post-thumbnail","6":"product_cat-sebze","7":"product_brand-kucuk-ciftlik","9":"first","10":"instock","11":"taxable","12":"shipping-taxable","13":"purchasable","14":"product-type-simple"},"_links":{"self":[{"href":"https:\/\/hisaronuziraat.com\/index.php\/wp-json\/wp\/v2\/product\/24454","targetHints":{"allow":["GET"]}}],"collection":[{"href":"https:\/\/hisaronuziraat.com\/index.php\/wp-json\/wp\/v2\/product"}],"about":[{"href":"https:\/\/hisaronuziraat.com\/index.php\/wp-json\/wp\/v2\/types\/product"}],"replies":[{"embeddable":true,"href":"https:\/\/hisaronuziraat.com\/index.php\/wp-json\/wp\/v2\/comments?post=24454"}],"wp:featuredmedia":[{"embeddable":true,"href":"https:\/\/hisaronuziraat.com\/index.php\/wp-json\/wp\/v2\/media\/24838"}],"wp:attachment":[{"href":"https:\/\/hisaronuziraat.com\/index.php\/wp-json\/wp\/v2\/media?parent=24454"}],"wp:term":[{"taxonomy":"product_cat","embeddable":true,"href":"https:\/\/hisaronuziraat.com\/index.php\/wp-json\/wp\/v2\/product_cat?post=24454"},{"taxonomy":"product_tag","embeddable":true,"href":"https:\/\/hisaronuziraat.com\/index.php\/wp-json\/wp\/v2\/product_tag?post=24454"}],"curies":[{"name":"wp","href":"https:\/\/api.w.org\/{rel}","templated":true}]}}