{"id":24450,"date":"2022-12-04T22:05:47","date_gmt":"2022-12-04T19:05:47","guid":{"rendered":"https:\/\/hisaronuziraat.com\/site\/?post_type=product&#038;p=24450"},"modified":"2025-11-03T22:59:18","modified_gmt":"2025-11-03T19:59:18","slug":"brokoli","status":"publish","type":"product","link":"https:\/\/hisaronuziraat.com\/index.php\/urun\/brokoli\/","title":{"rendered":"Brokoli 300 adet"},"content":{"rendered":"<ul>\n<li>Standart brokoli tohumudur<\/li>\n<li>Erkenci de\u011fildir<\/li>\n<li>Tohumdan fide, fideden tarlaya veya kapal\u0131 seraya ekilebilir<\/li>\n<li>Orta b\u00fcy\u00fckl\u00fckte ve koyu ye\u015fil renktedir<\/li>\n<\/ul>\n","protected":false},"excerpt":{"rendered":"<p>Standart brokoli tohumudur Erkenci de\u011fildir Tohumdan fide, fideden tarlaya veya kapal\u0131 seraya ekilebilir Orta b\u00fcy\u00fckl\u00fckte ve koyu ye\u015fil renktedir<\/p>\n","protected":false},"featured_media":24867,"comment_status":"open","ping_status":"closed","template":"","meta":[],"product_cat":[90],"product_tag":[],"class_list":{"0":"post-24450","1":"product","2":"type-product","3":"status-publish","4":"has-post-thumbnail","6":"product_cat-sebze","7":"product_brand-arzuman","9":"first","10":"instock","11":"shipping-taxable","12":"purchasable","13":"product-type-simple"},"_links":{"self":[{"href":"https:\/\/hisaronuziraat.com\/index.php\/wp-json\/wp\/v2\/product\/24450","targetHints":{"allow":["GET"]}}],"collection":[{"href":"https:\/\/hisaronuziraat.com\/index.php\/wp-json\/wp\/v2\/product"}],"about":[{"href":"https:\/\/hisaronuziraat.com\/index.php\/wp-json\/wp\/v2\/types\/product"}],"replies":[{"embeddable":true,"href":"https:\/\/hisaronuziraat.com\/index.php\/wp-json\/wp\/v2\/comments?post=24450"}],"wp:featuredmedia":[{"embeddable":true,"href":"https:\/\/hisaronuziraat.com\/index.php\/wp-json\/wp\/v2\/media\/24867"}],"wp:attachment":[{"href":"https:\/\/hisaronuziraat.com\/index.php\/wp-json\/wp\/v2\/media?parent=24450"}],"wp:term":[{"taxonomy":"product_cat","embeddable":true,"href":"https:\/\/hisaronuziraat.com\/index.php\/wp-json\/wp\/v2\/product_cat?post=24450"},{"taxonomy":"product_tag","embeddable":true,"href":"https:\/\/hisaronuziraat.com\/index.php\/wp-json\/wp\/v2\/product_tag?post=24450"}],"curies":[{"name":"wp","href":"https:\/\/api.w.org\/{rel}","templated":true}]}}