{"id":24449,"date":"2022-12-04T22:05:47","date_gmt":"2022-12-04T19:05:47","guid":{"rendered":"https:\/\/hisaronuziraat.com\/site\/?post_type=product&#038;p=24449"},"modified":"2025-11-03T22:59:05","modified_gmt":"2025-11-03T19:59:05","slug":"enginar-20-adetlik","status":"publish","type":"product","link":"https:\/\/hisaronuziraat.com\/index.php\/urun\/enginar-20-adetlik\/","title":{"rendered":"Enginar 20 adet"},"content":{"rendered":"<ul>\n<li>\u00c7ok y\u0131ll\u0131k bir bitkidir<\/li>\n<li>Meyveler ye\u015fil renklidir<\/li>\n<li>Orta irilikte ve yuvarlak meyve verir<\/li>\n<li>A\u015f\u0131r\u0131 s\u0131cak ve so\u011fuk meyve kalitesini bozar<\/li>\n<\/ul>\n","protected":false},"excerpt":{"rendered":"<p>\u00c7ok y\u0131ll\u0131k bir bitkidir Meyveler ye\u015fil renklidir Orta irilikte ve yuvarlak meyve verir A\u015f\u0131r\u0131 s\u0131cak ve so\u011fuk meyve kalitesini bozar<\/p>\n","protected":false},"featured_media":24864,"comment_status":"open","ping_status":"closed","template":"","meta":[],"product_cat":[90],"product_tag":[],"class_list":{"0":"post-24449","1":"product","2":"type-product","3":"status-publish","4":"has-post-thumbnail","6":"product_cat-sebze","7":"product_brand-arzuman","9":"first","10":"instock","11":"shipping-taxable","12":"purchasable","13":"product-type-simple"},"_links":{"self":[{"href":"https:\/\/hisaronuziraat.com\/index.php\/wp-json\/wp\/v2\/product\/24449","targetHints":{"allow":["GET"]}}],"collection":[{"href":"https:\/\/hisaronuziraat.com\/index.php\/wp-json\/wp\/v2\/product"}],"about":[{"href":"https:\/\/hisaronuziraat.com\/index.php\/wp-json\/wp\/v2\/types\/product"}],"replies":[{"embeddable":true,"href":"https:\/\/hisaronuziraat.com\/index.php\/wp-json\/wp\/v2\/comments?post=24449"}],"wp:featuredmedia":[{"embeddable":true,"href":"https:\/\/hisaronuziraat.com\/index.php\/wp-json\/wp\/v2\/media\/24864"}],"wp:attachment":[{"href":"https:\/\/hisaronuziraat.com\/index.php\/wp-json\/wp\/v2\/media?parent=24449"}],"wp:term":[{"taxonomy":"product_cat","embeddable":true,"href":"https:\/\/hisaronuziraat.com\/index.php\/wp-json\/wp\/v2\/product_cat?post=24449"},{"taxonomy":"product_tag","embeddable":true,"href":"https:\/\/hisaronuziraat.com\/index.php\/wp-json\/wp\/v2\/product_tag?post=24449"}],"curies":[{"name":"wp","href":"https:\/\/api.w.org\/{rel}","templated":true}]}}