{"id":24448,"date":"2022-12-04T22:05:47","date_gmt":"2022-12-04T19:05:47","guid":{"rendered":"https:\/\/hisaronuziraat.com\/site\/?post_type=product&amp;p=24448"},"modified":"2022-12-04T22:05:47","modified_gmt":"2022-12-04T19:05:47","slug":"zinon-sprey-450ml","status":"publish","type":"product","link":"https:\/\/hisaronuziraat.com\/index.php\/urun\/zinon-sprey-450ml\/","title":{"rendered":"Zinon Sprey 450ml"},"content":{"rendered":"<div>Su bazl\u0131 m\u00fckemmel etkiye sahip \u00f6zel geli\u015ftirilmi\u015f form\u00fclasyona sahiptir. 3 farkl\u0131 aktif maddenin (Cypermethrin-Tetramethrin-PBO) m\u00fckemmel oranlarda birle\u015fimi ve uyumu sayesinde\u00a0KALICI ETK\u0130, BA\u011eI\u015eIKLI S\u0130STEM\u0130N\u0130 \u00c7\u00d6KERTME ve B\u00d6CEKLER\u0130 BULUNDUKLARI YERDEN A\u00c7I\u011eA \u00c7IKARTMA\u00a0\u00f6zelikleri ile i\u015finizi \u015fansa b\u0131rakmam\u0131\u015f olursunuz.<\/div>\n<div><\/div>\n<div>Kullan\u0131ma haz\u0131r form\u00fclasyonu sayesinde pompa ve benzeri bir ekipmana ihtiya\u00e7 duyulmadan ve seyreltilmeden kolayca uygulanabilir, bu sayede \u00e7evreye daha fazla zehir at\u0131lmas\u0131n\u0131n \u00f6n\u00fcne ge\u00e7ilir.<\/div>\n<div><\/div>\n<div>\u0130\u00e7eri\u011finde kullan\u0131lan orijinal ve Avrupa Birli\u011fi\u2019nce kullan\u0131m\u0131 onaylanan aktif maddeler ile etkinli\u011fi benzerlerine g\u00f6re artt\u0131r\u0131lm\u0131\u015ft\u0131r.<\/div>\n<div>\u0130tici gaz i\u00e7ermez.<\/div>\n<div><\/div>\n<div>Etkili Oldu\u011fu Ha\u015fereler\u00a0: HAMAM B\u00d6CE\u011e\u0130 etkilidir.<\/div>\n<div><\/div>\n<div>Kullan\u0131m \u015eekli:\u00a0Z\u0130NON SU BAZLI SOL\u00dcSYON kullan\u0131ma haz\u0131r bir ila\u00e7 oldu\u011fu i\u00e7in \u00f6n kar\u0131\u015f\u0131m yapman\u0131z\u0131 gerektirmez, ha\u015ferelerin y\u00fcr\u00fcy\u00fcp gezindi\u011fi ve g\u00f6r\u00fcld\u00fckleri y\u00fczeyler \u00fczerine p\u00fcsk\u00fcrt\u00fcl\u00fcr. Etki s\u00fcresinden dolay\u0131 o anda orada olmasalar bile, uygulamadan sonra \u00fcr\u00fcn s\u0131k\u0131lan y\u00fczey \u00fczerinde y\u00fcr\u00fcmeleri \u00f6lmeleri i\u00e7in yeterlidir.<\/div>\n","protected":false},"excerpt":{"rendered":"<p>Su bazl\u0131 m\u00fckemmel etkiye sahip \u00f6zel geli\u015ftirilmi\u015f form\u00fclasyona sahiptir. 3 farkl\u0131 aktif maddenin (Cypermethrin-Tetramethrin-PBO) m\u00fckemmel oranlarda birle\u015fimi ve uyumu sayesinde\u00a0KALICI ETK\u0130, BA\u011eI\u015eIKLI S\u0130STEM\u0130N\u0130 \u00c7\u00d6KERTME ve B\u00d6CEKLER\u0130 BULUNDUKLARI YERDEN A\u00c7I\u011eA \u00c7IKARTMA\u00a0\u00f6zelikleri ile i\u015finizi \u015fansa b\u0131rakmam\u0131\u015f olursunuz. Kullan\u0131ma haz\u0131r form\u00fclasyonu sayesinde pompa ve benzeri bir ekipmana ihtiya\u00e7 duyulmadan ve seyreltilmeden kolayca uygulanabilir, bu sayede \u00e7evreye daha fazla [&hellip;]<\/p>\n","protected":false},"featured_media":24884,"comment_status":"open","ping_status":"closed","template":"","meta":[],"product_cat":[96],"product_tag":[],"class_list":{"0":"post-24448","1":"product","2":"type-product","3":"status-publish","4":"has-post-thumbnail","6":"product_cat-halk-sagligi","7":"product_brand-aydin-kimya","9":"first","10":"outofstock","11":"shipping-taxable","12":"product-type-simple"},"_links":{"self":[{"href":"https:\/\/hisaronuziraat.com\/index.php\/wp-json\/wp\/v2\/product\/24448","targetHints":{"allow":["GET"]}}],"collection":[{"href":"https:\/\/hisaronuziraat.com\/index.php\/wp-json\/wp\/v2\/product"}],"about":[{"href":"https:\/\/hisaronuziraat.com\/index.php\/wp-json\/wp\/v2\/types\/product"}],"replies":[{"embeddable":true,"href":"https:\/\/hisaronuziraat.com\/index.php\/wp-json\/wp\/v2\/comments?post=24448"}],"wp:featuredmedia":[{"embeddable":true,"href":"https:\/\/hisaronuziraat.com\/index.php\/wp-json\/wp\/v2\/media\/24884"}],"wp:attachment":[{"href":"https:\/\/hisaronuziraat.com\/index.php\/wp-json\/wp\/v2\/media?parent=24448"}],"wp:term":[{"taxonomy":"product_cat","embeddable":true,"href":"https:\/\/hisaronuziraat.com\/index.php\/wp-json\/wp\/v2\/product_cat?post=24448"},{"taxonomy":"product_tag","embeddable":true,"href":"https:\/\/hisaronuziraat.com\/index.php\/wp-json\/wp\/v2\/product_tag?post=24448"}],"curies":[{"name":"wp","href":"https:\/\/api.w.org\/{rel}","templated":true}]}}