{"id":24446,"date":"2022-12-04T22:05:46","date_gmt":"2022-12-04T19:05:46","guid":{"rendered":"https:\/\/hisaronuziraat.com\/site\/?post_type=product&amp;p=24446"},"modified":"2022-12-04T22:05:46","modified_gmt":"2022-12-04T19:05:46","slug":"potalin","status":"publish","type":"product","link":"https:\/\/hisaronuziraat.com\/index.php\/urun\/potalin\/","title":{"rendered":"Potalin 1lt"},"content":{"rendered":"<p>Suda \u00c7\u00f6z\u00fcn\u00fcr Potasyum Oksit (K2O)\u00a0\u00a0\u00a0\u00a0\u00a0\u00a0\u00a0\u00a0\u00a0\u00a0\u00a0 % 35<\/p>\n<p>Organik asit\u00a0\u00a0\u00a0\u00a0\u00a0\u00a0\u00a0\u00a0\u00a0\u00a0\u00a0\u00a0\u00a0\u00a0\u00a0\u00a0\u00a0\u00a0\u00a0\u00a0\u00a0\u00a0\u00a0\u00a0\u00a0\u00a0\u00a0\u00a0\u00a0\u00a0\u00a0\u00a0\u00a0\u00a0\u00a0\u00a0\u00a0\u00a0\u00a0\u00a0\u00a0\u00a0\u00a0\u00a0\u00a0\u00a0\u00a0\u00a0\u00a0\u00a0\u00a0 %8<\/p>\n<ul>\n<li>-POTATAL\u0130N 40 Potasyum g\u00fcbrelemesinde yeni geli\u015ftirilen \u00f6zel form\u00fclasyonu ile \u00e7ok h\u0131zl\u0131 etkiye sahip yeni bir \u00fcr\u00fcnd\u00fcr.<\/li>\n<li>-POTAL\u0130N 40 Form\u00fclasyonun da \u00f6zel \u015felatlay\u0131c\u0131lar kullan\u0131lm\u0131\u015ft\u0131r. Bu y\u00fczden k\u0131sa s\u00fcrede etkili ve performans\u0131 y\u00fcksektir. Uygulamadan 7-8 g\u00fcn sonra etkisi g\u00f6r\u00fclmeye ba\u015flar..<\/li>\n<li>-POTAL\u0130N 40 Y\u00fcksek potasyum i\u00e7eri\u011fi ile s\u0131v\u0131 formda \u00fcretilmi\u015ftir.\u00a0 % 100 suda \u00e7\u00f6z\u00fcn\u00fcr, tortu b\u0131rakmaz, al\u0131nabilirli\u011fi y\u00fcksektir.<\/li>\n<li>-POTATAL\u0130N 40 Bitkinin ihtiya\u00e7 duydu\u011fu d\u00f6nemlerde damlama ve yapraktan uygulanabilir.<\/li>\n<li>\u00d6zellikle Meyvecilikte Potasyumun yapraktan uygulamas\u0131 \u00f6nem arz eder. Potasyum Meyve kalitesi, renk, tat, aroma ve depo ve yola dayanakl\u0131\u011f\u0131nda direk etkilidir. Bu y\u00fczden<\/li>\n<li>\u00a0POTATAL\u0130N 40 Potasyum tercihinizde \u00fcr\u00fcn\u00fcn kalitesi i\u00e7in \u00e7ok \u00f6nemlidir.<\/li>\n<li>-POTAL\u0130N 40 Meyvede renk, kalite, albeni, tat ve aromada y\u00fcksek etki sa\u011flar.<\/li>\n<\/ul>\n<p>B\u0130TK\u0130<\/p>\n<p>YAPRAKTAN UYGULAMA<\/p>\n<p>TOPRAKTAN UYGULAMA<\/p>\n<p>SERA YET\u0130\u015eT\u0130R\u0130C\u0130L\u0130\u011e\u0130<\/p>\n<p>Domates, Patl\u0131can, Biber, H\u0131yar<\/p>\n<p>200-300 cc\/100 L su<\/p>\n<p>2-3 L\/da<\/p>\n<p>Kabak, Kavun, Karpuz, \u00c7ilek vb.<\/p>\n<p>A\u00c7IK TARLA YET\u0130\u015eT\u0130R\u0130C\u0130L\u0130\u011e\u0130<\/p>\n<p>Domates, Patl\u0131can, Biber, H\u0131yar<\/p>\n<p>200-300 cc\/da<\/p>\n<p>2 L\/da<\/p>\n<p>Kabak, Kavun, Karpuz, \u00c7ilek vb.<\/p>\n<p>MEYVE YET\u0130\u015eT\u0130R\u0130C\u0130L\u0130\u011e\u0130<\/p>\n<p>Narenciye, Ceviz, F\u0131nd\u0131k, Zeytin,<\/p>\n<p>200-300 cc\/100 L su<\/p>\n<p>2 L\/da<\/p>\n<p>Elma, Armut, Kiraz, Kay\u0131s\u0131, \u015eeftali, Erik vb.<\/p>\n<p>MUZ<\/p>\n<p>200-300 cc\/100 L su<\/p>\n<p>2 L\/da<\/p>\n<p>BA\u011e<\/p>\n<p>200-300 cc\/100 L su<\/p>\n<p>2 L\/da<\/p>\n<p>YERFISTI\u011eI<\/p>\n<p>200-300 cc\/da<\/p>\n<p>2 L\/da<\/p>\n<p>PATATES<\/p>\n<p>200-300 cc\/da<\/p>\n<p>2 L\/da<\/p>\n<p>\u00c7ELT\u0130K<\/p>\n<p>200-300 cc\/da<\/p>\n<p>2 L\/da<\/p>\n<p>TARLA B\u0130TK\u0130LER\u0130<\/p>\n<p>200-300 cc\/da<\/p>\n<p>2 L\/da<\/p>\n<p>Bu\u011fday,Arpa,Nohut vb.<\/p>\n<p>END\u00dcSTR\u0130 B\u0130TK\u0130LER\u0130<\/p>\n<p>200-300 cc\/da<\/p>\n<p>2 L\/da<\/p>\n<p>Pamuk,M\u0131s\u0131r,Ay\u00e7i\u00e7e\u011fi,Soya vb.<\/p>\n<p>S\u00dcS B\u0130TK\u0130LER\u0130 VE KESME \u00c7\u0130\u00c7EK<\/p>\n<p>200-300 cc\/100 L su<\/p>\n<p>2-3 L\/da<\/p>\n<p>Verilen dozlar size yol g\u00f6sterici olacakt\u0131r. \u00dcr\u00fcn\u00fcn uygulanmas\u0131nda i\u015fin uzman\u0131 taraf\u0131ndan yap\u0131lacak g\u00fcbreleme program\u0131nda bu dozlar dikkate al\u0131narak y\u00fckseltilebilir veya d\u00fc\u015f\u00fcr\u00fclebilir<\/p>\n","protected":false},"excerpt":{"rendered":"<p>Suda \u00c7\u00f6z\u00fcn\u00fcr Potasyum Oksit (K2O)\u00a0\u00a0\u00a0\u00a0\u00a0\u00a0\u00a0\u00a0\u00a0\u00a0\u00a0 % 35 Organik asit\u00a0\u00a0\u00a0\u00a0\u00a0\u00a0\u00a0\u00a0\u00a0\u00a0\u00a0\u00a0\u00a0\u00a0\u00a0\u00a0\u00a0\u00a0\u00a0\u00a0\u00a0\u00a0\u00a0\u00a0\u00a0\u00a0\u00a0\u00a0\u00a0\u00a0\u00a0\u00a0\u00a0\u00a0\u00a0\u00a0\u00a0\u00a0\u00a0\u00a0\u00a0\u00a0\u00a0\u00a0\u00a0\u00a0\u00a0\u00a0\u00a0\u00a0\u00a0 %8 -POTATAL\u0130N 40 Potasyum g\u00fcbrelemesinde yeni geli\u015ftirilen \u00f6zel form\u00fclasyonu ile \u00e7ok h\u0131zl\u0131 etkiye sahip yeni bir \u00fcr\u00fcnd\u00fcr. -POTAL\u0130N 40 Form\u00fclasyonun da \u00f6zel \u015felatlay\u0131c\u0131lar kullan\u0131lm\u0131\u015ft\u0131r. Bu y\u00fczden k\u0131sa s\u00fcrede etkili ve performans\u0131 y\u00fcksektir. Uygulamadan 7-8 g\u00fcn sonra etkisi g\u00f6r\u00fclmeye ba\u015flar.. -POTAL\u0130N 40 Y\u00fcksek potasyum i\u00e7eri\u011fi ile s\u0131v\u0131 [&hellip;]<\/p>\n","protected":false},"featured_media":24898,"comment_status":"open","ping_status":"closed","template":"","meta":[],"product_cat":[102],"product_tag":[],"class_list":{"0":"post-24446","1":"product","2":"type-product","3":"status-publish","4":"has-post-thumbnail","6":"product_cat-gubre","7":"product_brand-senfa","9":"first","10":"outofstock","11":"shipping-taxable","12":"product-type-simple"},"_links":{"self":[{"href":"https:\/\/hisaronuziraat.com\/index.php\/wp-json\/wp\/v2\/product\/24446","targetHints":{"allow":["GET"]}}],"collection":[{"href":"https:\/\/hisaronuziraat.com\/index.php\/wp-json\/wp\/v2\/product"}],"about":[{"href":"https:\/\/hisaronuziraat.com\/index.php\/wp-json\/wp\/v2\/types\/product"}],"replies":[{"embeddable":true,"href":"https:\/\/hisaronuziraat.com\/index.php\/wp-json\/wp\/v2\/comments?post=24446"}],"wp:featuredmedia":[{"embeddable":true,"href":"https:\/\/hisaronuziraat.com\/index.php\/wp-json\/wp\/v2\/media\/24898"}],"wp:attachment":[{"href":"https:\/\/hisaronuziraat.com\/index.php\/wp-json\/wp\/v2\/media?parent=24446"}],"wp:term":[{"taxonomy":"product_cat","embeddable":true,"href":"https:\/\/hisaronuziraat.com\/index.php\/wp-json\/wp\/v2\/product_cat?post=24446"},{"taxonomy":"product_tag","embeddable":true,"href":"https:\/\/hisaronuziraat.com\/index.php\/wp-json\/wp\/v2\/product_tag?post=24446"}],"curies":[{"name":"wp","href":"https:\/\/api.w.org\/{rel}","templated":true}]}}