{"id":24445,"date":"2022-12-04T22:05:41","date_gmt":"2022-12-04T19:05:41","guid":{"rendered":"https:\/\/hisaronuziraat.com\/site\/?post_type=product&amp;p=24445"},"modified":"2022-12-04T22:05:41","modified_gmt":"2022-12-04T19:05:41","slug":"vitacal","status":"publish","type":"product","link":"https:\/\/hisaronuziraat.com\/index.php\/urun\/vitacal\/","title":{"rendered":"Vitacal 1lt"},"content":{"rendered":"<p>GARANT\u0130 ED\u0130LEN \u0130\u00c7ER\u0130K \u00a0\u00a0\u00a0\u00a0\u00a0\u00a0\u00a0\u00a0\u00a0\u00a0\u00a0\u00a0\u00a0\u00a0\u00a0\u00a0\u00a0\u00a0\u00a0\u00a0\u00a0\u00a0\u00a0\u00a0\u00a0\u00a0\u00a0\u00a0\u00a0\u00a0\u00a0\u00a0 W\/W<\/p>\n<p>Organik Madde\u00a0\u00a0\u00a0\u00a0\u00a0\u00a0\u00a0\u00a0\u00a0\u00a0\u00a0\u00a0\u00a0\u00a0\u00a0\u00a0\u00a0\u00a0\u00a0\u00a0\u00a0\u00a0\u00a0\u00a0\u00a0\u00a0\u00a0\u00a0\u00a0\u00a0\u00a0\u00a0\u00a0\u00a0\u00a0\u00a0\u00a0\u00a0\u00a0\u00a0\u00a0\u00a0\u00a0\u00a0\u00a0\u00a0 %12<\/p>\n<p>Toplam Azot\u00a0\u00a0\u00a0\u00a0\u00a0\u00a0\u00a0\u00a0\u00a0\u00a0\u00a0\u00a0\u00a0\u00a0\u00a0\u00a0\u00a0\u00a0\u00a0\u00a0\u00a0\u00a0\u00a0\u00a0\u00a0\u00a0\u00a0\u00a0\u00a0\u00a0\u00a0\u00a0\u00a0\u00a0\u00a0\u00a0\u00a0\u00a0\u00a0\u00a0\u00a0\u00a0\u00a0\u00a0\u00a0\u00a0\u00a0\u00a0\u00a0\u00a0\u00a0 %8<\/p>\n<p>Organik azot\u00a0\u00a0\u00a0\u00a0\u00a0\u00a0\u00a0\u00a0\u00a0\u00a0\u00a0\u00a0\u00a0\u00a0\u00a0\u00a0\u00a0\u00a0\u00a0\u00a0\u00a0\u00a0\u00a0\u00a0\u00a0\u00a0\u00a0\u00a0\u00a0\u00a0\u00a0\u00a0\u00a0\u00a0\u00a0\u00a0\u00a0\u00a0\u00a0\u00a0\u00a0\u00a0\u00a0\u00a0\u00a0\u00a0\u00a0\u00a0\u00a0\u00a0\u00a0 %0,3<\/p>\n<p>Nitrat azotu(NO3-N)\u00a0\u00a0\u00a0\u00a0\u00a0\u00a0\u00a0\u00a0\u00a0\u00a0\u00a0\u00a0\u00a0\u00a0\u00a0\u00a0\u00a0\u00a0\u00a0\u00a0\u00a0\u00a0\u00a0\u00a0\u00a0\u00a0\u00a0\u00a0\u00a0\u00a0\u00a0\u00a0\u00a0\u00a0\u00a0\u00a0\u00a0\u00a0 %6,7<\/p>\n<p>Amonyum azotu (NH4-N)\u00a0\u00a0\u00a0\u00a0\u00a0\u00a0\u00a0\u00a0\u00a0\u00a0\u00a0\u00a0\u00a0\u00a0\u00a0\u00a0\u00a0\u00a0\u00a0\u00a0\u00a0\u00a0\u00a0\u00a0\u00a0\u00a0\u00a0\u00a0\u00a0 %1<\/p>\n<p>Toplam Kalsiyum Oksit\u00a0\u00a0\u00a0\u00a0\u00a0\u00a0\u00a0\u00a0\u00a0\u00a0\u00a0\u00a0\u00a0\u00a0\u00a0\u00a0\u00a0\u00a0\u00a0\u00a0\u00a0\u00a0\u00a0\u00a0\u00a0\u00a0\u00a0\u00a0\u00a0\u00a0\u00a0\u00a0\u00a0\u00a0 %14<\/p>\n<p>pH Aral\u0131\u011f\u0131\u00a0\u00a0 2,5-4,5<\/p>\n<ul>\n<li>Geli\u015fen teknoloji ile firmam\u0131z taraf\u0131ndan \u00f6zel geli\u015ftirilmi\u015f form\u00fclasyonu ile yeni nesil \u00fcr\u00fcn\u00fcd\u00fcr.<\/li>\n<li>\u00dcretiminde Organik materyallerle komplike haline getirilmi\u015f Organomineral bir \u00fcr\u00fcnd\u00fcr.<\/li>\n<li>Form\u00fclasyonuna girilen organik \u015felatlay\u0131c\u0131larla kalsiyumun bitki taraf\u0131ndan al\u0131nmas\u0131 ve ta\u015f\u0131nmas\u0131 \u00e7ok daha kolay, h\u0131zl\u0131 ve etkili olmaktad\u0131r.<\/li>\n<li>Hem toprak hem de yapraktan uygulanabilmesi i\u00e7in \u00e7ift y\u00f6nl\u00fc geli\u015ftirilmi\u015ftir.<\/li>\n<li>Vitacal D\u00fc\u015f\u00fck pH\u2019l\u0131d\u0131r.(pH:2,5) Bilindi\u011fi gibi Kalsiyum torak pH\u2019s\u0131n\u0131 y\u00fckseltmektedir. Bu da bitki besleme a\u00e7\u0131s\u0131ndan y\u00fcksek pH\u2019l\u0131 topraklar sorun yaratmaktad\u0131r. Ve yine yaprak uygulamalar\u0131nda ila\u00e7la birlikte uyguland\u0131\u011f\u0131nda kalsiyum suyun pH\u2019s\u0131n\u0131 y\u00fckseltmekte ve ilac\u0131n etkinli\u011fini azaltmaktad\u0131r. V\u0130TACAL\u2019IN d\u00fc\u015f\u00fck pH \u00f6zelli\u011finden dolay\u0131 bu dezavantajlar avantaja haline d\u00f6n\u00fc\u015fmektedir. V\u0130TACAL hem Toprak pH\u2019s\u0131n\u0131n ayarlanmas\u0131, hem ila\u00e7lama suyunun pH\u2019s\u0131n\u0131 d\u00fc\u015f\u00fcrmesiyle ilac\u0131n etkinli\u011fini artt\u0131rmaktad\u0131r.<\/li>\n<\/ul>\n<p>B\u0130TK\u0130<\/p>\n<p>YAPRAKTAN UYGULAMA<\/p>\n<p>TOPRAKTAN UYGULAMA<\/p>\n<p>SERA YET\u0130\u015eT\u0130R\u0130C\u0130L\u0130\u011e\u0130<\/p>\n<p>Domates, Patl\u0131can, Biber, H\u0131yar<\/p>\n<p>200-300 cc\/100 L su<\/p>\n<p>2-3 L\/da<\/p>\n<p>Kabak, Kavun, Karpuz, \u00c7ilek vb.<\/p>\n<p>A\u00c7IK TARLA YET\u0130\u015eT\u0130R\u0130C\u0130L\u0130\u011e\u0130<\/p>\n<p>Domates, Patl\u0131can, Biber, H\u0131yar<\/p>\n<p>200-250 cc\/da<\/p>\n<p>2 L\/da<\/p>\n<p>Kabak, Kavun, Karpuz, \u00c7ilek vb.<\/p>\n<p>MEYVE YET\u0130\u015eT\u0130R\u0130C\u0130L\u0130\u011e\u0130<\/p>\n<p>Narenciye, Ceviz, F\u0131nd\u0131k, Zeytin,<\/p>\n<p>150-250 cc\/100 L su<\/p>\n<p>2 L\/da<\/p>\n<p>Elma, Armut, Kiraz, Kay\u0131s\u0131, \u015eeftali, Erik vb.<\/p>\n<p>MUZ<\/p>\n<p>150-250 cc\/100 L su<\/p>\n<p>2 L\/da<\/p>\n<p>BA\u011e<\/p>\n<p>150-250 cc\/100 L su<\/p>\n<p>2 L\/da<\/p>\n<p>YERFISTI\u011eI<\/p>\n<p>200 cc\/da<\/p>\n<p>2 L\/da<\/p>\n<p>PATATES<\/p>\n<p>200-250 cc\/da<\/p>\n<p>2 L\/da<\/p>\n<p>\u00c7ELT\u0130K<\/p>\n<p>200 cc\/da<\/p>\n<p>2 L\/da<\/p>\n<p>TARLA B\u0130TK\u0130LER\u0130<\/p>\n<p>200 cc\/da<\/p>\n<p>2 L\/da<\/p>\n<p>Bu\u011fday,Arpa,Nohut vb.<\/p>\n<p>END\u00dcSTR\u0130 B\u0130TK\u0130LER\u0130<\/p>\n<p>200 cc\/da<\/p>\n<p>2 L\/da<\/p>\n<p>Pamuk,M\u0131s\u0131r,Ay\u00e7i\u00e7e\u011fi,Soya vb.<\/p>\n<p>S\u00dcS B\u0130TK\u0130LER\u0130 VE KESME \u00c7\u0130\u00c7EK<\/p>\n<p>200-250 cc\/100 L su<\/p>\n<p>2 L\/da<\/p>\n<p>Verilen dozlar size yol g\u00f6sterici olacakt\u0131r. \u00dcr\u00fcn\u00fcn uygulanmas\u0131nda i\u015fin uzman\u0131 taraf\u0131ndan yap\u0131lacak g\u00fcbreleme program\u0131nda bu dozlar dikkate al\u0131narak y\u00fckseltilebilir veya d\u00fc\u015f\u00fcr\u00fclebilir<\/p>\n","protected":false},"excerpt":{"rendered":"<p>GARANT\u0130 ED\u0130LEN \u0130\u00c7ER\u0130K \u00a0\u00a0\u00a0\u00a0\u00a0\u00a0\u00a0\u00a0\u00a0\u00a0\u00a0\u00a0\u00a0\u00a0\u00a0\u00a0\u00a0\u00a0\u00a0\u00a0\u00a0\u00a0\u00a0\u00a0\u00a0\u00a0\u00a0\u00a0\u00a0\u00a0\u00a0\u00a0 W\/W Organik Madde\u00a0\u00a0\u00a0\u00a0\u00a0\u00a0\u00a0\u00a0\u00a0\u00a0\u00a0\u00a0\u00a0\u00a0\u00a0\u00a0\u00a0\u00a0\u00a0\u00a0\u00a0\u00a0\u00a0\u00a0\u00a0\u00a0\u00a0\u00a0\u00a0\u00a0\u00a0\u00a0\u00a0\u00a0\u00a0\u00a0\u00a0\u00a0\u00a0\u00a0\u00a0\u00a0\u00a0\u00a0\u00a0\u00a0 %12 Toplam Azot\u00a0\u00a0\u00a0\u00a0\u00a0\u00a0\u00a0\u00a0\u00a0\u00a0\u00a0\u00a0\u00a0\u00a0\u00a0\u00a0\u00a0\u00a0\u00a0\u00a0\u00a0\u00a0\u00a0\u00a0\u00a0\u00a0\u00a0\u00a0\u00a0\u00a0\u00a0\u00a0\u00a0\u00a0\u00a0\u00a0\u00a0\u00a0\u00a0\u00a0\u00a0\u00a0\u00a0\u00a0\u00a0\u00a0\u00a0\u00a0\u00a0\u00a0\u00a0 %8 Organik azot\u00a0\u00a0\u00a0\u00a0\u00a0\u00a0\u00a0\u00a0\u00a0\u00a0\u00a0\u00a0\u00a0\u00a0\u00a0\u00a0\u00a0\u00a0\u00a0\u00a0\u00a0\u00a0\u00a0\u00a0\u00a0\u00a0\u00a0\u00a0\u00a0\u00a0\u00a0\u00a0\u00a0\u00a0\u00a0\u00a0\u00a0\u00a0\u00a0\u00a0\u00a0\u00a0\u00a0\u00a0\u00a0\u00a0\u00a0\u00a0\u00a0\u00a0\u00a0 %0,3 Nitrat azotu(NO3-N)\u00a0\u00a0\u00a0\u00a0\u00a0\u00a0\u00a0\u00a0\u00a0\u00a0\u00a0\u00a0\u00a0\u00a0\u00a0\u00a0\u00a0\u00a0\u00a0\u00a0\u00a0\u00a0\u00a0\u00a0\u00a0\u00a0\u00a0\u00a0\u00a0\u00a0\u00a0\u00a0\u00a0\u00a0\u00a0\u00a0\u00a0\u00a0 %6,7 Amonyum azotu (NH4-N)\u00a0\u00a0\u00a0\u00a0\u00a0\u00a0\u00a0\u00a0\u00a0\u00a0\u00a0\u00a0\u00a0\u00a0\u00a0\u00a0\u00a0\u00a0\u00a0\u00a0\u00a0\u00a0\u00a0\u00a0\u00a0\u00a0\u00a0\u00a0\u00a0 %1 Toplam Kalsiyum Oksit\u00a0\u00a0\u00a0\u00a0\u00a0\u00a0\u00a0\u00a0\u00a0\u00a0\u00a0\u00a0\u00a0\u00a0\u00a0\u00a0\u00a0\u00a0\u00a0\u00a0\u00a0\u00a0\u00a0\u00a0\u00a0\u00a0\u00a0\u00a0\u00a0\u00a0\u00a0\u00a0\u00a0\u00a0 %14 pH Aral\u0131\u011f\u0131\u00a0\u00a0 2,5-4,5 Geli\u015fen teknoloji ile firmam\u0131z taraf\u0131ndan \u00f6zel geli\u015ftirilmi\u015f form\u00fclasyonu ile yeni nesil \u00fcr\u00fcn\u00fcd\u00fcr. \u00dcretiminde Organik materyallerle komplike haline getirilmi\u015f Organomineral bir \u00fcr\u00fcnd\u00fcr. Form\u00fclasyonuna girilen organik \u015felatlay\u0131c\u0131larla kalsiyumun bitki [&hellip;]<\/p>\n","protected":false},"featured_media":24900,"comment_status":"open","ping_status":"closed","template":"","meta":[],"product_cat":[102],"product_tag":[],"class_list":{"0":"post-24445","1":"product","2":"type-product","3":"status-publish","4":"has-post-thumbnail","6":"product_cat-gubre","7":"product_brand-senfa","9":"first","10":"instock","11":"shipping-taxable","12":"purchasable","13":"product-type-simple"},"_links":{"self":[{"href":"https:\/\/hisaronuziraat.com\/index.php\/wp-json\/wp\/v2\/product\/24445","targetHints":{"allow":["GET"]}}],"collection":[{"href":"https:\/\/hisaronuziraat.com\/index.php\/wp-json\/wp\/v2\/product"}],"about":[{"href":"https:\/\/hisaronuziraat.com\/index.php\/wp-json\/wp\/v2\/types\/product"}],"replies":[{"embeddable":true,"href":"https:\/\/hisaronuziraat.com\/index.php\/wp-json\/wp\/v2\/comments?post=24445"}],"wp:featuredmedia":[{"embeddable":true,"href":"https:\/\/hisaronuziraat.com\/index.php\/wp-json\/wp\/v2\/media\/24900"}],"wp:attachment":[{"href":"https:\/\/hisaronuziraat.com\/index.php\/wp-json\/wp\/v2\/media?parent=24445"}],"wp:term":[{"taxonomy":"product_cat","embeddable":true,"href":"https:\/\/hisaronuziraat.com\/index.php\/wp-json\/wp\/v2\/product_cat?post=24445"},{"taxonomy":"product_tag","embeddable":true,"href":"https:\/\/hisaronuziraat.com\/index.php\/wp-json\/wp\/v2\/product_tag?post=24445"}],"curies":[{"name":"wp","href":"https:\/\/api.w.org\/{rel}","templated":true}]}}