{"id":24444,"date":"2022-12-04T22:05:41","date_gmt":"2022-12-04T19:05:41","guid":{"rendered":"https:\/\/hisaronuziraat.com\/site\/?post_type=product&#038;p=24444"},"modified":"2025-11-03T22:58:03","modified_gmt":"2025-11-03T19:58:03","slug":"lahana-kirmizi-zencibas","status":"publish","type":"product","link":"https:\/\/hisaronuziraat.com\/index.php\/urun\/lahana-kirmizi-zencibas\/","title":{"rendered":"Lahana K\u0131rm\u0131z\u0131 (Zenciba\u015f) 10gr"},"content":{"rendered":"<ul>\n<li>Orta erkenci bir \u00e7e\u015fit olup Olgunla\u015fma s\u00fcresi 85-90 g\u00fcnd\u00fcr<\/li>\n<\/ul>\n<ul>\n<li>Meyve oval-silindirik ve \u00e7ok s\u0131k\u0131d\u0131r<\/li>\n<\/ul>\n<ul>\n<li>M\u00fckemmel bir renge sahiptir<\/li>\n<\/ul>\n<ul>\n<li>Meyve a\u011f\u0131rl\u0131\u011f\u0131 1-1,5 kg civar\u0131nda ve t\u00fcm tarla homojendir<\/li>\n<\/ul>\n","protected":false},"excerpt":{"rendered":"<p>Orta erkenci bir \u00e7e\u015fit olup Olgunla\u015fma s\u00fcresi 85-90 g\u00fcnd\u00fcr Meyve oval-silindirik ve \u00e7ok s\u0131k\u0131d\u0131r M\u00fckemmel bir renge sahiptir Meyve a\u011f\u0131rl\u0131\u011f\u0131 1-1,5 kg civar\u0131nda ve t\u00fcm tarla homojendir<\/p>\n","protected":false},"featured_media":24907,"comment_status":"open","ping_status":"closed","template":"","meta":[],"product_cat":[90],"product_tag":[],"class_list":{"0":"post-24444","1":"product","2":"type-product","3":"status-publish","4":"has-post-thumbnail","6":"product_cat-sebze","7":"product_brand-kucuk-ciftlik","9":"first","10":"outofstock","11":"shipping-taxable","12":"purchasable","13":"product-type-simple"},"_links":{"self":[{"href":"https:\/\/hisaronuziraat.com\/index.php\/wp-json\/wp\/v2\/product\/24444","targetHints":{"allow":["GET"]}}],"collection":[{"href":"https:\/\/hisaronuziraat.com\/index.php\/wp-json\/wp\/v2\/product"}],"about":[{"href":"https:\/\/hisaronuziraat.com\/index.php\/wp-json\/wp\/v2\/types\/product"}],"replies":[{"embeddable":true,"href":"https:\/\/hisaronuziraat.com\/index.php\/wp-json\/wp\/v2\/comments?post=24444"}],"wp:featuredmedia":[{"embeddable":true,"href":"https:\/\/hisaronuziraat.com\/index.php\/wp-json\/wp\/v2\/media\/24907"}],"wp:attachment":[{"href":"https:\/\/hisaronuziraat.com\/index.php\/wp-json\/wp\/v2\/media?parent=24444"}],"wp:term":[{"taxonomy":"product_cat","embeddable":true,"href":"https:\/\/hisaronuziraat.com\/index.php\/wp-json\/wp\/v2\/product_cat?post=24444"},{"taxonomy":"product_tag","embeddable":true,"href":"https:\/\/hisaronuziraat.com\/index.php\/wp-json\/wp\/v2\/product_tag?post=24444"}],"curies":[{"name":"wp","href":"https:\/\/api.w.org\/{rel}","templated":true}]}}