{"id":24441,"date":"2022-12-04T22:05:41","date_gmt":"2022-12-04T19:05:41","guid":{"rendered":"https:\/\/hisaronuziraat.com\/site\/?post_type=product&amp;p=24441"},"modified":"2022-12-04T22:05:41","modified_gmt":"2022-12-04T19:05:41","slug":"kavun-kirkagac-637","status":"publish","type":"product","link":"https:\/\/hisaronuziraat.com\/index.php\/urun\/kavun-kirkagac-637\/","title":{"rendered":"Kavun K\u0131rka\u011fa\u00e7 637  (Alt\u0131nba\u015f) &#8211; 10gr"},"content":{"rendered":"<ul>\n<li>Meyveleri yuvarlak \u015fekilli olup 3-6 kg aras\u0131ndad\u0131r<\/li>\n<\/ul>\n<ul>\n<li>Kabuk yap\u0131s\u0131 sert ve kal\u0131n oldu\u011fundan nakliyeye dayan\u0131kl\u0131d\u0131r<\/li>\n<\/ul>\n<ul>\n<li>Kavun\u2019un i\u00e7 eti kal\u0131n olup \u00e7ekirdek evi k\u00fc\u00e7\u00fck ve azd\u0131r<\/li>\n<\/ul>\n<ul>\n<li>Dekara 1,5-2,5 ton aras\u0131nda \u00fcr\u00fcn al\u0131n\u0131r<\/li>\n<\/ul>\n<ul>\n<li>Toprak yap\u0131s\u0131 se\u00e7meyen orta erkenci bir \u00e7e\u015fittir<\/li>\n<\/ul>\n<ul>\n<li>T\u00fcrkiye\u2019nin b\u00fct\u00fcn b\u00f6lgelerinde yeti\u015ftirilir<\/li>\n<\/ul>\n","protected":false},"excerpt":{"rendered":"<p>Meyveleri yuvarlak \u015fekilli olup 3-6 kg aras\u0131ndad\u0131r Kabuk yap\u0131s\u0131 sert ve kal\u0131n oldu\u011fundan nakliyeye dayan\u0131kl\u0131d\u0131r Kavun\u2019un i\u00e7 eti kal\u0131n olup \u00e7ekirdek evi k\u00fc\u00e7\u00fck ve azd\u0131r Dekara 1,5-2,5 ton aras\u0131nda \u00fcr\u00fcn al\u0131n\u0131r Toprak yap\u0131s\u0131 se\u00e7meyen orta erkenci bir \u00e7e\u015fittir T\u00fcrkiye\u2019nin b\u00fct\u00fcn b\u00f6lgelerinde yeti\u015ftirilir<\/p>\n","protected":false},"featured_media":24913,"comment_status":"open","ping_status":"closed","template":"","meta":[],"product_cat":[90],"product_tag":[],"class_list":{"0":"post-24441","1":"product","2":"type-product","3":"status-publish","4":"has-post-thumbnail","6":"product_cat-sebze","7":"product_brand-kucuk-ciftlik","9":"first","10":"instock","11":"shipping-taxable","12":"purchasable","13":"product-type-simple"},"_links":{"self":[{"href":"https:\/\/hisaronuziraat.com\/index.php\/wp-json\/wp\/v2\/product\/24441","targetHints":{"allow":["GET"]}}],"collection":[{"href":"https:\/\/hisaronuziraat.com\/index.php\/wp-json\/wp\/v2\/product"}],"about":[{"href":"https:\/\/hisaronuziraat.com\/index.php\/wp-json\/wp\/v2\/types\/product"}],"replies":[{"embeddable":true,"href":"https:\/\/hisaronuziraat.com\/index.php\/wp-json\/wp\/v2\/comments?post=24441"}],"wp:featuredmedia":[{"embeddable":true,"href":"https:\/\/hisaronuziraat.com\/index.php\/wp-json\/wp\/v2\/media\/24913"}],"wp:attachment":[{"href":"https:\/\/hisaronuziraat.com\/index.php\/wp-json\/wp\/v2\/media?parent=24441"}],"wp:term":[{"taxonomy":"product_cat","embeddable":true,"href":"https:\/\/hisaronuziraat.com\/index.php\/wp-json\/wp\/v2\/product_cat?post=24441"},{"taxonomy":"product_tag","embeddable":true,"href":"https:\/\/hisaronuziraat.com\/index.php\/wp-json\/wp\/v2\/product_tag?post=24441"}],"curies":[{"name":"wp","href":"https:\/\/api.w.org\/{rel}","templated":true}]}}