{"id":24439,"date":"2022-12-04T22:05:41","date_gmt":"2022-12-04T19:05:41","guid":{"rendered":"https:\/\/hisaronuziraat.com\/site\/?post_type=product&amp;p=24439"},"modified":"2022-12-04T22:05:41","modified_gmt":"2022-12-04T19:05:41","slug":"kereviz-canakkale-beyazbas","status":"publish","type":"product","link":"https:\/\/hisaronuziraat.com\/index.php\/urun\/kereviz-canakkale-beyazbas\/","title":{"rendered":"Kereviz \u00c7anakkale (Beyazba\u015f) 500gr"},"content":{"rendered":"<p>Teneke 500gr<\/p>\n<ul>\n<li>Yuvarla\u011fa yak\u0131n bas\u0131k \u015fekilli, beyaz etli ve s\u0131k\u0131 dokulu bir yap\u0131s\u0131 vard\u0131r<\/li>\n<\/ul>\n<ul>\n<li>K\u00f6k \u00e7ap\u0131 10-11 cm olup gevrek ve lifsizdir<\/li>\n<\/ul>\n","protected":false},"excerpt":{"rendered":"<p>Teneke 500gr Yuvarla\u011fa yak\u0131n bas\u0131k \u015fekilli, beyaz etli ve s\u0131k\u0131 dokulu bir yap\u0131s\u0131 vard\u0131r K\u00f6k \u00e7ap\u0131 10-11 cm olup gevrek ve lifsizdir<\/p>\n","protected":false},"featured_media":24924,"comment_status":"open","ping_status":"closed","template":"","meta":[],"product_cat":[90],"product_tag":[],"class_list":{"0":"post-24439","1":"product","2":"type-product","3":"status-publish","4":"has-post-thumbnail","6":"product_cat-sebze","7":"product_brand-kucuk-ciftlik","9":"first","10":"instock","11":"taxable","12":"shipping-taxable","13":"purchasable","14":"product-type-simple"},"_links":{"self":[{"href":"https:\/\/hisaronuziraat.com\/index.php\/wp-json\/wp\/v2\/product\/24439","targetHints":{"allow":["GET"]}}],"collection":[{"href":"https:\/\/hisaronuziraat.com\/index.php\/wp-json\/wp\/v2\/product"}],"about":[{"href":"https:\/\/hisaronuziraat.com\/index.php\/wp-json\/wp\/v2\/types\/product"}],"replies":[{"embeddable":true,"href":"https:\/\/hisaronuziraat.com\/index.php\/wp-json\/wp\/v2\/comments?post=24439"}],"wp:featuredmedia":[{"embeddable":true,"href":"https:\/\/hisaronuziraat.com\/index.php\/wp-json\/wp\/v2\/media\/24924"}],"wp:attachment":[{"href":"https:\/\/hisaronuziraat.com\/index.php\/wp-json\/wp\/v2\/media?parent=24439"}],"wp:term":[{"taxonomy":"product_cat","embeddable":true,"href":"https:\/\/hisaronuziraat.com\/index.php\/wp-json\/wp\/v2\/product_cat?post=24439"},{"taxonomy":"product_tag","embeddable":true,"href":"https:\/\/hisaronuziraat.com\/index.php\/wp-json\/wp\/v2\/product_tag?post=24439"}],"curies":[{"name":"wp","href":"https:\/\/api.w.org\/{rel}","templated":true}]}}