{"id":24434,"date":"2022-12-04T22:05:40","date_gmt":"2022-12-04T19:05:40","guid":{"rendered":"https:\/\/hisaronuziraat.com\/site\/?post_type=product&amp;p=24434"},"modified":"2022-12-04T22:05:40","modified_gmt":"2022-12-04T19:05:40","slug":"kabak-karacam-siyah-25gr","status":"publish","type":"product","link":"https:\/\/hisaronuziraat.com\/index.php\/urun\/kabak-karacam-siyah-25gr\/","title":{"rendered":"Kabak Kara\u00e7am (Siyah) 25gr"},"content":{"rendered":"<ul>\n<li>Kabuk rengi koyu ye\u015fil, 18- 20 cm boyundad\u0131r<\/li>\n<\/ul>\n<ul>\n<li>Silindirik, d\u00fczg\u00fcn meyveli bir kabak \u00e7e\u015fididir<\/li>\n<\/ul>\n<ul>\n<li>Bitki yap\u0131s\u0131 g\u00fc\u00e7l\u00fcd\u00fcr ve kol atmaz<\/li>\n<\/ul>\n<ul>\n<li>Tohum ekiminden itibaren 55-60 g\u00fcnde hasada gelir<\/li>\n<\/ul>\n","protected":false},"excerpt":{"rendered":"<p>Kabuk rengi koyu ye\u015fil, 18- 20 cm boyundad\u0131r Silindirik, d\u00fczg\u00fcn meyveli bir kabak \u00e7e\u015fididir Bitki yap\u0131s\u0131 g\u00fc\u00e7l\u00fcd\u00fcr ve kol atmaz Tohum ekiminden itibaren 55-60 g\u00fcnde hasada gelir<\/p>\n","protected":false},"featured_media":24970,"comment_status":"open","ping_status":"closed","template":"","meta":[],"product_cat":[90],"product_tag":[],"class_list":{"0":"post-24434","1":"product","2":"type-product","3":"status-publish","4":"has-post-thumbnail","6":"product_cat-sebze","7":"product_brand-kucuk-ciftlik","9":"first","10":"instock","11":"shipping-taxable","12":"purchasable","13":"product-type-simple"},"_links":{"self":[{"href":"https:\/\/hisaronuziraat.com\/index.php\/wp-json\/wp\/v2\/product\/24434","targetHints":{"allow":["GET"]}}],"collection":[{"href":"https:\/\/hisaronuziraat.com\/index.php\/wp-json\/wp\/v2\/product"}],"about":[{"href":"https:\/\/hisaronuziraat.com\/index.php\/wp-json\/wp\/v2\/types\/product"}],"replies":[{"embeddable":true,"href":"https:\/\/hisaronuziraat.com\/index.php\/wp-json\/wp\/v2\/comments?post=24434"}],"wp:featuredmedia":[{"embeddable":true,"href":"https:\/\/hisaronuziraat.com\/index.php\/wp-json\/wp\/v2\/media\/24970"}],"wp:attachment":[{"href":"https:\/\/hisaronuziraat.com\/index.php\/wp-json\/wp\/v2\/media?parent=24434"}],"wp:term":[{"taxonomy":"product_cat","embeddable":true,"href":"https:\/\/hisaronuziraat.com\/index.php\/wp-json\/wp\/v2\/product_cat?post=24434"},{"taxonomy":"product_tag","embeddable":true,"href":"https:\/\/hisaronuziraat.com\/index.php\/wp-json\/wp\/v2\/product_tag?post=24434"}],"curies":[{"name":"wp","href":"https:\/\/api.w.org\/{rel}","templated":true}]}}