{"id":24429,"date":"2022-12-04T22:05:40","date_gmt":"2022-12-04T19:05:40","guid":{"rendered":"https:\/\/hisaronuziraat.com\/site\/?post_type=product&amp;p=24429"},"modified":"2022-12-04T22:05:40","modified_gmt":"2022-12-04T19:05:40","slug":"lahana-beyaz-yalova","status":"publish","type":"product","link":"https:\/\/hisaronuziraat.com\/index.php\/urun\/lahana-beyaz-yalova\/","title":{"rendered":"Lahana Beyaz Yalova 10gr"},"content":{"rendered":"<ul>\n<li>B\u00fct\u00fcn b\u00f6lgelerimizde ekimi yap\u0131labilir<\/li>\n<\/ul>\n<ul>\n<li>Yuvarlak, hafif bas\u0131k standart beyaz ba\u015fl\u0131 lahana \u00e7e\u015fididir<\/li>\n<\/ul>\n<ul>\n<li>A\u011f\u0131rl\u0131\u011f\u0131 3,5-5 kg civar\u0131nda olup tur\u015fuluk ve yemeklik olarak kullan\u0131l\u0131r<\/li>\n<\/ul>\n","protected":false},"excerpt":{"rendered":"<p>B\u00fct\u00fcn b\u00f6lgelerimizde ekimi yap\u0131labilir Yuvarlak, hafif bas\u0131k standart beyaz ba\u015fl\u0131 lahana \u00e7e\u015fididir A\u011f\u0131rl\u0131\u011f\u0131 3,5-5 kg civar\u0131nda olup tur\u015fuluk ve yemeklik olarak kullan\u0131l\u0131r<\/p>\n","protected":false},"featured_media":24921,"comment_status":"open","ping_status":"closed","template":"","meta":[],"product_cat":[90],"product_tag":[],"class_list":{"0":"post-24429","1":"product","2":"type-product","3":"status-publish","4":"has-post-thumbnail","6":"product_cat-sebze","7":"product_brand-kucuk-ciftlik","9":"first","10":"instock","11":"shipping-taxable","12":"purchasable","13":"product-type-simple"},"_links":{"self":[{"href":"https:\/\/hisaronuziraat.com\/index.php\/wp-json\/wp\/v2\/product\/24429","targetHints":{"allow":["GET"]}}],"collection":[{"href":"https:\/\/hisaronuziraat.com\/index.php\/wp-json\/wp\/v2\/product"}],"about":[{"href":"https:\/\/hisaronuziraat.com\/index.php\/wp-json\/wp\/v2\/types\/product"}],"replies":[{"embeddable":true,"href":"https:\/\/hisaronuziraat.com\/index.php\/wp-json\/wp\/v2\/comments?post=24429"}],"wp:featuredmedia":[{"embeddable":true,"href":"https:\/\/hisaronuziraat.com\/index.php\/wp-json\/wp\/v2\/media\/24921"}],"wp:attachment":[{"href":"https:\/\/hisaronuziraat.com\/index.php\/wp-json\/wp\/v2\/media?parent=24429"}],"wp:term":[{"taxonomy":"product_cat","embeddable":true,"href":"https:\/\/hisaronuziraat.com\/index.php\/wp-json\/wp\/v2\/product_cat?post=24429"},{"taxonomy":"product_tag","embeddable":true,"href":"https:\/\/hisaronuziraat.com\/index.php\/wp-json\/wp\/v2\/product_tag?post=24429"}],"curies":[{"name":"wp","href":"https:\/\/api.w.org\/{rel}","templated":true}]}}