{"id":24427,"date":"2022-12-04T22:05:40","date_gmt":"2022-12-04T19:05:40","guid":{"rendered":"https:\/\/hisaronuziraat.com\/site\/?post_type=product&amp;p=24427"},"modified":"2022-12-04T22:05:40","modified_gmt":"2022-12-04T19:05:40","slug":"havuc-mor","status":"publish","type":"product","link":"https:\/\/hisaronuziraat.com\/index.php\/urun\/havuc-mor\/","title":{"rendered":"Havu\u00e7 Mor 10gr"},"content":{"rendered":"<div class=\"col-md-7 col-sm-7 col-lg-6 col-xs-12 urun-detay-sag\">\n<div class=\"urun-d-extra fontsize\">\n<ul>\n<li>\u201cMor\u201d ya da \u201cSiyah havu\u00e7\u201d olarak bilinir<\/li>\n<li>\u0130\u00e7i ve d\u0131\u015f\u0131 koyu- mor renklidir<\/li>\n<li>Silindirik\u00a0\u015fekilli olup ucu sivridir<\/li>\n<li>Bitki yap\u0131s\u0131 \u00e7ok kuvvetlidir<\/li>\n<li>Do\u011fal renklendirici olmas\u0131 sebebi g\u0131da sanayinde kullan\u0131l\u0131r<\/li>\n<\/ul>\n<\/div>\n<\/div>\n","protected":false},"excerpt":{"rendered":"<p>\u201cMor\u201d ya da \u201cSiyah havu\u00e7\u201d olarak bilinir \u0130\u00e7i ve d\u0131\u015f\u0131 koyu- mor renklidir Silindirik\u00a0\u015fekilli olup ucu sivridir Bitki yap\u0131s\u0131 \u00e7ok kuvvetlidir Do\u011fal renklendirici olmas\u0131 sebebi g\u0131da sanayinde kullan\u0131l\u0131r<\/p>\n","protected":false},"featured_media":24930,"comment_status":"open","ping_status":"closed","template":"","meta":[],"product_cat":[90],"product_tag":[],"class_list":{"0":"post-24427","1":"product","2":"type-product","3":"status-publish","4":"has-post-thumbnail","6":"product_cat-sebze","7":"product_brand-arzuman","9":"first","10":"instock","11":"shipping-taxable","12":"purchasable","13":"product-type-simple"},"_links":{"self":[{"href":"https:\/\/hisaronuziraat.com\/index.php\/wp-json\/wp\/v2\/product\/24427","targetHints":{"allow":["GET"]}}],"collection":[{"href":"https:\/\/hisaronuziraat.com\/index.php\/wp-json\/wp\/v2\/product"}],"about":[{"href":"https:\/\/hisaronuziraat.com\/index.php\/wp-json\/wp\/v2\/types\/product"}],"replies":[{"embeddable":true,"href":"https:\/\/hisaronuziraat.com\/index.php\/wp-json\/wp\/v2\/comments?post=24427"}],"wp:featuredmedia":[{"embeddable":true,"href":"https:\/\/hisaronuziraat.com\/index.php\/wp-json\/wp\/v2\/media\/24930"}],"wp:attachment":[{"href":"https:\/\/hisaronuziraat.com\/index.php\/wp-json\/wp\/v2\/media?parent=24427"}],"wp:term":[{"taxonomy":"product_cat","embeddable":true,"href":"https:\/\/hisaronuziraat.com\/index.php\/wp-json\/wp\/v2\/product_cat?post=24427"},{"taxonomy":"product_tag","embeddable":true,"href":"https:\/\/hisaronuziraat.com\/index.php\/wp-json\/wp\/v2\/product_tag?post=24427"}],"curies":[{"name":"wp","href":"https:\/\/api.w.org\/{rel}","templated":true}]}}