{"id":24426,"date":"2022-12-04T22:05:39","date_gmt":"2022-12-04T19:05:39","guid":{"rendered":"https:\/\/hisaronuziraat.com\/site\/?post_type=product&amp;p=24426"},"modified":"2022-12-04T22:05:39","modified_gmt":"2022-12-04T19:05:39","slug":"aslan-agzi-10gr","status":"publish","type":"product","link":"https:\/\/hisaronuziraat.com\/index.php\/urun\/aslan-agzi-10gr\/","title":{"rendered":"Aslan A\u011fz\u0131 10gr"},"content":{"rendered":"<p><strong>A\u00c704-Aslan A\u011fz\u0131<\/strong><\/p>\n<div class=\"urun-d-extra fontsize\">\n<p><strong>Latince ismi:\u00a0<em>Antirrhinum\u00a0 majus<\/em><\/strong><\/p>\n<p>\u00c7ok y\u0131ll\u0131k kolay yeti\u015ftirilebilen otsu bitki grubundand\u0131r. \u00c7i\u00e7ekleri kar\u0131\u015f\u0131k renklidir. Yaz ba\u015f\u0131ndan sonbahara kadar \u00e7i\u00e7ek a\u00e7ar. Her t\u00fcrl\u00fc toprak \u00e7e\u015fidinde yeti\u015ftirilebilir. Il\u0131man iklim olmak \u00fczere geni\u015f bir s\u0131cakl\u0131k aral\u0131\u011f\u0131na dayanabilir. Yeti\u015ftirilmesi kolay bir \u00e7i\u00e7ektir. Bah\u00e7ede ve saks\u0131da yeti\u015ftiricili\u011fe uygundur.<\/p>\n<table style=\"height: 159px\" border=\"1\" width=\"533\" cellspacing=\"0\" cellpadding=\"0\">\n<tbody>\n<tr>\n<td>\n<div><strong>Ekim Derinli\u011fi<\/strong><\/div>\n<\/td>\n<td>\n<div>\u00a00,5-1 cm<\/div>\n<\/td>\n<\/tr>\n<tr>\n<td>\n<div><strong>Y\u00fckseklik<\/strong><\/div>\n<\/td>\n<td>\n<div>20-40 cm<\/div>\n<\/td>\n<\/tr>\n<tr>\n<td>\n<div><strong>Renk \u00d6zelli\u011fi<\/strong><\/div>\n<\/td>\n<td>\n<div>Kar\u0131\u015f\u0131k renk<\/div>\n<\/td>\n<\/tr>\n<tr>\n<td>\n<div><strong>Ekim zaman\u0131<\/strong><\/div>\n<\/td>\n<td>\n<div>\u0130lkbahar, yaz aylar\u0131<\/div>\n<\/td>\n<\/tr>\n<tr>\n<td>\n<div><strong>Tipi<\/strong><\/div>\n<\/td>\n<td>\n<div>\u00c7ok y\u0131ll\u0131k<\/div>\n<\/td>\n<\/tr>\n<tr>\n<td>\n<div><strong>Tahmini \u00c7imlenme G\u00fcn\u00fc<\/strong><\/div>\n<\/td>\n<td>\n<div>\u00a025-30 g\u00fcn<\/div>\n<\/td>\n<\/tr>\n<\/tbody>\n<\/table>\n<\/div>\n","protected":false},"excerpt":{"rendered":"<p>A\u00c704-Aslan A\u011fz\u0131 Latince ismi:\u00a0Antirrhinum\u00a0 majus \u00c7ok y\u0131ll\u0131k kolay yeti\u015ftirilebilen otsu bitki grubundand\u0131r. \u00c7i\u00e7ekleri kar\u0131\u015f\u0131k renklidir. Yaz ba\u015f\u0131ndan sonbahara kadar \u00e7i\u00e7ek a\u00e7ar. Her t\u00fcrl\u00fc toprak \u00e7e\u015fidinde yeti\u015ftirilebilir. Il\u0131man iklim olmak \u00fczere geni\u015f bir s\u0131cakl\u0131k aral\u0131\u011f\u0131na dayanabilir. Yeti\u015ftirilmesi kolay bir \u00e7i\u00e7ektir. Bah\u00e7ede ve saks\u0131da yeti\u015ftiricili\u011fe uygundur. Ekim Derinli\u011fi \u00a00,5-1 cm Y\u00fckseklik 20-40 cm Renk \u00d6zelli\u011fi Kar\u0131\u015f\u0131k renk [&hellip;]<\/p>\n","protected":false},"featured_media":24967,"comment_status":"open","ping_status":"closed","template":"","meta":[],"product_cat":[85],"product_tag":[],"class_list":{"0":"post-24426","1":"product","2":"type-product","3":"status-publish","4":"has-post-thumbnail","6":"product_cat-cicek","7":"product_brand-arzuman","9":"first","10":"instock","11":"shipping-taxable","12":"purchasable","13":"product-type-simple"},"_links":{"self":[{"href":"https:\/\/hisaronuziraat.com\/index.php\/wp-json\/wp\/v2\/product\/24426","targetHints":{"allow":["GET"]}}],"collection":[{"href":"https:\/\/hisaronuziraat.com\/index.php\/wp-json\/wp\/v2\/product"}],"about":[{"href":"https:\/\/hisaronuziraat.com\/index.php\/wp-json\/wp\/v2\/types\/product"}],"replies":[{"embeddable":true,"href":"https:\/\/hisaronuziraat.com\/index.php\/wp-json\/wp\/v2\/comments?post=24426"}],"wp:featuredmedia":[{"embeddable":true,"href":"https:\/\/hisaronuziraat.com\/index.php\/wp-json\/wp\/v2\/media\/24967"}],"wp:attachment":[{"href":"https:\/\/hisaronuziraat.com\/index.php\/wp-json\/wp\/v2\/media?parent=24426"}],"wp:term":[{"taxonomy":"product_cat","embeddable":true,"href":"https:\/\/hisaronuziraat.com\/index.php\/wp-json\/wp\/v2\/product_cat?post=24426"},{"taxonomy":"product_tag","embeddable":true,"href":"https:\/\/hisaronuziraat.com\/index.php\/wp-json\/wp\/v2\/product_tag?post=24426"}],"curies":[{"name":"wp","href":"https:\/\/api.w.org\/{rel}","templated":true}]}}