{"id":24425,"date":"2022-12-04T22:05:39","date_gmt":"2022-12-04T19:05:39","guid":{"rendered":"https:\/\/hisaronuziraat.com\/site\/?post_type=product&amp;p=24425"},"modified":"2022-12-04T22:05:39","modified_gmt":"2022-12-04T19:05:39","slug":"sogan-mor","status":"publish","type":"product","link":"https:\/\/hisaronuziraat.com\/index.php\/urun\/sogan-mor\/","title":{"rendered":"So\u011fan Mor 5gr"},"content":{"rendered":"<ul>\n<li>Standart, uzun g\u00fcn, orta ge\u00e7ci so\u011fan \u00e7e\u015fididir<\/li>\n<li>\u015eekil \u00fcstten bas\u0131k, k\u00f6k k\u0131sm\u0131na do\u011fru hafif sivridir<\/li>\n<li>Kabuk rengi ve meyve rengi koyu k\u0131rm\u0131z\u0131d\u0131r<\/li>\n<li>Tohumdan do\u011frudan ba\u015f ba\u011flama \u00f6zelli\u011fi vard\u0131r<\/li>\n<li>Hobi yeti\u015ftiricilerinin arad\u0131\u011f\u0131 bir \u00e7e\u015fittir<\/li>\n<\/ul>\n","protected":false},"excerpt":{"rendered":"<p>Standart, uzun g\u00fcn, orta ge\u00e7ci so\u011fan \u00e7e\u015fididir \u015eekil \u00fcstten bas\u0131k, k\u00f6k k\u0131sm\u0131na do\u011fru hafif sivridir Kabuk rengi ve meyve rengi koyu k\u0131rm\u0131z\u0131d\u0131r Tohumdan do\u011frudan ba\u015f ba\u011flama \u00f6zelli\u011fi vard\u0131r Hobi yeti\u015ftiricilerinin arad\u0131\u011f\u0131 bir \u00e7e\u015fittir<\/p>\n","protected":false},"featured_media":24991,"comment_status":"open","ping_status":"closed","template":"","meta":[],"product_cat":[90],"product_tag":[],"class_list":{"0":"post-24425","1":"product","2":"type-product","3":"status-publish","4":"has-post-thumbnail","6":"product_cat-sebze","7":"product_brand-arzuman","9":"first","10":"outofstock","11":"shipping-taxable","12":"product-type-simple"},"_links":{"self":[{"href":"https:\/\/hisaronuziraat.com\/index.php\/wp-json\/wp\/v2\/product\/24425","targetHints":{"allow":["GET"]}}],"collection":[{"href":"https:\/\/hisaronuziraat.com\/index.php\/wp-json\/wp\/v2\/product"}],"about":[{"href":"https:\/\/hisaronuziraat.com\/index.php\/wp-json\/wp\/v2\/types\/product"}],"replies":[{"embeddable":true,"href":"https:\/\/hisaronuziraat.com\/index.php\/wp-json\/wp\/v2\/comments?post=24425"}],"wp:featuredmedia":[{"embeddable":true,"href":"https:\/\/hisaronuziraat.com\/index.php\/wp-json\/wp\/v2\/media\/24991"}],"wp:attachment":[{"href":"https:\/\/hisaronuziraat.com\/index.php\/wp-json\/wp\/v2\/media?parent=24425"}],"wp:term":[{"taxonomy":"product_cat","embeddable":true,"href":"https:\/\/hisaronuziraat.com\/index.php\/wp-json\/wp\/v2\/product_cat?post=24425"},{"taxonomy":"product_tag","embeddable":true,"href":"https:\/\/hisaronuziraat.com\/index.php\/wp-json\/wp\/v2\/product_tag?post=24425"}],"curies":[{"name":"wp","href":"https:\/\/api.w.org\/{rel}","templated":true}]}}