{"id":24424,"date":"2022-12-04T22:05:39","date_gmt":"2022-12-04T19:05:39","guid":{"rendered":"https:\/\/hisaronuziraat.com\/site\/?post_type=product&#038;p=24424"},"modified":"2025-11-03T23:03:56","modified_gmt":"2025-11-03T20:03:56","slug":"misir-tatli","status":"publish","type":"product","link":"https:\/\/hisaronuziraat.com\/index.php\/urun\/misir-tatli\/","title":{"rendered":"M\u0131s\u0131r (Tatl\u0131) 25gr"},"content":{"rendered":"<p>Arzuman Tatl\u0131 M\u0131s\u0131r Tohumu 25 Gram<br \/>\nTatl\u0131 m\u0131s\u0131r \u00e7e\u015fitidir.<\/p>\n<p>\u00d6nceden s\u00fcr\u00fclm\u00fc\u015f ya da bellenmi\u015f olan toprak; t\u0131rm\u0131k ya da benzer bir aletle ekim i\u00e7in uygun hale getirilir, ekim yap\u0131lacak alan ihtiyaca g\u00f6re g\u00fcbrelenir, keseksiz d\u00fczg\u00fcn bir toprak y\u00fczeyi olu\u015fturulur.<\/p>\n<p>M\u0131s\u0131r s\u0131cak iklim bitkisidir. Fakat a\u015f\u0131r\u0131 s\u0131cakl\u0131k da istemez. \u0130lkbahar ve sonbahar aras\u0131nda rahatl\u0131kla yeti\u015ftirilebilir. Geli\u015fme devresinde 20-25 \u00b0C s\u0131cakl\u0131k ister. 38 \u00b0C \u00fczerindeki s\u0131cakl\u0131klarda bitki zarar g\u00f6r\u00fcr. D\u00fc\u015f\u00fck s\u0131cakl\u0131kta ise geli\u015fme durur.<br \/>\nNemli topra\u011fa ekim yapmak tohumun h\u0131zl\u0131 \u00e7imlenmesini sa\u011flar. S\u0131cak havalarda sulama s\u0131kl\u0131\u011f\u0131 art\u0131r\u0131lmal\u0131, topra\u011f\u0131n nemli kalmas\u0131na \u00f6zen g\u00f6sterilmelidir. Yabanc\u0131 ot ve zararl\u0131larla m\u00fccadeleye dikkat edilmelidir.<\/p>\n","protected":false},"excerpt":{"rendered":"<p>Arzuman Tatl\u0131 M\u0131s\u0131r Tohumu 25 Gram Tatl\u0131 m\u0131s\u0131r \u00e7e\u015fitidir. \u00d6nceden s\u00fcr\u00fclm\u00fc\u015f ya da bellenmi\u015f olan toprak; t\u0131rm\u0131k ya da benzer bir aletle ekim i\u00e7in uygun hale getirilir, ekim yap\u0131lacak alan ihtiyaca g\u00f6re g\u00fcbrelenir, keseksiz d\u00fczg\u00fcn bir toprak y\u00fczeyi olu\u015fturulur. M\u0131s\u0131r s\u0131cak iklim bitkisidir. Fakat a\u015f\u0131r\u0131 s\u0131cakl\u0131k da istemez. \u0130lkbahar ve sonbahar aras\u0131nda rahatl\u0131kla yeti\u015ftirilebilir. Geli\u015fme [&hellip;]<\/p>\n","protected":false},"featured_media":24989,"comment_status":"open","ping_status":"closed","template":"","meta":[],"product_cat":[90],"product_tag":[],"class_list":{"0":"post-24424","1":"product","2":"type-product","3":"status-publish","4":"has-post-thumbnail","6":"product_cat-sebze","7":"product_brand-arzuman","9":"first","10":"instock","11":"shipping-taxable","12":"purchasable","13":"product-type-simple"},"_links":{"self":[{"href":"https:\/\/hisaronuziraat.com\/index.php\/wp-json\/wp\/v2\/product\/24424","targetHints":{"allow":["GET"]}}],"collection":[{"href":"https:\/\/hisaronuziraat.com\/index.php\/wp-json\/wp\/v2\/product"}],"about":[{"href":"https:\/\/hisaronuziraat.com\/index.php\/wp-json\/wp\/v2\/types\/product"}],"replies":[{"embeddable":true,"href":"https:\/\/hisaronuziraat.com\/index.php\/wp-json\/wp\/v2\/comments?post=24424"}],"wp:featuredmedia":[{"embeddable":true,"href":"https:\/\/hisaronuziraat.com\/index.php\/wp-json\/wp\/v2\/media\/24989"}],"wp:attachment":[{"href":"https:\/\/hisaronuziraat.com\/index.php\/wp-json\/wp\/v2\/media?parent=24424"}],"wp:term":[{"taxonomy":"product_cat","embeddable":true,"href":"https:\/\/hisaronuziraat.com\/index.php\/wp-json\/wp\/v2\/product_cat?post=24424"},{"taxonomy":"product_tag","embeddable":true,"href":"https:\/\/hisaronuziraat.com\/index.php\/wp-json\/wp\/v2\/product_tag?post=24424"}],"curies":[{"name":"wp","href":"https:\/\/api.w.org\/{rel}","templated":true}]}}