{"id":24423,"date":"2022-12-04T22:05:39","date_gmt":"2022-12-04T19:05:39","guid":{"rendered":"https:\/\/hisaronuziraat.com\/site\/?post_type=product&amp;p=24423"},"modified":"2022-12-04T22:05:39","modified_gmt":"2022-12-04T19:05:39","slug":"marul-iceberg","status":"publish","type":"product","link":"https:\/\/hisaronuziraat.com\/index.php\/urun\/marul-iceberg\/","title":{"rendered":"Marul Iceberg  1000 Adet"},"content":{"rendered":"<ul>\n<li>G\u00f6bekli, k\u0131v\u0131rc\u0131k iceberg tipinde bir marul \u00e7e\u015fididir<\/li>\n<\/ul>\n<ul>\n<li>Yapraklar\u0131 ye\u015fil renkli, u\u00e7lar\u0131 dalgal\u0131, g\u00f6bek orta irilikte ve s\u0131k\u0131 ba\u015fl\u0131d\u0131r<\/li>\n<\/ul>\n<ul>\n<li>G\u00f6bek rengi a\u00e7\u0131k ye\u015fil-sar\u0131d\u0131r<\/li>\n<\/ul>\n<ul>\n<li>So\u011fuklara dayan\u0131kl\u0131 bir \u00e7e\u015fittir<\/li>\n<\/ul>\n","protected":false},"excerpt":{"rendered":"<p>G\u00f6bekli, k\u0131v\u0131rc\u0131k iceberg tipinde bir marul \u00e7e\u015fididir Yapraklar\u0131 ye\u015fil renkli, u\u00e7lar\u0131 dalgal\u0131, g\u00f6bek orta irilikte ve s\u0131k\u0131 ba\u015fl\u0131d\u0131r G\u00f6bek rengi a\u00e7\u0131k ye\u015fil-sar\u0131d\u0131r So\u011fuklara dayan\u0131kl\u0131 bir \u00e7e\u015fittir<\/p>\n","protected":false},"featured_media":25000,"comment_status":"open","ping_status":"closed","template":"","meta":[],"product_cat":[90],"product_tag":[],"class_list":{"0":"post-24423","1":"product","2":"type-product","3":"status-publish","4":"has-post-thumbnail","6":"product_cat-sebze","7":"product_brand-arzuman","8":"product_brand-kucuk-ciftlik","10":"first","11":"instock","12":"shipping-taxable","13":"purchasable","14":"product-type-simple"},"_links":{"self":[{"href":"https:\/\/hisaronuziraat.com\/index.php\/wp-json\/wp\/v2\/product\/24423","targetHints":{"allow":["GET"]}}],"collection":[{"href":"https:\/\/hisaronuziraat.com\/index.php\/wp-json\/wp\/v2\/product"}],"about":[{"href":"https:\/\/hisaronuziraat.com\/index.php\/wp-json\/wp\/v2\/types\/product"}],"replies":[{"embeddable":true,"href":"https:\/\/hisaronuziraat.com\/index.php\/wp-json\/wp\/v2\/comments?post=24423"}],"wp:featuredmedia":[{"embeddable":true,"href":"https:\/\/hisaronuziraat.com\/index.php\/wp-json\/wp\/v2\/media\/25000"}],"wp:attachment":[{"href":"https:\/\/hisaronuziraat.com\/index.php\/wp-json\/wp\/v2\/media?parent=24423"}],"wp:term":[{"taxonomy":"product_cat","embeddable":true,"href":"https:\/\/hisaronuziraat.com\/index.php\/wp-json\/wp\/v2\/product_cat?post=24423"},{"taxonomy":"product_tag","embeddable":true,"href":"https:\/\/hisaronuziraat.com\/index.php\/wp-json\/wp\/v2\/product_tag?post=24423"}],"curies":[{"name":"wp","href":"https:\/\/api.w.org\/{rel}","templated":true}]}}