{"id":24420,"date":"2022-12-04T22:05:39","date_gmt":"2022-12-04T19:05:39","guid":{"rendered":"https:\/\/hisaronuziraat.com\/site\/?post_type=product&#038;p=24420"},"modified":"2025-11-03T23:02:39","modified_gmt":"2025-11-03T20:02:39","slug":"maydonoz-kivircik","status":"publish","type":"product","link":"https:\/\/hisaronuziraat.com\/index.php\/urun\/maydonoz-kivircik\/","title":{"rendered":"Maydonoz (K\u0131v\u0131rc\u0131k) 10gr"},"content":{"rendered":"<p>Frenk<\/p>\n<ul>\n<li>A\u00e7\u0131k alan ve saks\u0131da yeti\u015ftirilebilir.<\/li>\n<li>1 paket 5-10 m\u00b2 alan\u0131 ekmektedir.<\/li>\n<\/ul>\n","protected":false},"excerpt":{"rendered":"<p>Frenk A\u00e7\u0131k alan ve saks\u0131da yeti\u015ftirilebilir. 1 paket 5-10 m\u00b2 alan\u0131 ekmektedir.<\/p>\n","protected":false},"featured_media":25002,"comment_status":"open","ping_status":"closed","template":"","meta":[],"product_cat":[90],"product_tag":[],"class_list":{"0":"post-24420","1":"product","2":"type-product","3":"status-publish","4":"has-post-thumbnail","6":"product_cat-sebze","7":"product_brand-arzuman","9":"first","10":"instock","11":"taxable","12":"shipping-taxable","13":"purchasable","14":"product-type-simple"},"_links":{"self":[{"href":"https:\/\/hisaronuziraat.com\/index.php\/wp-json\/wp\/v2\/product\/24420","targetHints":{"allow":["GET"]}}],"collection":[{"href":"https:\/\/hisaronuziraat.com\/index.php\/wp-json\/wp\/v2\/product"}],"about":[{"href":"https:\/\/hisaronuziraat.com\/index.php\/wp-json\/wp\/v2\/types\/product"}],"replies":[{"embeddable":true,"href":"https:\/\/hisaronuziraat.com\/index.php\/wp-json\/wp\/v2\/comments?post=24420"}],"wp:featuredmedia":[{"embeddable":true,"href":"https:\/\/hisaronuziraat.com\/index.php\/wp-json\/wp\/v2\/media\/25002"}],"wp:attachment":[{"href":"https:\/\/hisaronuziraat.com\/index.php\/wp-json\/wp\/v2\/media?parent=24420"}],"wp:term":[{"taxonomy":"product_cat","embeddable":true,"href":"https:\/\/hisaronuziraat.com\/index.php\/wp-json\/wp\/v2\/product_cat?post=24420"},{"taxonomy":"product_tag","embeddable":true,"href":"https:\/\/hisaronuziraat.com\/index.php\/wp-json\/wp\/v2\/product_tag?post=24420"}],"curies":[{"name":"wp","href":"https:\/\/api.w.org\/{rel}","templated":true}]}}