{"id":24419,"date":"2022-12-04T22:05:39","date_gmt":"2022-12-04T19:05:39","guid":{"rendered":"https:\/\/hisaronuziraat.com\/site\/?post_type=product&amp;p=24419"},"modified":"2022-12-04T22:05:39","modified_gmt":"2022-12-04T19:05:39","slug":"maydonoz-yerli-2","status":"publish","type":"product","link":"https:\/\/hisaronuziraat.com\/index.php\/urun\/maydonoz-yerli-2\/","title":{"rendered":"Maydonoz (Yerli) 1kg"},"content":{"rendered":"<ul>\n<li>G\u00fc\u00e7l\u00fc bitki yap\u0131s\u0131na sahip maydanoz \u00e7e\u015fididir<\/li>\n<li>Koyu ye\u015fil renkli yapraklar\u0131 d\u00fcz ve geni\u015ftir<\/li>\n<li>Ho\u015f aromatik kokulu, \u00e7ok y\u0131ll\u0131k bir bitkidir<\/li>\n<li>Hasat olgunlu\u011funa ortalama 70-80 g\u00fcnde ula\u015f\u0131r<\/li>\n<\/ul>\n","protected":false},"excerpt":{"rendered":"<p>G\u00fc\u00e7l\u00fc bitki yap\u0131s\u0131na sahip maydanoz \u00e7e\u015fididir Koyu ye\u015fil renkli yapraklar\u0131 d\u00fcz ve geni\u015ftir Ho\u015f aromatik kokulu, \u00e7ok y\u0131ll\u0131k bir bitkidir Hasat olgunlu\u011funa ortalama 70-80 g\u00fcnde ula\u015f\u0131r<\/p>\n","protected":false},"featured_media":24986,"comment_status":"open","ping_status":"closed","template":"","meta":[],"product_cat":[90],"product_tag":[],"class_list":{"0":"post-24419","1":"product","2":"type-product","3":"status-publish","4":"has-post-thumbnail","6":"product_cat-sebze","7":"product_brand-arzuman","9":"first","10":"instock","11":"taxable","12":"shipping-taxable","13":"purchasable","14":"product-type-simple"},"_links":{"self":[{"href":"https:\/\/hisaronuziraat.com\/index.php\/wp-json\/wp\/v2\/product\/24419","targetHints":{"allow":["GET"]}}],"collection":[{"href":"https:\/\/hisaronuziraat.com\/index.php\/wp-json\/wp\/v2\/product"}],"about":[{"href":"https:\/\/hisaronuziraat.com\/index.php\/wp-json\/wp\/v2\/types\/product"}],"replies":[{"embeddable":true,"href":"https:\/\/hisaronuziraat.com\/index.php\/wp-json\/wp\/v2\/comments?post=24419"}],"wp:featuredmedia":[{"embeddable":true,"href":"https:\/\/hisaronuziraat.com\/index.php\/wp-json\/wp\/v2\/media\/24986"}],"wp:attachment":[{"href":"https:\/\/hisaronuziraat.com\/index.php\/wp-json\/wp\/v2\/media?parent=24419"}],"wp:term":[{"taxonomy":"product_cat","embeddable":true,"href":"https:\/\/hisaronuziraat.com\/index.php\/wp-json\/wp\/v2\/product_cat?post=24419"},{"taxonomy":"product_tag","embeddable":true,"href":"https:\/\/hisaronuziraat.com\/index.php\/wp-json\/wp\/v2\/product_tag?post=24419"}],"curies":[{"name":"wp","href":"https:\/\/api.w.org\/{rel}","templated":true}]}}