{"id":24418,"date":"2022-12-04T22:05:39","date_gmt":"2022-12-04T19:05:39","guid":{"rendered":"https:\/\/hisaronuziraat.com\/site\/?post_type=product&amp;p=24418"},"modified":"2022-12-04T22:05:39","modified_gmt":"2022-12-04T19:05:39","slug":"patlican-alya-25gr","status":"publish","type":"product","link":"https:\/\/hisaronuziraat.com\/index.php\/urun\/patlican-alya-25gr\/","title":{"rendered":"Patl\u0131can Alya 25gr"},"content":{"rendered":"<p>Alaca<\/p>\n<ul>\n<li>B\u00fct\u00fcn b\u00f6lgelerimizde yeti\u015ftirilebilir<\/li>\n<\/ul>\n<ul>\n<li>Meyve boyu 16-20 cm meyve \u00e7ap\u0131 4,5-5,5 cm&#8217;dir<\/li>\n<\/ul>\n<ul>\n<li>Beyaz \u00fczerine mor k\u0131r\u00e7\u0131ll\u0131 \u00e7ok lezzetli bir patl\u0131can \u00e7e\u015fididir<\/li>\n<\/ul>\n<ul>\n<li>Dekara verimi 4-5 ton civar\u0131ndad\u0131r<\/li>\n<\/ul>\n","protected":false},"excerpt":{"rendered":"<p>Alaca B\u00fct\u00fcn b\u00f6lgelerimizde yeti\u015ftirilebilir Meyve boyu 16-20 cm meyve \u00e7ap\u0131 4,5-5,5 cm&#8217;dir Beyaz \u00fczerine mor k\u0131r\u00e7\u0131ll\u0131 \u00e7ok lezzetli bir patl\u0131can \u00e7e\u015fididir Dekara verimi 4-5 ton civar\u0131ndad\u0131r<\/p>\n","protected":false},"featured_media":24996,"comment_status":"open","ping_status":"closed","template":"","meta":[],"product_cat":[90],"product_tag":[],"class_list":{"0":"post-24418","1":"product","2":"type-product","3":"status-publish","4":"has-post-thumbnail","6":"product_cat-sebze","7":"product_brand-kucuk-ciftlik","9":"first","10":"instock","11":"taxable","12":"shipping-taxable","13":"purchasable","14":"product-type-simple"},"_links":{"self":[{"href":"https:\/\/hisaronuziraat.com\/index.php\/wp-json\/wp\/v2\/product\/24418","targetHints":{"allow":["GET"]}}],"collection":[{"href":"https:\/\/hisaronuziraat.com\/index.php\/wp-json\/wp\/v2\/product"}],"about":[{"href":"https:\/\/hisaronuziraat.com\/index.php\/wp-json\/wp\/v2\/types\/product"}],"replies":[{"embeddable":true,"href":"https:\/\/hisaronuziraat.com\/index.php\/wp-json\/wp\/v2\/comments?post=24418"}],"wp:featuredmedia":[{"embeddable":true,"href":"https:\/\/hisaronuziraat.com\/index.php\/wp-json\/wp\/v2\/media\/24996"}],"wp:attachment":[{"href":"https:\/\/hisaronuziraat.com\/index.php\/wp-json\/wp\/v2\/media?parent=24418"}],"wp:term":[{"taxonomy":"product_cat","embeddable":true,"href":"https:\/\/hisaronuziraat.com\/index.php\/wp-json\/wp\/v2\/product_cat?post=24418"},{"taxonomy":"product_tag","embeddable":true,"href":"https:\/\/hisaronuziraat.com\/index.php\/wp-json\/wp\/v2\/product_tag?post=24418"}],"curies":[{"name":"wp","href":"https:\/\/api.w.org\/{rel}","templated":true}]}}