{"id":24417,"date":"2022-12-04T22:05:39","date_gmt":"2022-12-04T19:05:39","guid":{"rendered":"https:\/\/hisaronuziraat.com\/site\/?post_type=product&amp;p=24417"},"modified":"2022-12-04T22:05:39","modified_gmt":"2022-12-04T19:05:39","slug":"biberiye-konuk","status":"publish","type":"product","link":"https:\/\/hisaronuziraat.com\/index.php\/urun\/biberiye-konuk\/","title":{"rendered":"Biber Konuk (Biberiye Konik) 10 gr"},"content":{"rendered":"<ul>\n<li>A\u00e7\u0131k tarla ve sera yeti\u015ftiricili\u011fine uygundur<\/li>\n<li>Ac\u0131 meyveleri k\u00fc\u00e7\u00fck, konik \u015fekillidir<\/li>\n<li>Sar\u0131 renkli olup meyveler yukar\u0131 bakmaktad\u0131r<\/li>\n<li>Taze t\u00fcketim ve tur\u015fu yap\u0131m\u0131na uygundur<\/li>\n<\/ul>\n","protected":false},"excerpt":{"rendered":"<p>A\u00e7\u0131k tarla ve sera yeti\u015ftiricili\u011fine uygundur Ac\u0131 meyveleri k\u00fc\u00e7\u00fck, konik \u015fekillidir Sar\u0131 renkli olup meyveler yukar\u0131 bakmaktad\u0131r Taze t\u00fcketim ve tur\u015fu yap\u0131m\u0131na uygundur<\/p>\n","protected":false},"featured_media":25006,"comment_status":"open","ping_status":"closed","template":"","meta":[],"product_cat":[90],"product_tag":[],"class_list":{"0":"post-24417","1":"product","2":"type-product","3":"status-publish","4":"has-post-thumbnail","6":"product_cat-sebze","7":"product_brand-arzuman","9":"first","10":"instock","11":"taxable","12":"shipping-taxable","13":"purchasable","14":"product-type-simple"},"_links":{"self":[{"href":"https:\/\/hisaronuziraat.com\/index.php\/wp-json\/wp\/v2\/product\/24417","targetHints":{"allow":["GET"]}}],"collection":[{"href":"https:\/\/hisaronuziraat.com\/index.php\/wp-json\/wp\/v2\/product"}],"about":[{"href":"https:\/\/hisaronuziraat.com\/index.php\/wp-json\/wp\/v2\/types\/product"}],"replies":[{"embeddable":true,"href":"https:\/\/hisaronuziraat.com\/index.php\/wp-json\/wp\/v2\/comments?post=24417"}],"wp:featuredmedia":[{"embeddable":true,"href":"https:\/\/hisaronuziraat.com\/index.php\/wp-json\/wp\/v2\/media\/25006"}],"wp:attachment":[{"href":"https:\/\/hisaronuziraat.com\/index.php\/wp-json\/wp\/v2\/media?parent=24417"}],"wp:term":[{"taxonomy":"product_cat","embeddable":true,"href":"https:\/\/hisaronuziraat.com\/index.php\/wp-json\/wp\/v2\/product_cat?post=24417"},{"taxonomy":"product_tag","embeddable":true,"href":"https:\/\/hisaronuziraat.com\/index.php\/wp-json\/wp\/v2\/product_tag?post=24417"}],"curies":[{"name":"wp","href":"https:\/\/api.w.org\/{rel}","templated":true}]}}