{"id":24416,"date":"2022-12-04T22:05:38","date_gmt":"2022-12-04T19:05:38","guid":{"rendered":"https:\/\/hisaronuziraat.com\/site\/?post_type=product&amp;p=24416"},"modified":"2022-12-04T22:05:38","modified_gmt":"2022-12-04T19:05:38","slug":"biber-tatli-sivri-cetinel","status":"publish","type":"product","link":"https:\/\/hisaronuziraat.com\/index.php\/urun\/biber-tatli-sivri-cetinel\/","title":{"rendered":"Biber  \u00c7ET\u0130NEL 150 (Tatl\u0131 Sivri) -10gr"},"content":{"rendered":"<ul>\n<li>A\u00e7\u0131k tarla yeti\u015ftiricili\u011fine uygun ye\u015fil, tatl\u0131, sivri bir biber \u00e7e\u015fididir<\/li>\n<\/ul>\n<ul>\n<li>Bitki yap\u0131s\u0131 40-50 cm boyunda, al\u00e7aktan dallanan, koyu ye\u015fil ve \u00e7ok yaprakl\u0131d\u0131r<\/li>\n<\/ul>\n<ul>\n<li>Meyveler 17-18 cm boyunda, 1,7 cm \u00e7ap\u0131ndad\u0131r<\/li>\n<\/ul>\n<ul>\n<li>Dikimden itibaren 65-70 g\u00fcnde hasada gelir<\/li>\n<\/ul>\n<ul>\n<li>Dekara verimi 3,5-4 tondur<\/li>\n<\/ul>\n","protected":false},"excerpt":{"rendered":"<p>A\u00e7\u0131k tarla yeti\u015ftiricili\u011fine uygun ye\u015fil, tatl\u0131, sivri bir biber \u00e7e\u015fididir Bitki yap\u0131s\u0131 40-50 cm boyunda, al\u00e7aktan dallanan, koyu ye\u015fil ve \u00e7ok yaprakl\u0131d\u0131r Meyveler 17-18 cm boyunda, 1,7 cm \u00e7ap\u0131ndad\u0131r Dikimden itibaren 65-70 g\u00fcnde hasada gelir Dekara verimi 3,5-4 tondur<\/p>\n","protected":false},"featured_media":25008,"comment_status":"open","ping_status":"closed","template":"","meta":[],"product_cat":[90],"product_tag":[],"class_list":{"0":"post-24416","1":"product","2":"type-product","3":"status-publish","4":"has-post-thumbnail","6":"product_cat-sebze","7":"product_brand-kucuk-ciftlik","9":"first","10":"instock","11":"taxable","12":"shipping-taxable","13":"purchasable","14":"product-type-simple"},"_links":{"self":[{"href":"https:\/\/hisaronuziraat.com\/index.php\/wp-json\/wp\/v2\/product\/24416","targetHints":{"allow":["GET"]}}],"collection":[{"href":"https:\/\/hisaronuziraat.com\/index.php\/wp-json\/wp\/v2\/product"}],"about":[{"href":"https:\/\/hisaronuziraat.com\/index.php\/wp-json\/wp\/v2\/types\/product"}],"replies":[{"embeddable":true,"href":"https:\/\/hisaronuziraat.com\/index.php\/wp-json\/wp\/v2\/comments?post=24416"}],"wp:featuredmedia":[{"embeddable":true,"href":"https:\/\/hisaronuziraat.com\/index.php\/wp-json\/wp\/v2\/media\/25008"}],"wp:attachment":[{"href":"https:\/\/hisaronuziraat.com\/index.php\/wp-json\/wp\/v2\/media?parent=24416"}],"wp:term":[{"taxonomy":"product_cat","embeddable":true,"href":"https:\/\/hisaronuziraat.com\/index.php\/wp-json\/wp\/v2\/product_cat?post=24416"},{"taxonomy":"product_tag","embeddable":true,"href":"https:\/\/hisaronuziraat.com\/index.php\/wp-json\/wp\/v2\/product_tag?post=24416"}],"curies":[{"name":"wp","href":"https:\/\/api.w.org\/{rel}","templated":true}]}}