{"id":24415,"date":"2022-12-04T22:05:34","date_gmt":"2022-12-04T19:05:34","guid":{"rendered":"https:\/\/hisaronuziraat.com\/site\/?post_type=product&#038;p=24415"},"modified":"2025-11-03T23:05:24","modified_gmt":"2025-11-03T20:05:24","slug":"biber-kil-tatli-seyrek","status":"publish","type":"product","link":"https:\/\/hisaronuziraat.com\/index.php\/urun\/biber-kil-tatli-seyrek\/","title":{"rendered":"B\u0130BER  Seyrek  (K\u0131l Tatl\u0131)- 10gr"},"content":{"rendered":"<ul>\n<li>A\u00e7\u0131k tarla yeti\u015ftiricili\u011fine uygun, ye\u015fil, tatl\u0131, sivri bir biber \u00e7e\u015fididir<\/li>\n<\/ul>\n<ul>\n<li>Bitki boyu 50-60 cm boyundad\u0131r<\/li>\n<\/ul>\n<ul>\n<li>Meyveler 17-20 cm uzunlu\u011fundad\u0131r<\/li>\n<\/ul>\n<ul>\n<li>55-60 g\u00fcnde hasada gelir<\/li>\n<\/ul>\n<ul>\n<li>Dekara verimi 3,5-4 ton civar\u0131ndad\u0131r<\/li>\n<\/ul>\n","protected":false},"excerpt":{"rendered":"<p>A\u00e7\u0131k tarla yeti\u015ftiricili\u011fine uygun, ye\u015fil, tatl\u0131, sivri bir biber \u00e7e\u015fididir Bitki boyu 50-60 cm boyundad\u0131r Meyveler 17-20 cm uzunlu\u011fundad\u0131r 55-60 g\u00fcnde hasada gelir Dekara verimi 3,5-4 ton civar\u0131ndad\u0131r<\/p>\n","protected":false},"featured_media":25031,"comment_status":"open","ping_status":"closed","template":"","meta":[],"product_cat":[90],"product_tag":[],"class_list":{"0":"post-24415","1":"product","2":"type-product","3":"status-publish","4":"has-post-thumbnail","6":"product_cat-sebze","7":"product_brand-kucuk-ciftlik","9":"first","10":"instock","11":"shipping-taxable","12":"purchasable","13":"product-type-simple"},"_links":{"self":[{"href":"https:\/\/hisaronuziraat.com\/index.php\/wp-json\/wp\/v2\/product\/24415","targetHints":{"allow":["GET"]}}],"collection":[{"href":"https:\/\/hisaronuziraat.com\/index.php\/wp-json\/wp\/v2\/product"}],"about":[{"href":"https:\/\/hisaronuziraat.com\/index.php\/wp-json\/wp\/v2\/types\/product"}],"replies":[{"embeddable":true,"href":"https:\/\/hisaronuziraat.com\/index.php\/wp-json\/wp\/v2\/comments?post=24415"}],"wp:featuredmedia":[{"embeddable":true,"href":"https:\/\/hisaronuziraat.com\/index.php\/wp-json\/wp\/v2\/media\/25031"}],"wp:attachment":[{"href":"https:\/\/hisaronuziraat.com\/index.php\/wp-json\/wp\/v2\/media?parent=24415"}],"wp:term":[{"taxonomy":"product_cat","embeddable":true,"href":"https:\/\/hisaronuziraat.com\/index.php\/wp-json\/wp\/v2\/product_cat?post=24415"},{"taxonomy":"product_tag","embeddable":true,"href":"https:\/\/hisaronuziraat.com\/index.php\/wp-json\/wp\/v2\/product_tag?post=24415"}],"curies":[{"name":"wp","href":"https:\/\/api.w.org\/{rel}","templated":true}]}}