{"id":24414,"date":"2022-12-04T22:05:34","date_gmt":"2022-12-04T19:05:34","guid":{"rendered":"https:\/\/hisaronuziraat.com\/site\/?post_type=product&#038;p=24414"},"modified":"2025-11-03T23:05:43","modified_gmt":"2025-11-03T20:05:43","slug":"biber-kil-aci-menderes","status":"publish","type":"product","link":"https:\/\/hisaronuziraat.com\/index.php\/urun\/biber-kil-aci-menderes\/","title":{"rendered":"Biber  Menderes (K\u0131l Ac\u0131 )- 10gr"},"content":{"rendered":"<ul>\n<li>A\u00e7\u0131k tarla yeti\u015ftiricili\u011fine uygun Ye\u015fil, Ac\u0131, Sivri bir biber \u00e7e\u015fididir<\/li>\n<\/ul>\n<ul>\n<li>Bitki boyu 50-60 cm&#8217;dir<\/li>\n<\/ul>\n<ul>\n<li>Meyveler 18-21 cm uzunlu\u011fundad\u0131r<\/li>\n<\/ul>\n<ul>\n<li>55\u201360 g\u00fcnde hasada gelir<\/li>\n<\/ul>\n<ul>\n<li>Dekara verimi 3,5-4 ton civar\u0131nda verimli bir \u00e7e\u015fittir<\/li>\n<\/ul>\n","protected":false},"excerpt":{"rendered":"<p>A\u00e7\u0131k tarla yeti\u015ftiricili\u011fine uygun Ye\u015fil, Ac\u0131, Sivri bir biber \u00e7e\u015fididir Bitki boyu 50-60 cm&#8217;dir Meyveler 18-21 cm uzunlu\u011fundad\u0131r 55\u201360 g\u00fcnde hasada gelir Dekara verimi 3,5-4 ton civar\u0131nda verimli bir \u00e7e\u015fittir<\/p>\n","protected":false},"featured_media":25026,"comment_status":"open","ping_status":"closed","template":"","meta":[],"product_cat":[90],"product_tag":[],"class_list":{"0":"post-24414","1":"product","2":"type-product","3":"status-publish","4":"has-post-thumbnail","6":"product_cat-sebze","7":"product_brand-kucuk-ciftlik","9":"first","10":"instock","11":"shipping-taxable","12":"purchasable","13":"product-type-simple"},"_links":{"self":[{"href":"https:\/\/hisaronuziraat.com\/index.php\/wp-json\/wp\/v2\/product\/24414","targetHints":{"allow":["GET"]}}],"collection":[{"href":"https:\/\/hisaronuziraat.com\/index.php\/wp-json\/wp\/v2\/product"}],"about":[{"href":"https:\/\/hisaronuziraat.com\/index.php\/wp-json\/wp\/v2\/types\/product"}],"replies":[{"embeddable":true,"href":"https:\/\/hisaronuziraat.com\/index.php\/wp-json\/wp\/v2\/comments?post=24414"}],"wp:featuredmedia":[{"embeddable":true,"href":"https:\/\/hisaronuziraat.com\/index.php\/wp-json\/wp\/v2\/media\/25026"}],"wp:attachment":[{"href":"https:\/\/hisaronuziraat.com\/index.php\/wp-json\/wp\/v2\/media?parent=24414"}],"wp:term":[{"taxonomy":"product_cat","embeddable":true,"href":"https:\/\/hisaronuziraat.com\/index.php\/wp-json\/wp\/v2\/product_cat?post=24414"},{"taxonomy":"product_tag","embeddable":true,"href":"https:\/\/hisaronuziraat.com\/index.php\/wp-json\/wp\/v2\/product_tag?post=24414"}],"curies":[{"name":"wp","href":"https:\/\/api.w.org\/{rel}","templated":true}]}}