{"id":24412,"date":"2022-12-04T22:05:34","date_gmt":"2022-12-04T19:05:34","guid":{"rendered":"https:\/\/hisaronuziraat.com\/site\/?post_type=product&#038;p=24412"},"modified":"2025-11-03T23:05:03","modified_gmt":"2025-11-03T20:05:03","slug":"kuzukulagi-kirmizi","status":"publish","type":"product","link":"https:\/\/hisaronuziraat.com\/index.php\/urun\/kuzukulagi-kirmizi\/","title":{"rendered":"Kuzukula\u011f\u0131 K\u0131rm\u0131z\u0131 50 adet"},"content":{"rendered":"<p style=\"font-weight: 400\">\u00c7ok y\u0131ll\u0131k bir bitkidir. Yapraklar\u0131 k\u0131rm\u0131z\u0131 damarl\u0131 renktedir. Hasat Olgunla\u015fma S\u00fcresi 35-40 G\u00fcnd\u00fcr. Ekim Derinli\u011fi 0.5-1 cm, S\u0131ra Aras\u0131 Mesafesi 2-2.4 cm, S\u0131ra \u00dczeri Ekim Mesafesi 1.7-1.9 cm, Tahmini \u00c7imlenme S\u00fcresi 10-12 g\u00fcn, Tavsiye Edilen Ekim Zaman\u0131 \u0130lkbahar, sonbahar<\/p>\n<p style=\"font-weight: 400\">Salatalar\u0131n\u0131za renk katacak lezzetli, bir o kadar da sa\u011fl\u0131kl\u0131 bir bitkidir. Limonlu tad\u0131, taze \u00e7\u0131t\u0131r yapraklar\u0131 ile salatalar\u0131n\u0131za \u00e7ok yak\u0131\u015facak k\u0131rm\u0131z\u0131 damarl\u0131 kuzukula\u011f\u0131 yine Babyleaf diye tabir edilen mini yaprak ye\u015filliklerden biri.<\/p>\n<p style=\"font-weight: 400\">Ekim bilgisi:<\/p>\n<p style=\"font-weight: 400\">Tohumlar\u0131 bir saks\u0131ya \u00e7i\u00e7ek topra\u011f\u0131na 1 cm derine ekip ilk sulamay\u0131 yap\u0131n\u0131z.<br \/>\nG\u00fcnl\u00fck 1 saat kadar g\u00fcne\u015f alan bir yere b\u0131rak\u0131p 5 g\u00fcn ara ile p\u00fcsk\u00fcrtme usul\u00fc sulama yap\u0131n\u0131z.<\/p>\n<p style=\"font-weight: 400\">Tohumlar\u0131n\u0131z \u00e7imlenip toprak \u00fczerinde g\u00f6rmeye ba\u015flad\u0131\u011f\u0131n\u0131zda ise g\u00fcne\u015fli bir yere al\u0131n\u0131z ve 3 g\u00fcnde bir p\u00fcsk\u00fcrtme usul\u00fc su vermeye devam ediniz.<\/p>\n","protected":false},"excerpt":{"rendered":"<p>\u00c7ok y\u0131ll\u0131k bir bitkidir. Yapraklar\u0131 k\u0131rm\u0131z\u0131 damarl\u0131 renktedir. Hasat Olgunla\u015fma S\u00fcresi 35-40 G\u00fcnd\u00fcr. Ekim Derinli\u011fi 0.5-1 cm, S\u0131ra Aras\u0131 Mesafesi 2-2.4 cm, S\u0131ra \u00dczeri Ekim Mesafesi 1.7-1.9 cm, Tahmini \u00c7imlenme S\u00fcresi 10-12 g\u00fcn, Tavsiye Edilen Ekim Zaman\u0131 \u0130lkbahar, sonbahar Salatalar\u0131n\u0131za renk katacak lezzetli, bir o kadar da sa\u011fl\u0131kl\u0131 bir bitkidir. Limonlu tad\u0131, taze \u00e7\u0131t\u0131r yapraklar\u0131 [&hellip;]<\/p>\n","protected":false},"featured_media":25029,"comment_status":"open","ping_status":"closed","template":"","meta":[],"product_cat":[90],"product_tag":[],"class_list":{"0":"post-24412","1":"product","2":"type-product","3":"status-publish","4":"has-post-thumbnail","6":"product_cat-sebze","7":"product_brand-arzuman","9":"first","10":"outofstock","11":"shipping-taxable","12":"product-type-simple"},"_links":{"self":[{"href":"https:\/\/hisaronuziraat.com\/index.php\/wp-json\/wp\/v2\/product\/24412","targetHints":{"allow":["GET"]}}],"collection":[{"href":"https:\/\/hisaronuziraat.com\/index.php\/wp-json\/wp\/v2\/product"}],"about":[{"href":"https:\/\/hisaronuziraat.com\/index.php\/wp-json\/wp\/v2\/types\/product"}],"replies":[{"embeddable":true,"href":"https:\/\/hisaronuziraat.com\/index.php\/wp-json\/wp\/v2\/comments?post=24412"}],"wp:featuredmedia":[{"embeddable":true,"href":"https:\/\/hisaronuziraat.com\/index.php\/wp-json\/wp\/v2\/media\/25029"}],"wp:attachment":[{"href":"https:\/\/hisaronuziraat.com\/index.php\/wp-json\/wp\/v2\/media?parent=24412"}],"wp:term":[{"taxonomy":"product_cat","embeddable":true,"href":"https:\/\/hisaronuziraat.com\/index.php\/wp-json\/wp\/v2\/product_cat?post=24412"},{"taxonomy":"product_tag","embeddable":true,"href":"https:\/\/hisaronuziraat.com\/index.php\/wp-json\/wp\/v2\/product_tag?post=24412"}],"curies":[{"name":"wp","href":"https:\/\/api.w.org\/{rel}","templated":true}]}}