{"id":24411,"date":"2022-12-04T22:05:34","date_gmt":"2022-12-04T19:05:34","guid":{"rendered":"https:\/\/hisaronuziraat.com\/site\/?post_type=product&#038;p=24411"},"modified":"2025-11-03T23:04:28","modified_gmt":"2025-11-03T20:04:28","slug":"hatim-cicegi","status":"publish","type":"product","link":"https:\/\/hisaronuziraat.com\/index.php\/urun\/hatim-cicegi\/","title":{"rendered":"Hatim \u00c7i\u00e7e\u011fi 50adet"},"content":{"rendered":"<p>Kar\u0131\u015f\u0131k Renk \u00c7ok Y\u0131ll\u0131k<\/p>\n<p><strong>Latince ismi:<\/strong><strong><em>\u00a0Alcea rosea<\/em><\/strong><\/p>\n<p>Ebeg\u00fcmecigiller familyas\u0131ndan olan bu \u00e7i\u00e7ek Hatmi, g\u00fclhatmi olarak da an\u0131l\u0131r. T\u0131bbi aromatik bir bitkidir. \u00c7ok y\u0131ll\u0131k, otsu t\u0131bbi aromatik bir bitkidir. Yayg\u0131n olarak yeti\u015fir. Her \u00e7e\u015fit toprak da yeti\u015febilmesine ra\u011fmen nemli ortamlarda kuru ortamlara g\u00f6re daha iyi geli\u015fim g\u00f6sterir. Boyu\u00a0 1-3 m aras\u0131nda de\u011fi\u015fir. Dikine \u00e7\u0131kan g\u00f6vde \u00e7ok dall\u0131d\u0131r. Bah\u00e7e yeti\u015ftiricili\u011fine uygundur.<\/p>\n<p>&nbsp;<\/p>\n<table border=\"1\" cellspacing=\"0\" cellpadding=\"0\">\n<tbody>\n<tr>\n<td>\n<div><strong>Ekim Derinli\u011fi<\/strong><\/div>\n<\/td>\n<td>\n<div>1-2 cm<\/div>\n<\/td>\n<\/tr>\n<tr>\n<td>\n<div><strong>Y\u00fckseklik<\/strong><\/div>\n<\/td>\n<td>\n<div>60-130 cm<\/div>\n<\/td>\n<\/tr>\n<tr>\n<td>\n<div><strong>Renk<\/strong><\/div>\n<\/td>\n<td>\n<div>Kar\u0131\u015f\u0131k<\/div>\n<\/td>\n<\/tr>\n<tr>\n<td>\n<div><strong>Ekim zaman\u0131<\/strong><\/div>\n<\/td>\n<td>\n<div>\u0130lkbahar, yaz<\/div>\n<\/td>\n<\/tr>\n<tr>\n<td>\n<div><strong>Tipi<\/strong><\/div>\n<\/td>\n<td>\n<div>\u00c7ok y\u0131ll\u0131k<\/div>\n<\/td>\n<\/tr>\n<tr>\n<td>\n<div><strong>Tahmini \u00c7imlenme G\u00fcn\u00fc<\/strong><\/div>\n<\/td>\n<td>\n<div>15-20 g\u00fcn<\/div>\n<\/td>\n<\/tr>\n<\/tbody>\n<\/table>\n","protected":false},"excerpt":{"rendered":"<p>Kar\u0131\u015f\u0131k Renk \u00c7ok Y\u0131ll\u0131k Latince ismi:\u00a0Alcea rosea Ebeg\u00fcmecigiller familyas\u0131ndan olan bu \u00e7i\u00e7ek Hatmi, g\u00fclhatmi olarak da an\u0131l\u0131r. T\u0131bbi aromatik bir bitkidir. \u00c7ok y\u0131ll\u0131k, otsu t\u0131bbi aromatik bir bitkidir. Yayg\u0131n olarak yeti\u015fir. Her \u00e7e\u015fit toprak da yeti\u015febilmesine ra\u011fmen nemli ortamlarda kuru ortamlara g\u00f6re daha iyi geli\u015fim g\u00f6sterir. Boyu\u00a0 1-3 m aras\u0131nda de\u011fi\u015fir. Dikine \u00e7\u0131kan g\u00f6vde \u00e7ok [&hellip;]<\/p>\n","protected":false},"featured_media":25017,"comment_status":"open","ping_status":"closed","template":"","meta":[],"product_cat":[85],"product_tag":[],"class_list":{"0":"post-24411","1":"product","2":"type-product","3":"status-publish","4":"has-post-thumbnail","6":"product_cat-cicek","7":"product_brand-arzuman","9":"first","10":"instock","11":"shipping-taxable","12":"purchasable","13":"product-type-simple"},"_links":{"self":[{"href":"https:\/\/hisaronuziraat.com\/index.php\/wp-json\/wp\/v2\/product\/24411","targetHints":{"allow":["GET"]}}],"collection":[{"href":"https:\/\/hisaronuziraat.com\/index.php\/wp-json\/wp\/v2\/product"}],"about":[{"href":"https:\/\/hisaronuziraat.com\/index.php\/wp-json\/wp\/v2\/types\/product"}],"replies":[{"embeddable":true,"href":"https:\/\/hisaronuziraat.com\/index.php\/wp-json\/wp\/v2\/comments?post=24411"}],"wp:featuredmedia":[{"embeddable":true,"href":"https:\/\/hisaronuziraat.com\/index.php\/wp-json\/wp\/v2\/media\/25017"}],"wp:attachment":[{"href":"https:\/\/hisaronuziraat.com\/index.php\/wp-json\/wp\/v2\/media?parent=24411"}],"wp:term":[{"taxonomy":"product_cat","embeddable":true,"href":"https:\/\/hisaronuziraat.com\/index.php\/wp-json\/wp\/v2\/product_cat?post=24411"},{"taxonomy":"product_tag","embeddable":true,"href":"https:\/\/hisaronuziraat.com\/index.php\/wp-json\/wp\/v2\/product_tag?post=24411"}],"curies":[{"name":"wp","href":"https:\/\/api.w.org\/{rel}","templated":true}]}}