{"id":24410,"date":"2022-12-04T22:05:34","date_gmt":"2022-12-04T19:05:34","guid":{"rendered":"https:\/\/hisaronuziraat.com\/site\/?post_type=product&amp;p=24410"},"modified":"2022-12-04T22:05:34","modified_gmt":"2022-12-04T19:05:34","slug":"fasulye-bt-alman-ayse-bursa-tohum-no5","status":"publish","type":"product","link":"https:\/\/hisaronuziraat.com\/index.php\/urun\/fasulye-bt-alman-ayse-bursa-tohum-no5\/","title":{"rendered":"Fasulye Alman Ay\u015fe 5 (Yuvarlak)  1kg"},"content":{"rendered":"<p>Alman Ay\u015fe Tipi S\u0131r\u0131k Fas\u00fclye sebzesi; sera ve a\u00e7\u0131k alanlarda yeti\u015ftirilmeye uygun bir \u00e7e\u015fittir. Bakla uzunluklar\u0131 22-25 cm.dir. Baklalar\u0131 yass\u0131 kesitlidir ve 2-2,5 cm. geni\u015fliktedir. K\u0131l\u00e7\u0131ks\u0131z ve koyu ye\u015fil baklalara sahiptir. \u00c7ok verimli ve ayn\u0131 zamanda erkenci bir \u00e7e\u015fittir. 45-50 g\u00fcn s\u00fcrede yeme olgunlu\u011funa ula\u015f\u0131r.<\/p>\n","protected":false},"excerpt":{"rendered":"<p>Alman Ay\u015fe Tipi S\u0131r\u0131k Fas\u00fclye sebzesi; sera ve a\u00e7\u0131k alanlarda yeti\u015ftirilmeye uygun bir \u00e7e\u015fittir. Bakla uzunluklar\u0131 22-25 cm.dir. Baklalar\u0131 yass\u0131 kesitlidir ve 2-2,5 cm. geni\u015fliktedir. K\u0131l\u00e7\u0131ks\u0131z ve koyu ye\u015fil baklalara sahiptir. \u00c7ok verimli ve ayn\u0131 zamanda erkenci bir \u00e7e\u015fittir. 45-50 g\u00fcn s\u00fcrede yeme olgunlu\u011funa ula\u015f\u0131r.<\/p>\n","protected":false},"featured_media":25012,"comment_status":"open","ping_status":"closed","template":"","meta":[],"product_cat":[90],"product_tag":[],"class_list":{"0":"post-24410","1":"product","2":"type-product","3":"status-publish","4":"has-post-thumbnail","6":"product_cat-sebze","7":"product_brand-bursa-tohum","9":"first","10":"outofstock","11":"shipping-taxable","12":"product-type-simple"},"_links":{"self":[{"href":"https:\/\/hisaronuziraat.com\/index.php\/wp-json\/wp\/v2\/product\/24410","targetHints":{"allow":["GET"]}}],"collection":[{"href":"https:\/\/hisaronuziraat.com\/index.php\/wp-json\/wp\/v2\/product"}],"about":[{"href":"https:\/\/hisaronuziraat.com\/index.php\/wp-json\/wp\/v2\/types\/product"}],"replies":[{"embeddable":true,"href":"https:\/\/hisaronuziraat.com\/index.php\/wp-json\/wp\/v2\/comments?post=24410"}],"wp:featuredmedia":[{"embeddable":true,"href":"https:\/\/hisaronuziraat.com\/index.php\/wp-json\/wp\/v2\/media\/25012"}],"wp:attachment":[{"href":"https:\/\/hisaronuziraat.com\/index.php\/wp-json\/wp\/v2\/media?parent=24410"}],"wp:term":[{"taxonomy":"product_cat","embeddable":true,"href":"https:\/\/hisaronuziraat.com\/index.php\/wp-json\/wp\/v2\/product_cat?post=24410"},{"taxonomy":"product_tag","embeddable":true,"href":"https:\/\/hisaronuziraat.com\/index.php\/wp-json\/wp\/v2\/product_tag?post=24410"}],"curies":[{"name":"wp","href":"https:\/\/api.w.org\/{rel}","templated":true}]}}