{"id":24408,"date":"2022-12-04T22:05:33","date_gmt":"2022-12-04T19:05:33","guid":{"rendered":"https:\/\/hisaronuziraat.com\/site\/?post_type=product&#038;p=24408"},"modified":"2025-11-03T23:11:29","modified_gmt":"2025-11-03T20:11:29","slug":"fare-zehiri-rodilon-paste","status":"publish","type":"product","link":"https:\/\/hisaronuziraat.com\/index.php\/urun\/fare-zehiri-rodilon-paste\/","title":{"rendered":"Fare Zehiri Rodilon Paste 100gr"},"content":{"rendered":"<p>Alternatif yemlerin varl\u0131\u011f\u0131nda dahi, paste formulasyonu i\u00e7erisindeki bitkisel ya\u011flar ve di\u011fer \u00e7ekici maddeler ile t\u00fcm fare t\u00fcrleri i\u00e7in y\u00fcksek oranda \u00e7ekicilik sa\u011flar. &#8220;Tek Doz Yem\u201d \u00f6zelli\u011fi ile fare ve s\u0131\u00e7anlar\u0131n \u00f6ld\u00fcr\u00fcc\u00fc dozu alabilmeleri i\u00e7in bir kez beslenmeleri yeterlidir. Ani etki g\u00f6stermedi\u011finden kemirgenlerin yeme kar\u015f\u0131 \u00e7ekingenlik g\u00f6stermesini engeller, tam kontrol sa\u011flar. Suya ve neme dayan\u0131kl\u0131 paste formulasyon hem i\u00e7 hem d\u0131\u015f mekanlarda rahatl\u0131kla kullan\u0131labilir. \u0130\u00e7eri\u011findeki Bitrex maddesi ile hedef d\u0131\u015f\u0131 canl\u0131lar i\u00e7in g\u00fcvenilirdir.<\/p>\n","protected":false},"excerpt":{"rendered":"<p>Alternatif yemlerin varl\u0131\u011f\u0131nda dahi, paste formulasyonu i\u00e7erisindeki bitkisel ya\u011flar ve di\u011fer \u00e7ekici maddeler ile t\u00fcm fare t\u00fcrleri i\u00e7in y\u00fcksek oranda \u00e7ekicilik sa\u011flar. &#8220;Tek Doz Yem\u201d \u00f6zelli\u011fi ile fare ve s\u0131\u00e7anlar\u0131n \u00f6ld\u00fcr\u00fcc\u00fc dozu alabilmeleri i\u00e7in bir kez beslenmeleri yeterlidir. Ani etki g\u00f6stermedi\u011finden kemirgenlerin yeme kar\u015f\u0131 \u00e7ekingenlik g\u00f6stermesini engeller, tam kontrol sa\u011flar. Suya ve neme dayan\u0131kl\u0131 paste [&hellip;]<\/p>\n","protected":false},"featured_media":25061,"comment_status":"open","ping_status":"closed","template":"","meta":[],"product_cat":[96],"product_tag":[],"class_list":{"0":"post-24408","1":"product","2":"type-product","3":"status-publish","4":"has-post-thumbnail","6":"product_cat-halk-sagligi","7":"product_brand-bayer","9":"first","10":"outofstock","11":"shipping-taxable","12":"product-type-simple"},"_links":{"self":[{"href":"https:\/\/hisaronuziraat.com\/index.php\/wp-json\/wp\/v2\/product\/24408","targetHints":{"allow":["GET"]}}],"collection":[{"href":"https:\/\/hisaronuziraat.com\/index.php\/wp-json\/wp\/v2\/product"}],"about":[{"href":"https:\/\/hisaronuziraat.com\/index.php\/wp-json\/wp\/v2\/types\/product"}],"replies":[{"embeddable":true,"href":"https:\/\/hisaronuziraat.com\/index.php\/wp-json\/wp\/v2\/comments?post=24408"}],"wp:featuredmedia":[{"embeddable":true,"href":"https:\/\/hisaronuziraat.com\/index.php\/wp-json\/wp\/v2\/media\/25061"}],"wp:attachment":[{"href":"https:\/\/hisaronuziraat.com\/index.php\/wp-json\/wp\/v2\/media?parent=24408"}],"wp:term":[{"taxonomy":"product_cat","embeddable":true,"href":"https:\/\/hisaronuziraat.com\/index.php\/wp-json\/wp\/v2\/product_cat?post=24408"},{"taxonomy":"product_tag","embeddable":true,"href":"https:\/\/hisaronuziraat.com\/index.php\/wp-json\/wp\/v2\/product_tag?post=24408"}],"curies":[{"name":"wp","href":"https:\/\/api.w.org\/{rel}","templated":true}]}}