{"id":24405,"date":"2022-12-04T22:05:33","date_gmt":"2022-12-04T19:05:33","guid":{"rendered":"https:\/\/hisaronuziraat.com\/site\/?post_type=product&#038;p=24405"},"modified":"2025-11-03T23:09:59","modified_gmt":"2025-11-03T20:09:59","slug":"acur-yesil","status":"publish","type":"product","link":"https:\/\/hisaronuziraat.com\/index.php\/urun\/acur-yesil\/","title":{"rendered":"Acur Ye\u015fil 10gr"},"content":{"rendered":"<p>\u00d6nceden s\u00fcr\u00fclm\u00fc\u015f ya da bellenmi\u015f olan toprak; t\u0131rm\u0131k ya da benzer bir aletle ekim i\u00e7in uygun hale getirilir, ekim yap\u0131lacak alan ihtiyaca g\u00f6re g\u00fcbrelenir, keseksiz d\u00fczg\u00fcn bir toprak y\u00fczeyi olu\u015fturulur.<br \/>\nAcur, \u0131l\u0131man iklimden ho\u015flan\u0131r. Y\u00fcksek ve d\u00fc\u015f\u00fck s\u0131cakl\u0131klardan ho\u015flanmaz. Direk tohumdan ya da fide dikimi ile \u00fcretimi yap\u0131labilir. Tavl\u0131 topra\u011fa ortalama 2 cm derinli\u011fe ekilir. 50-60 g\u00fcn sonra hasat yap\u0131labilir.<br \/>\nNemli topra\u011fa ekim yapmak tohumun h\u0131zla \u00e7imlenmesini sa\u011flar. \u00d6zellikle y\u00fczlek ekilen k\u00fc\u00e7\u00fck taneli tohumlar\u0131 yerlerinden oynatacak tazyikli sulama yap\u0131lmamal\u0131 ve toprak y\u00fczeyinde g\u00f6llenme olu\u015fturulmamal\u0131d\u0131r. S\u0131cak havalarda sulama s\u0131kl\u0131\u011f\u0131 art\u0131r\u0131lmal\u0131, topra\u011f\u0131n nemli kalmas\u0131na \u00f6zen g\u00f6sterilmelidir. Yabanc\u0131 ot ve zararl\u0131larla m\u00fccadeleye dikkat edilmelidir.<\/p>\n","protected":false},"excerpt":{"rendered":"<p>\u00d6nceden s\u00fcr\u00fclm\u00fc\u015f ya da bellenmi\u015f olan toprak; t\u0131rm\u0131k ya da benzer bir aletle ekim i\u00e7in uygun hale getirilir, ekim yap\u0131lacak alan ihtiyaca g\u00f6re g\u00fcbrelenir, keseksiz d\u00fczg\u00fcn bir toprak y\u00fczeyi olu\u015fturulur. Acur, \u0131l\u0131man iklimden ho\u015flan\u0131r. Y\u00fcksek ve d\u00fc\u015f\u00fck s\u0131cakl\u0131klardan ho\u015flanmaz. Direk tohumdan ya da fide dikimi ile \u00fcretimi yap\u0131labilir. Tavl\u0131 topra\u011fa ortalama 2 cm derinli\u011fe ekilir. [&hellip;]<\/p>\n","protected":false},"featured_media":25068,"comment_status":"open","ping_status":"closed","template":"","meta":[],"product_cat":[90],"product_tag":[],"class_list":{"0":"post-24405","1":"product","2":"type-product","3":"status-publish","4":"has-post-thumbnail","6":"product_cat-sebze","7":"product_brand-arzuman","9":"first","10":"instock","11":"shipping-taxable","12":"purchasable","13":"product-type-simple"},"_links":{"self":[{"href":"https:\/\/hisaronuziraat.com\/index.php\/wp-json\/wp\/v2\/product\/24405","targetHints":{"allow":["GET"]}}],"collection":[{"href":"https:\/\/hisaronuziraat.com\/index.php\/wp-json\/wp\/v2\/product"}],"about":[{"href":"https:\/\/hisaronuziraat.com\/index.php\/wp-json\/wp\/v2\/types\/product"}],"replies":[{"embeddable":true,"href":"https:\/\/hisaronuziraat.com\/index.php\/wp-json\/wp\/v2\/comments?post=24405"}],"wp:featuredmedia":[{"embeddable":true,"href":"https:\/\/hisaronuziraat.com\/index.php\/wp-json\/wp\/v2\/media\/25068"}],"wp:attachment":[{"href":"https:\/\/hisaronuziraat.com\/index.php\/wp-json\/wp\/v2\/media?parent=24405"}],"wp:term":[{"taxonomy":"product_cat","embeddable":true,"href":"https:\/\/hisaronuziraat.com\/index.php\/wp-json\/wp\/v2\/product_cat?post=24405"},{"taxonomy":"product_tag","embeddable":true,"href":"https:\/\/hisaronuziraat.com\/index.php\/wp-json\/wp\/v2\/product_tag?post=24405"}],"curies":[{"name":"wp","href":"https:\/\/api.w.org\/{rel}","templated":true}]}}