{"id":24398,"date":"2022-12-04T22:05:33","date_gmt":"2022-12-04T19:05:33","guid":{"rendered":"https:\/\/hisaronuziraat.com\/site\/?post_type=product&amp;p=24398"},"modified":"2022-12-04T22:05:33","modified_gmt":"2022-12-04T19:05:33","slug":"eksi-otu-kuzu-kulagi","status":"publish","type":"product","link":"https:\/\/hisaronuziraat.com\/index.php\/urun\/eksi-otu-kuzu-kulagi\/","title":{"rendered":"Ek\u015fi Otu (Kuzu Kula\u011f\u0131) 3gr"},"content":{"rendered":"<p>\u00d6nceden s\u00fcr\u00fclm\u00fc\u015f ya da bellenmi\u015f olan toprak; t\u0131rm\u0131k ya da benzer bir aletle ekim i\u00e7in uygun hale getirilir, ekim yap\u0131lacak alan ihtiyaca g\u00f6re g\u00fcbrelenir, keseksiz d\u00fczg\u00fcn bir toprak y\u00fczeyi olu\u015fturulur.<br \/>\nKuzukula\u011f\u0131 \u00e7ok y\u0131ll\u0131k, \u0131l\u0131man iklim sebzesidir. Il\u0131man iklim b\u00f6lgelerinde t\u00fcm y\u0131l boyunca, so\u011fuk b\u00f6lgelerde ilkbahar ve sonbahar d\u00f6nemleri aras\u0131nda yeti\u015ftirilebilir. Tohum tavl\u0131 topra\u011fa, elenmi\u015f toprak ile kar\u0131\u015ft\u0131r\u0131l\u0131p serpme usul\u00fc ile ekilebilir. Tohumun \u00fczeri kapanacak kadar ince bir tabaka toprak at\u0131l\u0131r.<br \/>\nNemli topra\u011fa ekim yapmak tohumun h\u0131zla \u00e7imlenmesini sa\u011flar. Ekimde toprakta \u00e7\u0131k\u0131\u015f\u0131 sa\u011flayacak kadar nem yoksa ekim sonunda mutlaka sulama yap\u0131lmal\u0131d\u0131r. \u00d6zellikle y\u00fczlek ekilen k\u00fc\u00e7\u00fck taneli tohumlar\u0131 yerlerinden oynatacak tazyikli sulama yap\u0131lmamal\u0131 ve toprak y\u00fczeyinde g\u00f6llenme olu\u015fturulmamal\u0131d\u0131r. S\u0131cak havalarda sulama s\u0131kl\u0131\u011f\u0131 art\u0131r\u0131lmal\u0131d\u0131r. Yabanc\u0131 ot ve zararl\u0131larla m\u00fccadeleye dikkat edilmelidir.<\/p>\n","protected":false},"excerpt":{"rendered":"<p>\u00d6nceden s\u00fcr\u00fclm\u00fc\u015f ya da bellenmi\u015f olan toprak; t\u0131rm\u0131k ya da benzer bir aletle ekim i\u00e7in uygun hale getirilir, ekim yap\u0131lacak alan ihtiyaca g\u00f6re g\u00fcbrelenir, keseksiz d\u00fczg\u00fcn bir toprak y\u00fczeyi olu\u015fturulur. Kuzukula\u011f\u0131 \u00e7ok y\u0131ll\u0131k, \u0131l\u0131man iklim sebzesidir. Il\u0131man iklim b\u00f6lgelerinde t\u00fcm y\u0131l boyunca, so\u011fuk b\u00f6lgelerde ilkbahar ve sonbahar d\u00f6nemleri aras\u0131nda yeti\u015ftirilebilir. Tohum tavl\u0131 topra\u011fa, elenmi\u015f toprak [&hellip;]<\/p>\n","protected":false},"featured_media":25038,"comment_status":"open","ping_status":"closed","template":"","meta":[],"product_cat":[90],"product_tag":[],"class_list":{"0":"post-24398","1":"product","2":"type-product","3":"status-publish","4":"has-post-thumbnail","6":"product_cat-sebze","7":"product_brand-arzuman","9":"first","10":"outofstock","11":"shipping-taxable","12":"purchasable","13":"product-type-simple"},"_links":{"self":[{"href":"https:\/\/hisaronuziraat.com\/index.php\/wp-json\/wp\/v2\/product\/24398","targetHints":{"allow":["GET"]}}],"collection":[{"href":"https:\/\/hisaronuziraat.com\/index.php\/wp-json\/wp\/v2\/product"}],"about":[{"href":"https:\/\/hisaronuziraat.com\/index.php\/wp-json\/wp\/v2\/types\/product"}],"replies":[{"embeddable":true,"href":"https:\/\/hisaronuziraat.com\/index.php\/wp-json\/wp\/v2\/comments?post=24398"}],"wp:featuredmedia":[{"embeddable":true,"href":"https:\/\/hisaronuziraat.com\/index.php\/wp-json\/wp\/v2\/media\/25038"}],"wp:attachment":[{"href":"https:\/\/hisaronuziraat.com\/index.php\/wp-json\/wp\/v2\/media?parent=24398"}],"wp:term":[{"taxonomy":"product_cat","embeddable":true,"href":"https:\/\/hisaronuziraat.com\/index.php\/wp-json\/wp\/v2\/product_cat?post=24398"},{"taxonomy":"product_tag","embeddable":true,"href":"https:\/\/hisaronuziraat.com\/index.php\/wp-json\/wp\/v2\/product_tag?post=24398"}],"curies":[{"name":"wp","href":"https:\/\/api.w.org\/{rel}","templated":true}]}}