{"id":24396,"date":"2022-12-04T22:05:32","date_gmt":"2022-12-04T19:05:32","guid":{"rendered":"https:\/\/hisaronuziraat.com\/site\/?post_type=product&#038;p=24396"},"modified":"2025-11-03T23:13:31","modified_gmt":"2025-11-03T20:13:31","slug":"ince-maydanoz","status":"publish","type":"product","link":"https:\/\/hisaronuziraat.com\/index.php\/urun\/ince-maydanoz\/","title":{"rendered":"\u0130nce Maydanoz 25gr"},"content":{"rendered":"<ul>\n<li>Koyu ye\u015fil renkte olup, ince yaprakl\u0131d\u0131r.<\/li>\n<li>Aromatik yap\u0131ya sahip oldu\u011fu i\u00e7in \u00e7ok kokulu ve bi\u00e7ime k\u0131sa zamanda eri\u015fen, \u00e7ok y\u0131ll\u0131k bir bitkidir.<\/li>\n<li>Pazarda aranan bir \u00e7e\u015fit olup sevkiyata uygundur.<\/li>\n<li>15-20 g\u00fcn i\u00e7erisinde \u00e7imlenmektedir.<\/li>\n<li>Ekim i\u015flemini 30 derece s\u0131cakl\u0131\u011f\u0131n alt\u0131nda oldu\u011fu g\u00fcnlere denk getiriniz.<\/li>\n<\/ul>\n","protected":false},"excerpt":{"rendered":"<p>Koyu ye\u015fil renkte olup, ince yaprakl\u0131d\u0131r. Aromatik yap\u0131ya sahip oldu\u011fu i\u00e7in \u00e7ok kokulu ve bi\u00e7ime k\u0131sa zamanda eri\u015fen, \u00e7ok y\u0131ll\u0131k bir bitkidir. Pazarda aranan bir \u00e7e\u015fit olup sevkiyata uygundur. 15-20 g\u00fcn i\u00e7erisinde \u00e7imlenmektedir. Ekim i\u015flemini 30 derece s\u0131cakl\u0131\u011f\u0131n alt\u0131nda oldu\u011fu g\u00fcnlere denk getiriniz.<\/p>\n","protected":false},"featured_media":25116,"comment_status":"open","ping_status":"closed","template":"","meta":[],"product_cat":[90],"product_tag":[],"class_list":{"0":"post-24396","1":"product","2":"type-product","3":"status-publish","4":"has-post-thumbnail","6":"product_cat-sebze","7":"product_brand-arzuman","9":"first","10":"instock","11":"taxable","12":"shipping-taxable","13":"purchasable","14":"product-type-simple"},"_links":{"self":[{"href":"https:\/\/hisaronuziraat.com\/index.php\/wp-json\/wp\/v2\/product\/24396","targetHints":{"allow":["GET"]}}],"collection":[{"href":"https:\/\/hisaronuziraat.com\/index.php\/wp-json\/wp\/v2\/product"}],"about":[{"href":"https:\/\/hisaronuziraat.com\/index.php\/wp-json\/wp\/v2\/types\/product"}],"replies":[{"embeddable":true,"href":"https:\/\/hisaronuziraat.com\/index.php\/wp-json\/wp\/v2\/comments?post=24396"}],"wp:featuredmedia":[{"embeddable":true,"href":"https:\/\/hisaronuziraat.com\/index.php\/wp-json\/wp\/v2\/media\/25116"}],"wp:attachment":[{"href":"https:\/\/hisaronuziraat.com\/index.php\/wp-json\/wp\/v2\/media?parent=24396"}],"wp:term":[{"taxonomy":"product_cat","embeddable":true,"href":"https:\/\/hisaronuziraat.com\/index.php\/wp-json\/wp\/v2\/product_cat?post=24396"},{"taxonomy":"product_tag","embeddable":true,"href":"https:\/\/hisaronuziraat.com\/index.php\/wp-json\/wp\/v2\/product_tag?post=24396"}],"curies":[{"name":"wp","href":"https:\/\/api.w.org\/{rel}","templated":true}]}}