{"id":24395,"date":"2022-12-04T22:05:32","date_gmt":"2022-12-04T19:05:32","guid":{"rendered":"https:\/\/hisaronuziraat.com\/site\/?post_type=product&#038;p=24395"},"modified":"2025-11-03T23:13:48","modified_gmt":"2025-11-03T20:13:48","slug":"patlican-halep-karasi","status":"publish","type":"product","link":"https:\/\/hisaronuziraat.com\/index.php\/urun\/patlican-halep-karasi\/","title":{"rendered":"Patl\u0131can Halep Karas\u0131 10gr"},"content":{"rendered":"<ul>\n<li>A\u00e7\u0131k tarla yeti\u015ftiricili\u011fine uygundur<\/li>\n<li>Her t\u00fcr topra\u011fa iyi adapte olur<\/li>\n<li>Meyveler \u015fekli silindirik uzun<\/li>\n<li>Meyveler koyu siyah\/mor renklidir<\/li>\n<\/ul>\n","protected":false},"excerpt":{"rendered":"<p>A\u00e7\u0131k tarla yeti\u015ftiricili\u011fine uygundur Her t\u00fcr topra\u011fa iyi adapte olur Meyveler \u015fekli silindirik uzun Meyveler koyu siyah\/mor renklidir<\/p>\n","protected":false},"featured_media":25113,"comment_status":"open","ping_status":"closed","template":"","meta":[],"product_cat":[90],"product_tag":[],"class_list":{"0":"post-24395","1":"product","2":"type-product","3":"status-publish","4":"has-post-thumbnail","6":"product_cat-sebze","7":"product_brand-arzuman","9":"first","10":"outofstock","11":"shipping-taxable","12":"product-type-simple"},"_links":{"self":[{"href":"https:\/\/hisaronuziraat.com\/index.php\/wp-json\/wp\/v2\/product\/24395","targetHints":{"allow":["GET"]}}],"collection":[{"href":"https:\/\/hisaronuziraat.com\/index.php\/wp-json\/wp\/v2\/product"}],"about":[{"href":"https:\/\/hisaronuziraat.com\/index.php\/wp-json\/wp\/v2\/types\/product"}],"replies":[{"embeddable":true,"href":"https:\/\/hisaronuziraat.com\/index.php\/wp-json\/wp\/v2\/comments?post=24395"}],"wp:featuredmedia":[{"embeddable":true,"href":"https:\/\/hisaronuziraat.com\/index.php\/wp-json\/wp\/v2\/media\/25113"}],"wp:attachment":[{"href":"https:\/\/hisaronuziraat.com\/index.php\/wp-json\/wp\/v2\/media?parent=24395"}],"wp:term":[{"taxonomy":"product_cat","embeddable":true,"href":"https:\/\/hisaronuziraat.com\/index.php\/wp-json\/wp\/v2\/product_cat?post=24395"},{"taxonomy":"product_tag","embeddable":true,"href":"https:\/\/hisaronuziraat.com\/index.php\/wp-json\/wp\/v2\/product_tag?post=24395"}],"curies":[{"name":"wp","href":"https:\/\/api.w.org\/{rel}","templated":true}]}}