{"id":24393,"date":"2022-12-04T22:05:32","date_gmt":"2022-12-04T19:05:32","guid":{"rendered":"https:\/\/hisaronuziraat.com\/site\/?post_type=product&amp;p=24393"},"modified":"2022-12-04T22:05:32","modified_gmt":"2022-12-04T19:05:32","slug":"chrysamed-jel","status":"publish","type":"product","link":"https:\/\/hisaronuziraat.com\/index.php\/urun\/chrysamed-jel\/","title":{"rendered":"Chrysamed Jel 35gr"},"content":{"rendered":"<p>Chrysamed Fibron Hamam B\u00f6ce\u011fi Kar\u0131nca Jel 35 Gr &#8220;Ha\u015fere m\u00fccadele ilac\u0131 olan Chrysamed Fibron Hamam B\u00f6ce\u011fi Kar\u0131nca jel 35 Gr ha\u015fere ilac\u0131, s\u0131v\u0131 ha\u015fere ve b\u00f6cek ila\u00e7lar\u0131na g\u00fc\u00e7l\u00fc bir alternatiftir.<br \/>\nG\u0131da \u00fcretim tesislerinde y\u00fcr\u00fct\u00fclecek ha\u015fere ve b\u00f6cek m\u00fccadelesi uygulamalar\u0131 i\u00e7in g\u00fcven bir insektisittir.<br \/>\n\u015e\u0131r\u0131nga i\u00e7erisinde oldu\u011fundan ayr\u0131ca uygulama aparat\u0131na gerek yoktur.<br \/>\nAyr\u0131ca kokulu ve kokusuz y\u00fczey ila\u00e7lar\u0131ndan rahats\u0131z olanlar ve evde bebek oldu\u011fu i\u00e7in ila\u00e7 kullanmaktan \u00e7ekinenler i\u00e7in tavsiye edilir .<br \/>\n\u0130la\u00e7 k\u00fc\u00e7\u00fck \u00e7ocuklar\u0131n ve evcil hayvanlar\u0131n ula\u015famayaca\u011f\u0131 bo\u015fluklara b\u0131rak\u0131ld\u0131\u011f\u0131 i\u00e7in rahatl\u0131kla kullan\u0131l\u0131r.<br \/>\nHastanelerin ila\u00e7lamas\u0131nda en \u00e7ok kullan\u0131lan ila\u00e7 t\u00fcr\u00fcd\u00fcr \u00e7\u00fcnk\u00fc uygulama yap\u0131l\u0131rken hastalar\u0131n \u00e7\u0131kar\u0131lmas\u0131na ve rahats\u0131z edilmesine gerek kalmaz.<br \/>\n&#8220;Ha\u015fere m\u00fccadele ilac\u0131 olan Chrysamed Fibron Hamam B\u00f6ce\u011fi Kar\u0131nca jel 35 Gr ha\u015fere ilac\u0131, s\u0131v\u0131 ha\u015fere ve b\u00f6cek ila\u00e7lar\u0131na g\u00fc\u00e7l\u00fc bir alternatiftir.<br \/>\nG\u0131da \u00fcretim tesislerinde y\u00fcr\u00fct\u00fclecek ha\u015fere ve b\u00f6cek m\u00fccadelesi uygulamalar\u0131 i\u00e7in g\u00fcven bir insektisittir.<br \/>\n\u015e\u0131r\u0131nga i\u00e7erisinde oldu\u011fundan ayr\u0131ca uygulama aparat\u0131na gerek yoktur.<br \/>\nAyr\u0131ca kokulu ve kokusuz y\u00fczey ila\u00e7lar\u0131ndan rahats\u0131z olanlar ve evde bebek oldu\u011fu i\u00e7in ila\u00e7 kullanmaktan \u00e7ekinenler i\u00e7in tavsiye edilir .<br \/>\n\u0130la\u00e7 k\u00fc\u00e7\u00fck \u00e7ocuklar\u0131n ve evcil hayvanlar\u0131n ula\u015famayaca\u011f\u0131 bo\u015fluklara b\u0131rak\u0131ld\u0131\u011f\u0131 i\u00e7in rahatl\u0131kla kullan\u0131l\u0131r.<br \/>\nHastanelerin ila\u00e7lamas\u0131nda en \u00e7ok kullan\u0131lan ila\u00e7 t\u00fcr\u00fcd\u00fcr \u00e7\u00fcnk\u00fc uygulama yap\u0131l\u0131rken hastalar\u0131n \u00e7\u0131kar\u0131lmas\u0131na ve rahats\u0131z edilmesine gerek kalmaz.<\/p>\n<p>Form\u00fclasyon \u015eekli Jel<br \/>\nAktif Madde Fibronil<br \/>\nZararl\u0131 T\u00fcr\u00fc Uygulama Alan\u0131<br \/>\nHamamb\u00f6ce\u011fi nimf ve erginleri, Kar\u0131nca<\/p>\n<p>Mutfak tezgahlar\u0131, dolap ve raf arkalar\u0131, elektrik tesisatlar\u0131, banyo ve su tahliye te\u00e7hizatlar\u0131 ve su borular\u0131 altlar\u0131,duvar k\u00f6\u015feleri ve duvar \u00e7atlaklar\u0131,S\u0131cak ve nemli yerler, mutfak, banyo, bodrum, k\u00fcvet, giysi sepetleri, mutfak buhar bacalar\u0131, kap\u0131 pervaz aralar\u0131, s\u00fcp\u00fcrgelik aralar\u0131, resim arkas\u0131 \u0131\u015f\u0131klar, cihaz motor aralar\u0131, mobilya arkalar\u0131, duvar \u00e7atlaklar\u0131, do\u011falgaz olmayan alanlarda yakacak alanlar\u0131 vb. yerlere uygulan\u0131r.&#8221;<\/p>\n","protected":false},"excerpt":{"rendered":"<p>Chrysamed Fibron Hamam B\u00f6ce\u011fi Kar\u0131nca Jel 35 Gr &#8220;Ha\u015fere m\u00fccadele ilac\u0131 olan Chrysamed Fibron Hamam B\u00f6ce\u011fi Kar\u0131nca jel 35 Gr ha\u015fere ilac\u0131, s\u0131v\u0131 ha\u015fere ve b\u00f6cek ila\u00e7lar\u0131na g\u00fc\u00e7l\u00fc bir alternatiftir. G\u0131da \u00fcretim tesislerinde y\u00fcr\u00fct\u00fclecek ha\u015fere ve b\u00f6cek m\u00fccadelesi uygulamalar\u0131 i\u00e7in g\u00fcven bir insektisittir. \u015e\u0131r\u0131nga i\u00e7erisinde oldu\u011fundan ayr\u0131ca uygulama aparat\u0131na gerek yoktur. Ayr\u0131ca kokulu ve kokusuz [&hellip;]<\/p>\n","protected":false},"featured_media":25101,"comment_status":"open","ping_status":"closed","template":"","meta":[],"product_cat":[96],"product_tag":[],"class_list":{"0":"post-24393","1":"product","2":"type-product","3":"status-publish","4":"has-post-thumbnail","6":"product_cat-halk-sagligi","7":"product_brand-chrysamed","9":"first","10":"instock","11":"shipping-taxable","12":"purchasable","13":"product-type-simple"},"_links":{"self":[{"href":"https:\/\/hisaronuziraat.com\/index.php\/wp-json\/wp\/v2\/product\/24393","targetHints":{"allow":["GET"]}}],"collection":[{"href":"https:\/\/hisaronuziraat.com\/index.php\/wp-json\/wp\/v2\/product"}],"about":[{"href":"https:\/\/hisaronuziraat.com\/index.php\/wp-json\/wp\/v2\/types\/product"}],"replies":[{"embeddable":true,"href":"https:\/\/hisaronuziraat.com\/index.php\/wp-json\/wp\/v2\/comments?post=24393"}],"wp:featuredmedia":[{"embeddable":true,"href":"https:\/\/hisaronuziraat.com\/index.php\/wp-json\/wp\/v2\/media\/25101"}],"wp:attachment":[{"href":"https:\/\/hisaronuziraat.com\/index.php\/wp-json\/wp\/v2\/media?parent=24393"}],"wp:term":[{"taxonomy":"product_cat","embeddable":true,"href":"https:\/\/hisaronuziraat.com\/index.php\/wp-json\/wp\/v2\/product_cat?post=24393"},{"taxonomy":"product_tag","embeddable":true,"href":"https:\/\/hisaronuziraat.com\/index.php\/wp-json\/wp\/v2\/product_tag?post=24393"}],"curies":[{"name":"wp","href":"https:\/\/api.w.org\/{rel}","templated":true}]}}