{"id":24390,"date":"2022-12-04T22:05:32","date_gmt":"2022-12-04T19:05:32","guid":{"rendered":"https:\/\/hisaronuziraat.com\/site\/?post_type=product&amp;p=24390"},"modified":"2022-12-04T22:05:32","modified_gmt":"2022-12-04T19:05:32","slug":"turp-cin","status":"publish","type":"product","link":"https:\/\/hisaronuziraat.com\/index.php\/urun\/turp-cin\/","title":{"rendered":"Turp \u00c7in 10gr"},"content":{"rendered":"<ul>\n<li>Kabuk rengi beyaz olup i\u00e7i k\u0131rm\u0131z\u0131d\u0131r<\/li>\n<li>Meyveleri sert ve i\u00e7i dolgun bir yap\u0131s\u0131 vard\u0131r<\/li>\n<li>Yuvarlak, orta iri, gevrek ve baharl\u0131 bir aromas\u0131 vard\u0131r<\/li>\n<li>Olgunla\u015fma ortalama 45-50 g\u00fcnd\u00fcr<\/li>\n<li>Yaz sonu, sonbahar ba\u015flang\u0131c\u0131nda ekilir<\/li>\n<\/ul>\n","protected":false},"excerpt":{"rendered":"<p>Kabuk rengi beyaz olup i\u00e7i k\u0131rm\u0131z\u0131d\u0131r Meyveleri sert ve i\u00e7i dolgun bir yap\u0131s\u0131 vard\u0131r Yuvarlak, orta iri, gevrek ve baharl\u0131 bir aromas\u0131 vard\u0131r Olgunla\u015fma ortalama 45-50 g\u00fcnd\u00fcr Yaz sonu, sonbahar ba\u015flang\u0131c\u0131nda ekilir<\/p>\n","protected":false},"featured_media":25088,"comment_status":"open","ping_status":"closed","template":"","meta":[],"product_cat":[90],"product_tag":[],"class_list":{"0":"post-24390","1":"product","2":"type-product","3":"status-publish","4":"has-post-thumbnail","6":"product_cat-sebze","7":"product_brand-arzuman","9":"first","10":"instock","11":"shipping-taxable","12":"purchasable","13":"product-type-simple"},"_links":{"self":[{"href":"https:\/\/hisaronuziraat.com\/index.php\/wp-json\/wp\/v2\/product\/24390","targetHints":{"allow":["GET"]}}],"collection":[{"href":"https:\/\/hisaronuziraat.com\/index.php\/wp-json\/wp\/v2\/product"}],"about":[{"href":"https:\/\/hisaronuziraat.com\/index.php\/wp-json\/wp\/v2\/types\/product"}],"replies":[{"embeddable":true,"href":"https:\/\/hisaronuziraat.com\/index.php\/wp-json\/wp\/v2\/comments?post=24390"}],"wp:featuredmedia":[{"embeddable":true,"href":"https:\/\/hisaronuziraat.com\/index.php\/wp-json\/wp\/v2\/media\/25088"}],"wp:attachment":[{"href":"https:\/\/hisaronuziraat.com\/index.php\/wp-json\/wp\/v2\/media?parent=24390"}],"wp:term":[{"taxonomy":"product_cat","embeddable":true,"href":"https:\/\/hisaronuziraat.com\/index.php\/wp-json\/wp\/v2\/product_cat?post=24390"},{"taxonomy":"product_tag","embeddable":true,"href":"https:\/\/hisaronuziraat.com\/index.php\/wp-json\/wp\/v2\/product_tag?post=24390"}],"curies":[{"name":"wp","href":"https:\/\/api.w.org\/{rel}","templated":true}]}}