{"id":24385,"date":"2022-12-04T22:05:27","date_gmt":"2022-12-04T19:05:27","guid":{"rendered":"https:\/\/hisaronuziraat.com\/site\/?post_type=product&#038;p=24385"},"modified":"2025-11-03T23:15:59","modified_gmt":"2025-11-03T20:15:59","slug":"biber-mor-cin","status":"publish","type":"product","link":"https:\/\/hisaronuziraat.com\/index.php\/urun\/biber-mor-cin\/","title":{"rendered":"Biber Mor Cin 5gr"},"content":{"rendered":"<p>Biber \u00e7e\u015fidimiz \u015fekli sebebi ile\u00a0<strong>Mor Cin biber\u00a0<\/strong>ad\u0131n\u0131 almaktad\u0131r. Tad\u0131 ac\u0131 olup; meyve rengi \u00f6nce ye\u015fil sonra mor olarak d\u00f6n\u00fc\u015f\u00fcr. Olgunla\u015fma devam ettik\u00e7e k\u0131rm\u0131z\u0131 rengini almaktad\u0131r.<\/p>\n<p>Meyveleri geli\u015ftik\u00e7e \u00e7i\u00e7ek buketi g\u00f6r\u00fcn\u00fcm\u00fcn\u00fc al\u0131r. <em>S\u00fcs biber<\/em>\u00a0olarak hobi ekicilerin ilgisini \u00e7eken bir \u00e7e\u015fittir.<\/p>\n<p>\u0130lkbahar d\u00f6neminde tohum ekilir ve fide yap\u0131l\u0131r. Geli\u015fen fideler uygun ortamlara aktar\u0131larak b\u00fcy\u00fcmeye b\u0131rak\u0131l\u0131r.<\/p>\n<p>Bah\u00e7e yeti\u015ftiricili\u011fine uygundur.<\/p>\n<p>Bu \u00e7e\u015fit meyveleri k\u00fc\u00e7\u00fck, ince ve ac\u0131 olup s\u00fcs biberi \u00e7e\u015fididir. \u00d6nceden s\u00fcr\u00fclm\u00fc\u015f ya da bellenmi\u015f olan toprak; t\u0131rm\u0131k ya da benzer bir aletle<\/p>\n<p>ekim i\u00e7in uygun hale getirilir, ekim yap\u0131lacak alan tavsiye edilen miktarlarda g\u00fcbrelenir, kesiksiz d\u00fczg\u00fcn bir\u00a0 toprak y\u00fczeyi olu\u015fturulur.<\/p>\n<p><u>Ata tohumu biber<\/u>\u00a0oldu\u011fu i\u00e7in, direkt tohumdan yada fide dikimi ile \u00fcretimi yap\u0131l\u0131r.<\/p>\n<p>Biber \u0131l\u0131k ve s\u0131cak iklim sebzesidir. Tohumdan fide yap\u0131larak \u00fcretim tavsiye edilir.<\/p>\n<p>Tavl\u0131 topra\u011fa 0,5-1 cm derinli\u011fe ekilen tohumlar, sera etkisi sa\u011flamak i\u00e7in tora\u011f\u0131n \u00fczerine naylon vb. \u00f6rt\u00fclmeli. Ekilen tohumlar 7-8 hafta sonra fide olarak yerlerine \u015fa\u015f\u0131rt\u0131l\u0131r.<\/p>\n<p>Ortalama 20-30\u00b0C s\u0131cakl\u0131k bitki geli\u015fimi i\u00e7in uygundur. 80-100 g\u00fcn sonra hasat yap\u0131labilir. Nemli topra\u011fa ekim yapmak tohumun h\u0131zl\u0131 \u00e7imlenmesini sa\u011flar.<\/p>\n<p>\u00d6zellikle y\u00fczlek ekilen k\u00fc\u00e7\u00fck taneli tohumlar\u0131 yerlerinden oynatacak\u00a0 tazyikli sulama yap\u0131lmamal\u0131 ve toprak y\u00fczeyinde g\u00f6llenme olu\u015fturulmamal\u0131d\u0131r.<\/p>\n<p>S\u0131cak havalarda sulama s\u0131kl\u0131\u011f\u0131 art\u0131r\u0131lmal\u0131 ve topra\u011f\u0131n nemli kalmas\u0131na \u00f6zen g\u00f6sterilmelidir.<\/p>\n<p>Yabanc\u0131 ot ve zararl\u0131larla m\u00fccadeleye dikkat edilmelidir.<\/p>\n<p>50 adet tohum\/5 gr&#8217; l\u0131k paketler i\u00e7erisinde vard\u0131r.<\/p>\n","protected":false},"excerpt":{"rendered":"<p>Biber \u00e7e\u015fidimiz \u015fekli sebebi ile\u00a0Mor Cin biber\u00a0ad\u0131n\u0131 almaktad\u0131r. Tad\u0131 ac\u0131 olup; meyve rengi \u00f6nce ye\u015fil sonra mor olarak d\u00f6n\u00fc\u015f\u00fcr. Olgunla\u015fma devam ettik\u00e7e k\u0131rm\u0131z\u0131 rengini almaktad\u0131r. Meyveleri geli\u015ftik\u00e7e \u00e7i\u00e7ek buketi g\u00f6r\u00fcn\u00fcm\u00fcn\u00fc al\u0131r. S\u00fcs biber\u00a0olarak hobi ekicilerin ilgisini \u00e7eken bir \u00e7e\u015fittir. \u0130lkbahar d\u00f6neminde tohum ekilir ve fide yap\u0131l\u0131r. Geli\u015fen fideler uygun ortamlara aktar\u0131larak b\u00fcy\u00fcmeye b\u0131rak\u0131l\u0131r. Bah\u00e7e yeti\u015ftiricili\u011fine [&hellip;]<\/p>\n","protected":false},"featured_media":25145,"comment_status":"open","ping_status":"closed","template":"","meta":[],"product_cat":[90],"product_tag":[],"class_list":{"0":"post-24385","1":"product","2":"type-product","3":"status-publish","4":"has-post-thumbnail","6":"product_cat-sebze","7":"product_brand-arzuman","9":"first","10":"outofstock","11":"shipping-taxable","12":"product-type-simple"},"_links":{"self":[{"href":"https:\/\/hisaronuziraat.com\/index.php\/wp-json\/wp\/v2\/product\/24385","targetHints":{"allow":["GET"]}}],"collection":[{"href":"https:\/\/hisaronuziraat.com\/index.php\/wp-json\/wp\/v2\/product"}],"about":[{"href":"https:\/\/hisaronuziraat.com\/index.php\/wp-json\/wp\/v2\/types\/product"}],"replies":[{"embeddable":true,"href":"https:\/\/hisaronuziraat.com\/index.php\/wp-json\/wp\/v2\/comments?post=24385"}],"wp:featuredmedia":[{"embeddable":true,"href":"https:\/\/hisaronuziraat.com\/index.php\/wp-json\/wp\/v2\/media\/25145"}],"wp:attachment":[{"href":"https:\/\/hisaronuziraat.com\/index.php\/wp-json\/wp\/v2\/media?parent=24385"}],"wp:term":[{"taxonomy":"product_cat","embeddable":true,"href":"https:\/\/hisaronuziraat.com\/index.php\/wp-json\/wp\/v2\/product_cat?post=24385"},{"taxonomy":"product_tag","embeddable":true,"href":"https:\/\/hisaronuziraat.com\/index.php\/wp-json\/wp\/v2\/product_tag?post=24385"}],"curies":[{"name":"wp","href":"https:\/\/api.w.org\/{rel}","templated":true}]}}