{"id":24383,"date":"2022-12-04T22:05:27","date_gmt":"2022-12-04T19:05:27","guid":{"rendered":"https:\/\/hisaronuziraat.com\/site\/?post_type=product&#038;p=24383"},"modified":"2025-11-03T23:14:04","modified_gmt":"2025-11-03T20:14:04","slug":"cilek","status":"publish","type":"product","link":"https:\/\/hisaronuziraat.com\/index.php\/urun\/cilek\/","title":{"rendered":"\u00c7ilek 100 adet"},"content":{"rendered":"<ul>\n<li>Taze olarak t\u00fcketilebilen lezzetli, ho\u015f kokulu bir meyve t\u00fcr\u00fcd\u00fcr.<\/li>\n<li>Y\u00fczeysel k\u00f6k yap\u0131s\u0131na sahip otsu bir bitkidir.<\/li>\n<li>\u00c7i\u00e7ekleri ve meyveleri salk\u0131m \u015feklindedir.<\/li>\n<li>\u00c7ok geni\u015f s\u0131cakl\u0131k de\u011ferleri aras\u0131nda yeti\u015febilen nadir meyve t\u00fcrlerindendir.<\/li>\n<li>Genel olarak; derin, verimli, iyi drene edilmi\u015f, nem tutma kapasitesi y\u00fcksek topraklarda iyi geli\u015fir ve bol \u00fcr\u00fcn verir.<\/li>\n<li>Ekim aylar\u0131; \u015eubat-Mart-Nisan-May\u0131s-Haziran aylar\u0131d\u0131r.<\/li>\n<li>Saks\u0131 ve bah\u00e7e yeti\u015ftiricili\u011fine uygundur.<\/li>\n<\/ul>\n<p>&nbsp;<\/p>\n","protected":false},"excerpt":{"rendered":"<p>Taze olarak t\u00fcketilebilen lezzetli, ho\u015f kokulu bir meyve t\u00fcr\u00fcd\u00fcr. Y\u00fczeysel k\u00f6k yap\u0131s\u0131na sahip otsu bir bitkidir. \u00c7i\u00e7ekleri ve meyveleri salk\u0131m \u015feklindedir. \u00c7ok geni\u015f s\u0131cakl\u0131k de\u011ferleri aras\u0131nda yeti\u015febilen nadir meyve t\u00fcrlerindendir. Genel olarak; derin, verimli, iyi drene edilmi\u015f, nem tutma kapasitesi y\u00fcksek topraklarda iyi geli\u015fir ve bol \u00fcr\u00fcn verir. Ekim aylar\u0131; \u015eubat-Mart-Nisan-May\u0131s-Haziran aylar\u0131d\u0131r. Saks\u0131 ve bah\u00e7e [&hellip;]<\/p>\n","protected":false},"featured_media":25133,"comment_status":"open","ping_status":"closed","template":"","meta":[],"product_cat":[85],"product_tag":[],"class_list":{"0":"post-24383","1":"product","2":"type-product","3":"status-publish","4":"has-post-thumbnail","6":"product_cat-cicek","7":"product_brand-arzuman","9":"first","10":"instock","11":"shipping-taxable","12":"purchasable","13":"product-type-simple"},"_links":{"self":[{"href":"https:\/\/hisaronuziraat.com\/index.php\/wp-json\/wp\/v2\/product\/24383","targetHints":{"allow":["GET"]}}],"collection":[{"href":"https:\/\/hisaronuziraat.com\/index.php\/wp-json\/wp\/v2\/product"}],"about":[{"href":"https:\/\/hisaronuziraat.com\/index.php\/wp-json\/wp\/v2\/types\/product"}],"replies":[{"embeddable":true,"href":"https:\/\/hisaronuziraat.com\/index.php\/wp-json\/wp\/v2\/comments?post=24383"}],"wp:featuredmedia":[{"embeddable":true,"href":"https:\/\/hisaronuziraat.com\/index.php\/wp-json\/wp\/v2\/media\/25133"}],"wp:attachment":[{"href":"https:\/\/hisaronuziraat.com\/index.php\/wp-json\/wp\/v2\/media?parent=24383"}],"wp:term":[{"taxonomy":"product_cat","embeddable":true,"href":"https:\/\/hisaronuziraat.com\/index.php\/wp-json\/wp\/v2\/product_cat?post=24383"},{"taxonomy":"product_tag","embeddable":true,"href":"https:\/\/hisaronuziraat.com\/index.php\/wp-json\/wp\/v2\/product_tag?post=24383"}],"curies":[{"name":"wp","href":"https:\/\/api.w.org\/{rel}","templated":true}]}}