{"id":24382,"date":"2022-12-04T22:05:27","date_gmt":"2022-12-04T19:05:27","guid":{"rendered":"https:\/\/hisaronuziraat.com\/site\/?post_type=product&#038;p=24382"},"modified":"2025-11-03T23:16:14","modified_gmt":"2025-11-03T20:16:14","slug":"lavanta","status":"publish","type":"product","link":"https:\/\/hisaronuziraat.com\/index.php\/urun\/lavanta\/","title":{"rendered":"Lavanta 100 adet"},"content":{"rendered":"<p><strong>Latince \u0130smi:\u00a0<em>Lavandula<\/em><\/strong><\/p>\n<p>Lavanta bir metreye kadar boylanan, \u00e7ok y\u0131ll\u0131k, yar\u0131 \u00e7al\u0131ms\u0131 olup t\u0131bbi ve aromatik bir bitkidir.\u00a0\u00a0Kozmetik ve ya\u011f alan\u0131nda kullan\u0131l\u0131r. Kokusu ve g\u00f6r\u00fcnt\u00fcs\u00fc bak\u0131m\u0131ndan\u00a0 kelebekleri kendine \u00e7eker. Yaz boyu \u00e7i\u00e7ek a\u00e7ar. Toprak konusunda fazla se\u00e7ici olmayan bitki, kire\u00e7 bak\u0131m\u0131ndan zengin, kalkerli ve kuru topraklarda daha iyi yeti\u015fir. S\u0131ca\u011fa kar\u015f\u0131 dayan\u0131kl\u0131 olan lavanta, so\u011fuk ve kurak iklimlerden de etkilenmez. Fakat \u00e7ok sert k\u0131\u015flar\u0131n ge\u00e7ti\u011fi b\u00f6lgelerde, bazen so\u011fuktan zarar g\u00f6rebilir.\u00a0 Bah\u00e7e yeti\u015ftiricili\u011fine uygundur.<\/p>\n<table border=\"1\" cellspacing=\"0\" cellpadding=\"0\">\n<tbody>\n<tr>\n<td>\n<div><strong>Ekim Derinli\u011fi<\/strong><\/div>\n<\/td>\n<td>\n<div>0,5-1 cm<\/div>\n<\/td>\n<\/tr>\n<tr>\n<td>\n<div><strong>Y\u00fckseklik<\/strong><\/div>\n<\/td>\n<td>\n<div>40-60 cm<\/div>\n<\/td>\n<\/tr>\n<tr>\n<td>\n<div><strong>Renk<\/strong><\/div>\n<\/td>\n<td>\n<div>Yapraklar\u0131 ye\u015fil \u00e7i\u00e7ek rengi mor<\/div>\n<\/td>\n<\/tr>\n<tr>\n<td>\n<div><strong>Ekim zaman\u0131<\/strong><\/div>\n<\/td>\n<td>\n<div>Erken ilkbahar<\/div>\n<\/td>\n<\/tr>\n<tr>\n<td>\n<div><strong>Tipi<\/strong><\/div>\n<\/td>\n<td>\n<div>\u00c7ok y\u0131ll\u0131k<\/div>\n<\/td>\n<\/tr>\n<tr>\n<td>\n<div><strong>Tahmini \u00c7imlenme G\u00fcn\u00fc<\/strong><\/div>\n<\/td>\n<td>\n<div>20-25 g\u00fcn<\/div>\n<\/td>\n<\/tr>\n<\/tbody>\n<\/table>\n","protected":false},"excerpt":{"rendered":"<p>Latince \u0130smi:\u00a0Lavandula Lavanta bir metreye kadar boylanan, \u00e7ok y\u0131ll\u0131k, yar\u0131 \u00e7al\u0131ms\u0131 olup t\u0131bbi ve aromatik bir bitkidir.\u00a0\u00a0Kozmetik ve ya\u011f alan\u0131nda kullan\u0131l\u0131r. Kokusu ve g\u00f6r\u00fcnt\u00fcs\u00fc bak\u0131m\u0131ndan\u00a0 kelebekleri kendine \u00e7eker. Yaz boyu \u00e7i\u00e7ek a\u00e7ar. Toprak konusunda fazla se\u00e7ici olmayan bitki, kire\u00e7 bak\u0131m\u0131ndan zengin, kalkerli ve kuru topraklarda daha iyi yeti\u015fir. S\u0131ca\u011fa kar\u015f\u0131 dayan\u0131kl\u0131 olan lavanta, so\u011fuk ve [&hellip;]<\/p>\n","protected":false},"featured_media":25130,"comment_status":"open","ping_status":"closed","template":"","meta":[],"product_cat":[85],"product_tag":[],"class_list":{"0":"post-24382","1":"product","2":"type-product","3":"status-publish","4":"has-post-thumbnail","6":"product_cat-cicek","7":"product_brand-arzuman","9":"first","10":"instock","11":"shipping-taxable","12":"purchasable","13":"product-type-simple"},"_links":{"self":[{"href":"https:\/\/hisaronuziraat.com\/index.php\/wp-json\/wp\/v2\/product\/24382","targetHints":{"allow":["GET"]}}],"collection":[{"href":"https:\/\/hisaronuziraat.com\/index.php\/wp-json\/wp\/v2\/product"}],"about":[{"href":"https:\/\/hisaronuziraat.com\/index.php\/wp-json\/wp\/v2\/types\/product"}],"replies":[{"embeddable":true,"href":"https:\/\/hisaronuziraat.com\/index.php\/wp-json\/wp\/v2\/comments?post=24382"}],"wp:featuredmedia":[{"embeddable":true,"href":"https:\/\/hisaronuziraat.com\/index.php\/wp-json\/wp\/v2\/media\/25130"}],"wp:attachment":[{"href":"https:\/\/hisaronuziraat.com\/index.php\/wp-json\/wp\/v2\/media?parent=24382"}],"wp:term":[{"taxonomy":"product_cat","embeddable":true,"href":"https:\/\/hisaronuziraat.com\/index.php\/wp-json\/wp\/v2\/product_cat?post=24382"},{"taxonomy":"product_tag","embeddable":true,"href":"https:\/\/hisaronuziraat.com\/index.php\/wp-json\/wp\/v2\/product_tag?post=24382"}],"curies":[{"name":"wp","href":"https:\/\/api.w.org\/{rel}","templated":true}]}}